{"id":7452,"date":"2025-05-18T23:50:05","date_gmt":"2025-05-19T07:50:05","guid":{"rendered":"https:\/\/duoruimei.com\/?post_type=product&#038;p=7452"},"modified":"2025-05-19T23:21:28","modified_gmt":"2025-05-20T07:21:28","slug":"keramisk-harborste-med-brun-vildsvinsborst","status":"publish","type":"product","link":"https:\/\/duoruimei.com\/sv\/product\/brown-boar-bristle-ceramic-hairbrush\/","title":{"rendered":"Keramisk h\u00e5rborste med brun vildsvinsborst"},"content":{"rendered":"<p>- Denna bruna h\u00e5rborste med runda h\u00e5l \u00e4r l\u00e4mplig f\u00f6r alla h\u00e5rl\u00e4ngder och texturer, inklusive h\u00e5rf\u00f6rl\u00e4ngningar och peruker.<br data-start=\"163\" data-end=\"166\" \/>- De antistatiska vildsvinsborsten ger en mjuk och volumin\u00f6s styling med minimal anstr\u00e4ngning.<br data-start=\"253\" data-end=\"256\" \/>- Ett perfekt val f\u00f6r professionell salongsanv\u00e4ndning - ett viktigt verktyg f\u00f6r h\u00e5rstylister.<br data-start=\"337\" data-end=\"340\" \/>- Har ett ergonomiskt, halkfritt handtag som ger ett bekv\u00e4mt grepp; h\u00e5llbar och hygienisk med kemikaliebest\u00e4ndighet.<br data-start=\"460\" data-end=\"463\" \/>- Nylonpinnarna ger en skonsam och effektiv h\u00e5rborttagning, medan den f\u00f6rskjutna layouten anpassar sig till h\u00e5rbottens naturliga form.<br data-start=\"579\" data-end=\"582\" \/>- Anpassade logotyper, tryckta m\u00f6nster eller lasergravyr finns tillg\u00e4ngliga. OEM-tj\u00e4nster st\u00f6ds fullt ut.<\/p>\n<p><img fetchpriority=\"high\" decoding=\"async\" class=\"alignnone size-medium wp-image-7456\" src=\"https:\/\/img.duoruimei.com\/2025\/05\/Brown-boar-bristle-ceramic-hairbrush-1-300x300.webp\" alt=\"Keramisk h\u00e5rborste med brun vildsvinsborst\" width=\"300\" height=\"300\" srcset=\"https:\/\/img.duoruimei.com\/2025\/05\/Brown-boar-bristle-ceramic-hairbrush-1-300x300.webp 300w, https:\/\/img.duoruimei.com\/2025\/05\/Brown-boar-bristle-ceramic-hairbrush-1-150x150.webp 150w, https:\/\/img.duoruimei.com\/2025\/05\/Brown-boar-bristle-ceramic-hairbrush-1-100x100.webp 100w, https:\/\/img.duoruimei.com\/2025\/05\/Brown-boar-bristle-ceramic-hairbrush-1.webp 500w\" sizes=\"(max-width: 300px) 100vw, 300px\" \/> <img decoding=\"async\" class=\"alignnone size-medium wp-image-7455\" src=\"https:\/\/img.duoruimei.com\/2025\/05\/Brown-boar-bristle-ceramic-hairbrush-4-300x300.webp\" alt=\"Keramisk h\u00e5rborste med brun vildsvinsborst\" width=\"300\" height=\"300\" srcset=\"https:\/\/img.duoruimei.com\/2025\/05\/Brown-boar-bristle-ceramic-hairbrush-4-300x300.webp 300w, https:\/\/img.duoruimei.com\/2025\/05\/Brown-boar-bristle-ceramic-hairbrush-4-150x150.webp 150w, https:\/\/img.duoruimei.com\/2025\/05\/Brown-boar-bristle-ceramic-hairbrush-4-100x100.webp 100w, https:\/\/img.duoruimei.com\/2025\/05\/Brown-boar-bristle-ceramic-hairbrush-4.webp 500w\" sizes=\"(max-width: 300px) 100vw, 300px\" \/><\/p>\n<p><img decoding=\"async\" class=\"alignnone  wp-image-7472\" src=\"https:\/\/img.duoruimei.com\/2025\/05\/Custom-Ceramic-Hair-Brush-Brochure-44x300.webp\" alt=\"Broschyr om keramisk h\u00e5rborste med tryck\" width=\"600\" height=\"4091\" srcset=\"https:\/\/img.duoruimei.com\/2025\/05\/Custom-Ceramic-Hair-Brush-Brochure-44x300.webp 44w, https:\/\/img.duoruimei.com\/2025\/05\/Custom-Ceramic-Hair-Brush-Brochure-150x1024.webp 150w, https:\/\/img.duoruimei.com\/2025\/05\/Custom-Ceramic-Hair-Brush-Brochure-768x5238.webp 768w, https:\/\/img.duoruimei.com\/2025\/05\/Custom-Ceramic-Hair-Brush-Brochure-600x4092.webp 600w\" sizes=\"(max-width: 600px) 100vw, 600px\" \/><\/p>\n<p>&nbsp;<\/p>","protected":false},"excerpt":{"rendered":"<p class=\"\" data-start=\"58\" data-end=\"238\">Professionell brun rund h\u00e5rborste med borst av vildsvin och nylon. Designad f\u00f6r mjuka blowouts, detangling och volymstyling p\u00e5 alla h\u00e5rtyper. Perfekt f\u00f6r salong eller hemmabruk.<\/p>","protected":false},"featured_media":7455,"comment_status":"open","ping_status":"closed","template":"","meta":{"_seopress_robots_primary_cat":"none","_seopress_titles_title":"","_seopress_titles_desc":"","_seopress_robots_index":""},"product_brand":[],"product_cat":[258],"product_tag":[260,269,270,271,262],"class_list":{"0":"post-7452","1":"product","2":"type-product","3":"status-publish","4":"has-post-thumbnail","6":"product_cat-ceramic-hair-brush","7":"product_tag-boar-and-nylon-bristle-brush","8":"product_tag-brown-round-hair-brush","9":"product_tag-hair-brush-for-extensions-and-wigs","10":"product_tag-professional-vent-styling-brush","11":"product_tag-salon-blowout-brush","13":"first","14":"instock","15":"shipping-taxable","16":"product-type-simple"},"_links":{"self":[{"href":"https:\/\/duoruimei.com\/sv\/wp-json\/wp\/v2\/product\/7452","targetHints":{"allow":["GET"]}}],"collection":[{"href":"https:\/\/duoruimei.com\/sv\/wp-json\/wp\/v2\/product"}],"about":[{"href":"https:\/\/duoruimei.com\/sv\/wp-json\/wp\/v2\/types\/product"}],"replies":[{"embeddable":true,"href":"https:\/\/duoruimei.com\/sv\/wp-json\/wp\/v2\/comments?post=7452"}],"wp:featuredmedia":[{"embeddable":true,"href":"https:\/\/duoruimei.com\/sv\/wp-json\/wp\/v2\/media\/7455"}],"wp:attachment":[{"href":"https:\/\/duoruimei.com\/sv\/wp-json\/wp\/v2\/media?parent=7452"}],"wp:term":[{"taxonomy":"product_brand","embeddable":true,"href":"https:\/\/duoruimei.com\/sv\/wp-json\/wp\/v2\/product_brand?post=7452"},{"taxonomy":"product_cat","embeddable":true,"href":"https:\/\/duoruimei.com\/sv\/wp-json\/wp\/v2\/product_cat?post=7452"},{"taxonomy":"product_tag","embeddable":true,"href":"https:\/\/duoruimei.com\/sv\/wp-json\/wp\/v2\/product_tag?post=7452"}],"curies":[{"name":"wp","href":"https:\/\/api.w.org\/{rel}","templated":true}]}}