{"id":6844,"date":"2025-02-25T23:52:27","date_gmt":"2025-02-26T07:52:27","guid":{"rendered":"https:\/\/duoruimei.com\/?post_type=product&#038;p=6844"},"modified":"2025-02-25T23:53:56","modified_gmt":"2025-02-26T07:53:56","slug":"harrullsset-med-aluminiumkarna","status":"publish","type":"product","link":"https:\/\/duoruimei.com\/sv\/product\/aluminum-core-hair-roller-set\/","title":{"rendered":"H\u00e5rrullsupps\u00e4ttning med aluminiumk\u00e4rna"},"content":{"rendered":"<ul>\n<li data-start=\"49\" data-end=\"262\">\n<p data-start=\"52\" data-end=\"106\"><strong data-start=\"52\" data-end=\"104\">Effektiv v\u00e4rmeledning f\u00f6r l\u00e5ngvariga lockar<\/strong><\/p>\n<ul data-start=\"110\" data-end=\"262\">\n<li data-start=\"110\" data-end=\"262\">Tillverkad med h\u00f6gkvalitativ aluminiumk\u00e4rna, vilket garanterar utm\u00e4rkt v\u00e4rmeledning. Kan anv\u00e4ndas med en h\u00e5rtork f\u00f6r snabbare styling och lockar som h\u00e5ller l\u00e4ngre.<\/li>\n<\/ul>\n<\/li>\n<li data-start=\"264\" data-end=\"499\">\n<p data-start=\"267\" data-end=\"319\"><strong data-start=\"267\" data-end=\"317\">M\u00e5ngsidiga kombinationer f\u00f6r att passa olika behov<\/strong><\/p>\n<ul data-start=\"323\" data-end=\"499\">\n<li data-start=\"323\" data-end=\"416\"><strong data-start=\"325\" data-end=\"340\">Med en kam<\/strong>: Hj\u00e4lper till att j\u00e4mna ut och f\u00f6rdela h\u00e5ret j\u00e4mnt f\u00f6r naturliga, v\u00e4ldefinierade lockar.<\/li>\n<li data-start=\"420\" data-end=\"499\"><strong data-start=\"422\" data-end=\"436\">Med clips<\/strong>: H\u00e5ller rullarna s\u00e4kert p\u00e5 plats f\u00f6r b\u00e4ttre lockresultat.<\/li>\n<\/ul>\n<\/li>\n<li data-start=\"501\" data-end=\"693\">\n<p data-start=\"504\" data-end=\"550\"><strong data-start=\"504\" data-end=\"548\">Anpassningsbar kvantitet och flexibla alternativ<\/strong><\/p>\n<ul data-start=\"554\" data-end=\"693\">\n<li data-start=\"554\" data-end=\"693\">Oavsett om f\u00f6r <strong data-start=\"568\" data-end=\"584\">personligt bruk<\/strong> eller <strong data-start=\"588\" data-end=\"603\">bulk detaljhandel<\/strong>kan antalet rullar, kl\u00e4mmor och kammar anpassas efter specifika behov.<\/li>\n<\/ul>\n<\/li>\n<li data-start=\"695\" data-end=\"858\">\n<p data-start=\"698\" data-end=\"741\"><strong data-start=\"698\" data-end=\"739\">Flera storlekar f\u00f6r olika frisyrer<\/strong><\/p>\n<ul data-start=\"745\" data-end=\"858\">\n<li data-start=\"745\" data-end=\"858\">Finns i stor, medium och liten storlek, l\u00e4mplig f\u00f6r luftlugg, volumin\u00f6sa v\u00e5gor, retrolockar och mycket mer.<\/li>\n<\/ul>\n<\/li>\n<li data-start=\"860\" data-end=\"1065\">\n<p data-start=\"863\" data-end=\"903\"><strong data-start=\"863\" data-end=\"901\">H\u00f6g kvalitet och perfekt f\u00f6r \u00e5terf\u00f6rs\u00e4ljare<\/strong><\/p>\n<ul data-start=\"907\" data-end=\"1065\">\n<li data-start=\"907\" data-end=\"1065\">Som en professionell tillverkare tillhandah\u00e5ller vi <strong data-start=\"952\" data-end=\"979\">alternativ f\u00f6r anpassad varum\u00e4rkesprofilering<\/strong>inklusive logotyptryck, f\u00f6r att hj\u00e4lpa \u00e5terf\u00f6rs\u00e4ljare att skapa unika och konkurrenskraftiga produkter.<\/li>\n<\/ul>\n<\/li>\n<\/ul>\n<h3><span style=\"color: #ee965b;\">Anpassning och leveransdetaljer<\/span><\/h3>\n<p style=\"text-align: left;\"><strong>Prov \uff1a<\/strong>Lager inom 2 dagar. Provtryck 7-10 dagar<\/p>\n<p><strong>Kundanpassade produkter\uff1a.<\/strong>OEM\/ODM<\/p>\n<p><strong>Logotyp\uff1a<\/strong>Anpassad logotyp<\/p>\n<p><strong>Funktion\uff1a<\/strong>H\u00e5rrullar med sj\u00e4lvgrepp f\u00f6r utbl\u00e5sningslook f\u00f6r l\u00e5ngt h\u00e5r<\/p>\n<p><strong>Temperatur\uff1a Temperatur<\/strong>HOT<\/p>\n<p><strong>Leveransf\u00f6rm\u00e5ga \uff1a<\/strong>40K styck \/ stycken per dag<\/p>\n<p><strong>Handelsmetoder\uff1a<\/strong>EXW,FOB,DDP,CIF.<\/p>\n<p><strong>BETALNING \uff1a<\/strong>Paypal, T \/ T, Western Union<\/p>\n<p><strong>Leveranstid\uff1a Leveranstid<\/strong>Lager p\u00e5 7 dagar. Om det \u00e4r anpassat eller stort beror det p\u00e5 best\u00e4llningen<\/p>\n<p><strong>Plats f\u00f6r ursprung \uff1a<\/strong>Guangzhou,Guangdong, Kina<\/p>\n<p><strong>Alla storlekar:<\/strong><br \/>\n25\u00d760MM\uff0c30\u00d760MM\uff0c36\u00d760MM\uff0c40\u00d760MM\uff0c50\u00d760MM\uff0c30MM\u00d780MM,<\/p>\n<p>30MM\u00d790MM,50MM\u00d790MM\uff0c60MM\u00d790MM<\/p>\n<p><strong>F\u00f6rpackningsdetaljer \uff1a<\/strong><br \/>\n80 set\/kartong<br \/>\nkartongstorlek: 50\u00d750\u00d754CM<br \/>\nNettovikt: \/KG<br \/>\nBruttovikt: \/KG<\/p>\n<p><img fetchpriority=\"high\" decoding=\"async\" class=\"alignnone size-medium wp-image-6848\" src=\"https:\/\/img.duoruimei.com\/2025\/02\/Aluminum-core-set-300x240.jpg\" alt=\"Aluminiumk\u00e4rnupps\u00e4ttning\" width=\"300\" height=\"240\" srcset=\"https:\/\/img.duoruimei.com\/2025\/02\/Aluminum-core-set-300x240.jpg 300w, https:\/\/img.duoruimei.com\/2025\/02\/Aluminum-core-set.jpg 500w\" sizes=\"(max-width: 300px) 100vw, 300px\" \/><\/p>\n<p>&nbsp;<\/p>","protected":false},"excerpt":{"rendered":"<div class=\"flex max-w-full flex-col flex-grow\">\n<div class=\"min-h-8 text-message relative flex w-full flex-col items-end gap-2 whitespace-normal break-words text-start [.text-message+&amp;]:mt-5\" dir=\"auto\" data-message-author-role=\"assistant\" data-message-id=\"ef4589a1-291a-4a5a-99a2-5f17f5620bab\" data-message-model-slug=\"gpt-4o\">\n<div class=\"flex w-full flex-col gap-1 empty:hidden first:pt-[3px]\">\n<div class=\"markdown prose w-full break-words dark:prose-invert light\">\n<p data-start=\"0\" data-end=\"142\" data-is-last-node=\"\" data-is-only-node=\"\">Lightweight aluminum core hair rollers with customizable sizes, packaging, and OEM branding\u2014perfect for salons, retailers, and Amazon sellers.<\/p>\n<\/div>\n<\/div>\n<\/div>\n<\/div>\n","protected":false},"featured_media":6849,"comment_status":"open","ping_status":"closed","template":"","meta":{"_seopress_robots_primary_cat":"none","_seopress_titles_title":"","_seopress_titles_desc":"","_seopress_robots_index":""},"product_brand":[],"product_cat":[41],"product_tag":[187,186,188,190,189],"class_list":{"0":"post-6844","1":"product","2":"type-product","3":"status-publish","4":"has-post-thumbnail","6":"product_cat-metal-hair-rollers","7":"product_tag-aluminum-hair-rollers","8":"product_tag-amazon-best-seller","9":"product_tag-metal-hair-rollers","10":"product_tag-no-heat-hair-styling","11":"product_tag-voluminous-curls","13":"first","14":"instock","15":"shipping-taxable","16":"product-type-simple"},"_links":{"self":[{"href":"https:\/\/duoruimei.com\/sv\/wp-json\/wp\/v2\/product\/6844","targetHints":{"allow":["GET"]}}],"collection":[{"href":"https:\/\/duoruimei.com\/sv\/wp-json\/wp\/v2\/product"}],"about":[{"href":"https:\/\/duoruimei.com\/sv\/wp-json\/wp\/v2\/types\/product"}],"replies":[{"embeddable":true,"href":"https:\/\/duoruimei.com\/sv\/wp-json\/wp\/v2\/comments?post=6844"}],"wp:featuredmedia":[{"embeddable":true,"href":"https:\/\/duoruimei.com\/sv\/wp-json\/wp\/v2\/media\/6849"}],"wp:attachment":[{"href":"https:\/\/duoruimei.com\/sv\/wp-json\/wp\/v2\/media?parent=6844"}],"wp:term":[{"taxonomy":"product_brand","embeddable":true,"href":"https:\/\/duoruimei.com\/sv\/wp-json\/wp\/v2\/product_brand?post=6844"},{"taxonomy":"product_cat","embeddable":true,"href":"https:\/\/duoruimei.com\/sv\/wp-json\/wp\/v2\/product_cat?post=6844"},{"taxonomy":"product_tag","embeddable":true,"href":"https:\/\/duoruimei.com\/sv\/wp-json\/wp\/v2\/product_tag?post=6844"}],"curies":[{"name":"wp","href":"https:\/\/api.w.org\/{rel}","templated":true}]}}