{"id":6814,"date":"2025-02-25T02:30:39","date_gmt":"2025-02-25T10:30:39","guid":{"rendered":"https:\/\/duoruimei.com\/?post_type=product&#038;p=6814"},"modified":"2025-02-25T02:37:56","modified_gmt":"2025-02-25T10:37:56","slug":"monokroma-tvattbollar","status":"publish","type":"product","link":"https:\/\/duoruimei.com\/sv\/product\/monochrome-laundry-balls\/","title":{"rendered":"Monokroma tv\u00e4ttbollar"},"content":{"rendered":"<p>Den monokroma tv\u00e4ttbollen \u00e4r s\u00e4rskilt utformad f\u00f6r att ta bort djurh\u00e5r fr\u00e5n kl\u00e4der och f\u00e5ngar effektivt upp p\u00e4ls och ludd under tv\u00e4tten. F\u00f6rutom att den reng\u00f6r kl\u00e4derna bidrar den till att minska ansamlingen av djurh\u00e5r p\u00e5 tygerna, vilket g\u00f6r att tv\u00e4tten k\u00e4nns fr\u00e4sch och ren. Bollen har ocks\u00e5 en m\u00e4ngd olika f\u00e4rger, som kan anpassas helt efter dina \u00f6nskem\u00e5l, vilket ger b\u00e5de funktionalitet och stil till din tv\u00e4ttrutin.<\/p>\n<h3 style=\"text-align: left;\"><span style=\"color: #ee965b;\">Hur man anv\u00e4nder<\/span><\/h3>\n<ul>\n<li data-start=\"83\" data-end=\"181\"><strong data-start=\"83\" data-end=\"103\">Fyll p\u00e5 tv\u00e4ttmaskinen:<\/strong> L\u00e4gg dina kl\u00e4der, s\u00e4rskilt de med djurh\u00e5r, i tv\u00e4ttmaskinen.<\/li>\n<li data-start=\"186\" data-end=\"351\"><strong data-start=\"186\" data-end=\"211\">L\u00e4gg till tv\u00e4ttbollen:<\/strong> L\u00e4gg helt enkelt den svartvita tv\u00e4ttbollen i trumman tillsammans med dina kl\u00e4der. F\u00f6r b\u00e4sta resultat, anv\u00e4nd en eller tv\u00e5 bollar, beroende p\u00e5 lastens storlek.<\/li>\n<li data-start=\"356\" data-end=\"459\"><strong data-start=\"356\" data-end=\"378\">V\u00e4lj tv\u00e4ttcykel:<\/strong> K\u00f6r tv\u00e4ttmaskinen p\u00e5 vanligt eller skonsamt program med vanligt tv\u00e4ttmedel.<\/li>\n<li data-start=\"464\" data-end=\"595\"><strong data-start=\"464\" data-end=\"485\">Torka dina kl\u00e4der:<\/strong> Efter tv\u00e4tten tar du bort kl\u00e4derna och tv\u00e4ttbollen. Du kan lufttorka eller torktumla dina kl\u00e4der som vanligt.<\/li>\n<\/ul>\n<h3><img fetchpriority=\"high\" decoding=\"async\" class=\"alignnone size-medium wp-image-6761\" src=\"https:\/\/img.duoruimei.com\/2025\/02\/laundry-balls-300x297.jpg\" alt=\"Hur man anv\u00e4nder tv\u00e4ttbollar\" width=\"300\" height=\"297\" srcset=\"https:\/\/img.duoruimei.com\/2025\/02\/laundry-balls-300x297.jpg 300w, https:\/\/img.duoruimei.com\/2025\/02\/laundry-balls-150x150.jpg 150w, https:\/\/img.duoruimei.com\/2025\/02\/laundry-balls-768x761.jpg 768w, https:\/\/img.duoruimei.com\/2025\/02\/laundry-balls-600x595.jpg 600w, https:\/\/img.duoruimei.com\/2025\/02\/laundry-balls-100x100.jpg 100w, https:\/\/img.duoruimei.com\/2025\/02\/laundry-balls.jpg 790w\" sizes=\"(max-width: 300px) 100vw, 300px\" \/><\/h3>\n<h3><span style=\"color: #ee965b;\">Detaljer om produkten<\/span><\/h3>\n<p>Prov \uff1a Lager p\u00e5 2 dagar. Korrektur 7-10 dagar<\/p>\n<p>Anpassade produkter\uff1aOEM\/ODM<\/p>\n<p>Logotyp \uff1a Skr\u00e4ddarsydd logotyp<\/p>\n<p>Funktion \uff1a Avl\u00e4gsnar effektivt ludd och djurh\u00e5r, f\u00f6rhindrar trassel och f\u00f6rb\u00e4ttrar reng\u00f6ringsprestandan.<\/p>\n<p>Leveransf\u00f6rm\u00e5ga \uff1a 50K styck \/ bitar per dag<\/p>\n<p>Handelsmetoder:EXW,FOB,DDP,CIF.<\/p>\n<p>BETALNING\uff1aPaypal, T\/T, Western Union<\/p>\n<p>Leveranstid \uff1a Lager inom 7 dagar. Om det \u00e4r anpassat eller stort beror det p\u00e5 best\u00e4llningen<\/p>\n<p>Hamn \uff1a Guangzhou eller Shenzhen<\/p>\n<p>Ursprungsort \uff1a Guangzhou, Guangdong, Kina<\/p>\n<p><strong>Alla storlekar:<\/strong><\/p>\n<p>32MM,55MM<\/p>\n<p><strong>F\u00f6rpackningsdetaljer \uff1a<\/strong><\/p>\n<p>3000 st\/kartong<\/p>\n<p>kartongstorlek: 50\u00d750\u00d754CM<\/p>\n<p>Nettovikt:\/ KG<\/p>\n<p>Bruttovikt:\/ KG<\/p>\n<p><img decoding=\"async\" class=\"alignnone size-medium wp-image-6817\" src=\"https:\/\/img.duoruimei.com\/2025\/02\/Rose-red-laundry-ball-300x300.jpg\" alt=\"Rosar\u00f6d tv\u00e4ttboll\" width=\"300\" height=\"300\" srcset=\"https:\/\/img.duoruimei.com\/2025\/02\/Rose-red-laundry-ball-300x300.jpg 300w, https:\/\/img.duoruimei.com\/2025\/02\/Rose-red-laundry-ball-150x150.jpg 150w, https:\/\/img.duoruimei.com\/2025\/02\/Rose-red-laundry-ball-100x100.jpg 100w, https:\/\/img.duoruimei.com\/2025\/02\/Rose-red-laundry-ball.jpg 500w\" sizes=\"(max-width: 300px) 100vw, 300px\" \/><\/p>","protected":false},"excerpt":{"rendered":"<p>Den monokroma tv\u00e4ttbollen avl\u00e4gsnar djurh\u00e5r och ludd fr\u00e5n kl\u00e4derna. L\u00e4tt att anv\u00e4nda och finns i olika f\u00e4rger med OEM-anpassning f\u00f6r att matcha dina preferenser eller ditt varum\u00e4rke. Perfekt f\u00f6r personligt bruk eller som reklamprodukt!<\/p>","protected":false},"featured_media":6818,"comment_status":"open","ping_status":"closed","template":"","meta":{"_seopress_robots_primary_cat":"none","_seopress_titles_title":"","_seopress_titles_desc":"","_seopress_robots_index":""},"product_brand":[],"product_cat":[151],"product_tag":[179,153,176,177,175,178],"class_list":{"0":"post-6814","1":"product","2":"type-product","3":"status-publish","4":"has-post-thumbnail","6":"product_cat-laundry-wall","7":"product_tag-best-laundry-ball-for-pet-hair","8":"product_tag-laundry-ball","9":"product_tag-laundry-ball-for-pet-hair","10":"product_tag-laundry-ball-to-remove-lint","11":"product_tag-pet-hair-remover","12":"product_tag-washable-laundry-ball","14":"first","15":"instock","16":"shipping-taxable","17":"product-type-simple"},"_links":{"self":[{"href":"https:\/\/duoruimei.com\/sv\/wp-json\/wp\/v2\/product\/6814","targetHints":{"allow":["GET"]}}],"collection":[{"href":"https:\/\/duoruimei.com\/sv\/wp-json\/wp\/v2\/product"}],"about":[{"href":"https:\/\/duoruimei.com\/sv\/wp-json\/wp\/v2\/types\/product"}],"replies":[{"embeddable":true,"href":"https:\/\/duoruimei.com\/sv\/wp-json\/wp\/v2\/comments?post=6814"}],"wp:featuredmedia":[{"embeddable":true,"href":"https:\/\/duoruimei.com\/sv\/wp-json\/wp\/v2\/media\/6818"}],"wp:attachment":[{"href":"https:\/\/duoruimei.com\/sv\/wp-json\/wp\/v2\/media?parent=6814"}],"wp:term":[{"taxonomy":"product_brand","embeddable":true,"href":"https:\/\/duoruimei.com\/sv\/wp-json\/wp\/v2\/product_brand?post=6814"},{"taxonomy":"product_cat","embeddable":true,"href":"https:\/\/duoruimei.com\/sv\/wp-json\/wp\/v2\/product_cat?post=6814"},{"taxonomy":"product_tag","embeddable":true,"href":"https:\/\/duoruimei.com\/sv\/wp-json\/wp\/v2\/product_tag?post=6814"}],"curies":[{"name":"wp","href":"https:\/\/api.w.org\/{rel}","templated":true}]}}