{"id":6753,"date":"2025-02-24T02:19:37","date_gmt":"2025-02-24T10:19:37","guid":{"rendered":"https:\/\/duoruimei.com\/?post_type=product&#038;p=6753"},"modified":"2025-02-24T02:33:47","modified_gmt":"2025-02-24T10:33:47","slug":"tvattboll-med-kardborreband","status":"publish","type":"product","link":"https:\/\/duoruimei.com\/sv\/product\/velcro-laundry-ball\/","title":{"rendered":"Tv\u00e4ttboll med kardborreband"},"content":{"rendered":"<p data-start=\"84\" data-end=\"476\">Under tv\u00e4tten fastnar ofta ludd, djurh\u00e5r och damm p\u00e5 kl\u00e4derna, vilket g\u00f6r dem sv\u00e5ra att f\u00e5 bort. V\u00e5r <strong data-start=\"181\" data-end=\"204\">Tv\u00e4ttboll med kardborreband<\/strong> \u00e4r utformad f\u00f6r att l\u00f6sa detta problem utan anstr\u00e4ngning. Den unika kardborreytan \u00e4r tillverkad av h\u00f6gkvalitativa, milj\u00f6v\u00e4nliga material och f\u00e5ngar effektivt upp h\u00e5r och ludd under tv\u00e4ttcykeln, vilket f\u00f6rhindrar att de f\u00e4ster p\u00e5 tyget igen. Njut av renare och fr\u00e4schare kl\u00e4der vid varje tv\u00e4tt!<\/p>\n<p><strong>Viktiga funktioner<\/strong><\/p>\n<p data-start=\"501\" data-end=\"1083\">\u2714 <strong data-start=\"503\" data-end=\"535\">Kraftfull borttagning av ludd och h\u00e5r<\/strong> - Kardborreytan f\u00e5ngar effektivt upp djurh\u00e5r, ludd och damm och h\u00e5ller dina kl\u00e4der renare.<br data-start=\"633\" data-end=\"636\" \/>\u2714 <strong data-start=\"638\" data-end=\"660\">Design som f\u00f6rhindrar trassel<\/strong> - F\u00f6rhindrar att kl\u00e4derna vrider sig och trasslar sig, vilket minskar slitaget.<br data-start=\"731\" data-end=\"734\" data-is-only-node=\"\" \/>\u2714 <strong data-start=\"736\" data-end=\"769\">F\u00f6rb\u00e4ttrar reng\u00f6ringsprestanda<\/strong> - F\u00f6rb\u00e4ttrar vattenfl\u00f6det och reng\u00f6ringsmedlets intr\u00e4ngning f\u00f6r en effektivare tv\u00e4tt.<br data-start=\"844\" data-end=\"847\" \/>\u2714 <strong data-start=\"849\" data-end=\"871\">H\u00e5llbar och \u00e5teranv\u00e4ndbar<\/strong> - L\u00e5ngvarig och milj\u00f6v\u00e4nlig, minskar avfallet fr\u00e5n eng\u00e5ngsreng\u00f6ringsprodukter.<br data-start=\"954\" data-end=\"957\" \/>\u2714 <strong data-start=\"959\" data-end=\"986\">Universell kompatibilitet<\/strong> - Fungerar med b\u00e5de toppmatade och frontmatade tv\u00e4ttmaskiner, l\u00e4mplig f\u00f6r alla typer av tyger.<\/p>\n<p data-start=\"1085\" data-end=\"1168\" data-is-last-node=\"\" data-is-only-node=\"\"><strong data-start=\"1085\" data-end=\"1168\" data-is-last-node=\"\">G\u00f6r tv\u00e4tten enklare och h\u00e5ll dina kl\u00e4der fr\u00e4schare med Velcro Laundry Ball!<\/strong><\/p>\n<h3><span style=\"color: #ee965b;\">Hur man anv\u00e4nder<\/span><\/h3>\n<p><img fetchpriority=\"high\" decoding=\"async\" class=\"alignnone size-medium wp-image-6760\" src=\"https:\/\/img.duoruimei.com\/2025\/02\/How-to-use-laundry-balls-287x300.jpg\" alt=\"Hur man anv\u00e4nder tv\u00e4ttbollar\" width=\"287\" height=\"300\" srcset=\"https:\/\/img.duoruimei.com\/2025\/02\/How-to-use-laundry-balls-287x300.jpg 287w, https:\/\/img.duoruimei.com\/2025\/02\/How-to-use-laundry-balls-600x627.jpg 600w, https:\/\/img.duoruimei.com\/2025\/02\/How-to-use-laundry-balls.jpg 757w\" sizes=\"(max-width: 287px) 100vw, 287px\" \/> <img decoding=\"async\" class=\"alignnone size-medium wp-image-6761\" src=\"https:\/\/img.duoruimei.com\/2025\/02\/laundry-balls-300x297.jpg\" alt=\"Hur man anv\u00e4nder tv\u00e4ttbollar\" width=\"300\" height=\"297\" srcset=\"https:\/\/img.duoruimei.com\/2025\/02\/laundry-balls-300x297.jpg 300w, https:\/\/img.duoruimei.com\/2025\/02\/laundry-balls-150x150.jpg 150w, https:\/\/img.duoruimei.com\/2025\/02\/laundry-balls-768x761.jpg 768w, https:\/\/img.duoruimei.com\/2025\/02\/laundry-balls-600x595.jpg 600w, https:\/\/img.duoruimei.com\/2025\/02\/laundry-balls-100x100.jpg 100w, https:\/\/img.duoruimei.com\/2025\/02\/laundry-balls.jpg 790w\" sizes=\"(max-width: 300px) 100vw, 300px\" \/><\/p>\n<p><strong>1.Placera i tv\u00e4ttmaskinen<\/strong> - L\u00e4gg 2-4 Velcro Laundry Balls direkt i tv\u00e4ttmaskinen tillsammans med dina kl\u00e4der. F\u00f6r st\u00f6rre tv\u00e4ttar, anv\u00e4nd fler bollar f\u00f6r b\u00e4ttre resultat.<\/p>\n<p><strong>2.Starta tv\u00e4ttcykeln<\/strong> - K\u00f6r ditt vanliga tv\u00e4ttprogram. Kardborreytan drar till sig och f\u00e5ngar upp ludd, djurh\u00e5r och damm under hela tv\u00e4ttcykeln.<\/p>\n<p><strong>3.Ta bort och reng\u00f6r<\/strong> - Efter tv\u00e4tten tar du ut tv\u00e4ttbollarna och avl\u00e4gsnar manuellt h\u00e5r och ludd som fastnat.<\/p>\n<p><strong>4. \u00e5teranv\u00e4ndning<\/strong> - Sk\u00f6lj bollarna med rent vatten om det beh\u00f6vs, l\u00e5t dem lufttorka och \u00e5teranv\u00e4nd dem vid n\u00e4sta tv\u00e4tt.<\/p>\n<p><strong>\u00a0 \u00a0 Tips:<\/strong> F\u00f6r b\u00e4sta resultat, anv\u00e4nd en n\u00e4tp\u00e5se n\u00e4r du tv\u00e4ttar k\u00e4nsliga tyger.<\/p>\n<p data-start=\"46\" data-end=\"227\"><!-- notionvc: c2e64fce-b170-43ea-b7a1-d0031d54bf5b --><\/p>\n<h3 style=\"text-align: left;\"><span style=\"color: #ee965b;\">Detaljer om produkten<\/span><\/h3>\n<p>Prov \uff1a Lager p\u00e5 2 dagar. Korrektur 7-10 dagar<\/p>\n<p>Anpassade produkter\uff1aOEM\/ODM<\/p>\n<p>Logotyp \uff1a Skr\u00e4ddarsydd logotyp<\/p>\n<p>Funktion \uff1a Avl\u00e4gsnar effektivt ludd och djurh\u00e5r, f\u00f6rhindrar trassel och f\u00f6rb\u00e4ttrar reng\u00f6ringsprestandan.<\/p>\n<p>Leveransf\u00f6rm\u00e5ga \uff1a 50K styck \/ bitar per dag<\/p>\n<p>Handelsmetoder:EXW,FOB,DDP,CIF.<\/p>\n<p>BETALNING\uff1aPaypal, T\/T, Western Union<\/p>\n<p>Leveranstid \uff1a Lager inom 7 dagar. Om det \u00e4r anpassat eller stort beror det p\u00e5 best\u00e4llningen<\/p>\n<p>Hamn \uff1a Guangzhou eller Shenzhen<\/p>\n<p>Ursprungsort \uff1a Guangzhou, Guangdong, Kina<\/p>\n<p><strong>Alla storlekar:<\/strong><\/p>\n<p>32MM,55MM<\/p>\n<p><strong>F\u00f6rpackningsdetaljer \uff1a<\/strong><\/p>\n<p>3000 st\/kartong<\/p>\n<p>kartongstorlek: 50\u00d750\u00d754CM<\/p>\n<p>Nettovikt:\/ KG<\/p>\n<p>Bruttovikt:\/ KG<\/p>\n<p><img decoding=\"async\" class=\"alignnone size-medium wp-image-6763\" src=\"https:\/\/img.duoruimei.com\/2025\/02\/\u6d17\u8863\u740330jpg-300x300.jpg\" alt=\"F\u00f6rpackning f\u00f6r tv\u00e4ttbollar\" width=\"300\" height=\"300\" srcset=\"https:\/\/img.duoruimei.com\/2025\/02\/\u6d17\u8863\u740330jpg-300x300.jpg 300w, https:\/\/img.duoruimei.com\/2025\/02\/\u6d17\u8863\u740330jpg-150x150.jpg 150w, https:\/\/img.duoruimei.com\/2025\/02\/\u6d17\u8863\u740330jpg-600x600.jpg 600w, https:\/\/img.duoruimei.com\/2025\/02\/\u6d17\u8863\u740330jpg-100x100.jpg 100w, https:\/\/img.duoruimei.com\/2025\/02\/\u6d17\u8863\u740330jpg.jpg 750w\" sizes=\"(max-width: 300px) 100vw, 300px\" \/><\/p>\n<p><!-- notionvc: 24608952-08ab-4666-9f60-554debf75819 --><\/p>","protected":false},"excerpt":{"rendered":"<p>Avl\u00e4gsnar effektivt ludd, djurh\u00e5r och damm samtidigt som den f\u00f6rhindrar trassel. H\u00e5llbar, milj\u00f6v\u00e4nlig och \u00e5teranv\u00e4ndbar f\u00f6r renare tv\u00e4tt.<\/p>","protected":false},"featured_media":6756,"comment_status":"open","ping_status":"closed","template":"","meta":{"_seopress_robots_primary_cat":"none","_seopress_titles_title":"","_seopress_titles_desc":"","_seopress_robots_index":""},"product_brand":[],"product_cat":[151],"product_tag":[160,153,159,158,161,155,154],"class_list":{"0":"post-6753","1":"product","2":"type-product","3":"status-publish","4":"has-post-thumbnail","6":"product_cat-laundry-wall","7":"product_tag-anti-tangle","8":"product_tag-laundry-ball","9":"product_tag-laundry-essential","10":"product_tag-lint-removal","11":"product_tag-pet-hair-removal","12":"product_tag-velcro-laundry-ball","13":"product_tag-washlng-ball","15":"first","16":"instock","17":"shipping-taxable","18":"product-type-simple"},"_links":{"self":[{"href":"https:\/\/duoruimei.com\/sv\/wp-json\/wp\/v2\/product\/6753","targetHints":{"allow":["GET"]}}],"collection":[{"href":"https:\/\/duoruimei.com\/sv\/wp-json\/wp\/v2\/product"}],"about":[{"href":"https:\/\/duoruimei.com\/sv\/wp-json\/wp\/v2\/types\/product"}],"replies":[{"embeddable":true,"href":"https:\/\/duoruimei.com\/sv\/wp-json\/wp\/v2\/comments?post=6753"}],"wp:featuredmedia":[{"embeddable":true,"href":"https:\/\/duoruimei.com\/sv\/wp-json\/wp\/v2\/media\/6756"}],"wp:attachment":[{"href":"https:\/\/duoruimei.com\/sv\/wp-json\/wp\/v2\/media?parent=6753"}],"wp:term":[{"taxonomy":"product_brand","embeddable":true,"href":"https:\/\/duoruimei.com\/sv\/wp-json\/wp\/v2\/product_brand?post=6753"},{"taxonomy":"product_cat","embeddable":true,"href":"https:\/\/duoruimei.com\/sv\/wp-json\/wp\/v2\/product_cat?post=6753"},{"taxonomy":"product_tag","embeddable":true,"href":"https:\/\/duoruimei.com\/sv\/wp-json\/wp\/v2\/product_tag?post=6753"}],"curies":[{"name":"wp","href":"https:\/\/api.w.org\/{rel}","templated":true}]}}