{"id":135,"date":"2023-09-24T22:41:52","date_gmt":"2023-09-25T06:41:52","guid":{"rendered":"https:\/\/duoruimei.com\/?post_type=product&#038;p=135"},"modified":"2025-08-29T15:50:56","modified_gmt":"2025-08-29T23:50:56","slug":"laddning-magnetisk-datakabel","status":"publish","type":"product","link":"https:\/\/duoruimei.com\/sv\/product\/charging-magnetic-data-cable\/","title":{"rendered":"H\u00e5rrullar av aluminium"},"content":{"rendered":"<p>H\u00c5RRULLARE AV PREMIUMKVALITET: Varje h\u00e5rrulle \u00e4r tillverkad med en v\u00e4rmek\u00e4rna av aluminiumpl\u00e5t som \u00e4r utformad f\u00f6r att f\u00f6rdela v\u00e4rmen j\u00e4mnt, definiera lockarna samtidigt som de kyls och ger l\u00e4ngre varaktig volym med mindre v\u00e4rme.<\/p>\n<p>L\u00c5NGVARIG VOLYM: Genom att l\u00e4gga till lyft till r\u00f6tterna pumpar kardborrrullarna f\u00f6r volymupps\u00e4ttning seri\u00f6s, l\u00e5ngvarig volym och studs i dina v\u00e5gor och lockar. Denna blowout-rullare \u00e4r perfekt f\u00f6r alla h\u00e5rl\u00e4ngder.<\/p>\n<p>L\u00c4TT ATT ANV\u00c4NDA: S\u00e4tt bara i kardborreh\u00e5rrullarna i n\u00e4stan torrt h\u00e5r, v\u00e4rm med en h\u00e5rtork f\u00f6r att v\u00e4rma rullarna och l\u00e5t svalna innan du tar bort dem. Det sj\u00e4lvgreppande kardborrematerialet p\u00e5 varje rulle skapar ett starkt grepp samtidigt som du undviker att dra och skada dina str\u00e4ngar.<\/p>\n<p>KOMPAKT STORLEK: Packa enkelt ner dina h\u00e5rrullar i en \u00f6vernattningsv\u00e4ska s\u00e5 att du kan skapa mjuka lockar eller v\u00e5gor b\u00e5de p\u00e5 spr\u00e5ng och hemma. F\u00f6rpackningen fungerar som en \u00e5teranv\u00e4ndbar p\u00e5se f\u00f6r enkel f\u00f6rvaring och transport hela tiden.<\/p>\n<p><img fetchpriority=\"high\" decoding=\"async\" class=\"alignnone wp-image-3379\" src=\"https:\/\/img.duoruimei.com\/2023\/09\/\u8be6\u60c5\u9875-300x123.jpg\" alt=\"\" width=\"1200\" height=\"492\" srcset=\"https:\/\/img.duoruimei.com\/2023\/09\/\u8be6\u60c5\u9875-300x123.jpg 300w, https:\/\/img.duoruimei.com\/2023\/09\/\u8be6\u60c5\u9875-600x246.jpg 600w, https:\/\/img.duoruimei.com\/2023\/09\/\u8be6\u60c5\u9875-1024x420.jpg 1024w, https:\/\/img.duoruimei.com\/2023\/09\/\u8be6\u60c5\u9875-768x315.jpg 768w, https:\/\/img.duoruimei.com\/2023\/09\/\u8be6\u60c5\u9875.jpg 1464w\" sizes=\"(max-width: 1200px) 100vw, 1200px\" \/><\/p>\n<h3><span style=\"color: #ee965b;\">Hur man anv\u00e4nder<\/span><\/h3>\n<p>-Sektionera ditt h\u00e5r<\/p>\n<p>-Placera rullen vid roten<\/p>\n<p>-Bruska upp\u00e5t<\/p>\n<p>-Rulla ner\u00e5t<\/p>\n<p>-Applicera v\u00e4rme med f\u00f6n och l\u00e5t sitta kvar tills h\u00e5ret \u00e4r helt torrt<\/p>\n<p>-Ta bort rullen genom att f\u00f6rsiktigt dra ut den p\u00e5 sidan av lockarna<\/p>\n<p><img decoding=\"async\" class=\"alignnone wp-image-3380\" src=\"https:\/\/img.duoruimei.com\/2023\/09\/MG_8995_900x-300x200.jpg\" alt=\"\" width=\"600\" height=\"400\" srcset=\"https:\/\/img.duoruimei.com\/2023\/09\/MG_8995_900x-300x200.jpg 300w, https:\/\/img.duoruimei.com\/2023\/09\/MG_8995_900x-600x400.jpg 600w, https:\/\/img.duoruimei.com\/2023\/09\/MG_8995_900x-768x512.jpg 768w, https:\/\/img.duoruimei.com\/2023\/09\/MG_8995_900x.jpg 900w\" sizes=\"(max-width: 600px) 100vw, 600px\" \/><\/p>\n<h3 style=\"text-align: left;\"><span style=\"color: #ee965b;\">Detaljer om produkten<\/span><\/h3>\n<p style=\"text-align: left;\"><strong>Prov \uff1a<\/strong>Lager inom 2 dagar. Provtryck 7-10 dagar<\/p>\n<p><strong>Kundanpassade produkter\uff1a.<\/strong>OEM\/ODM<\/p>\n<p><strong>Logotyp\uff1a<\/strong>Anpassad logotyp<\/p>\n<p><strong>Funktion\uff1a<\/strong>H\u00e5rrullar med sj\u00e4lvgrepp f\u00f6r utbl\u00e5sningslook f\u00f6r l\u00e5ngt h\u00e5r<\/p>\n<p><strong>Temperatur\uff1a Temperatur<\/strong>HOT<\/p>\n<p><strong>Leveransf\u00f6rm\u00e5ga \uff1a<\/strong>40K styck \/ stycken per dag<\/p>\n<p><strong>Handelsmetoder\uff1a<\/strong>EXW,FOB,DDP,CIF.<\/p>\n<p><strong>BETALNING \uff1a<\/strong>Paypal, T \/ T, Western Union<\/p>\n<p><strong>Leveranstid\uff1a Leveranstid<\/strong>Lager p\u00e5 7 dagar. Om det \u00e4r anpassat eller stort beror det p\u00e5 best\u00e4llningen<\/p>\n<p><strong>Plats f\u00f6r ursprung \uff1a<\/strong>Guangzhou,Guangdong, Kina<\/p>\n<p><strong>Alla storlekar:<\/strong><br \/>\n25\u00d760MM\uff0c30\u00d760MM\uff0c36\u00d760MM\uff0c40\u00d760MM\uff0c50\u00d760MM\uff0c30MM\u00d780MM,<\/p>\n<p>30MM\u00d790MM,50MM\u00d790MM\uff0c60MM\u00d790MM<\/p>\n<p><strong>F\u00f6rpackningsdetaljer \uff1a<\/strong><br \/>\n80 set\/kartong<br \/>\nkartongstorlek: 50\u00d750\u00d754CM<br \/>\nNetto vikt: KG<br \/>\nBruttovikt: KG<\/p>\n<p><img decoding=\"async\" class=\"alignnone size-medium wp-image-5430\" src=\"https:\/\/img.duoruimei.com\/2024\/11\/\u672a\u6807\u9898-11-\u526f\u672c-\u526f\u672c-300x193.jpg\" alt=\"H\u00e5rrullar med kardborreband-H\u00e5rrullar av metall\" width=\"300\" height=\"193\" srcset=\"https:\/\/img.duoruimei.com\/2024\/11\/\u672a\u6807\u9898-11-\u526f\u672c-\u526f\u672c-300x193.jpg 300w, https:\/\/img.duoruimei.com\/2024\/11\/\u672a\u6807\u9898-11-\u526f\u672c-\u526f\u672c-1024x658.jpg 1024w, https:\/\/img.duoruimei.com\/2024\/11\/\u672a\u6807\u9898-11-\u526f\u672c-\u526f\u672c-768x494.jpg 768w, https:\/\/img.duoruimei.com\/2024\/11\/\u672a\u6807\u9898-11-\u526f\u672c-\u526f\u672c-600x386.jpg 600w, https:\/\/img.duoruimei.com\/2024\/11\/\u672a\u6807\u9898-11-\u526f\u672c-\u526f\u672c.jpg 1400w\" sizes=\"(max-width: 300px) 100vw, 300px\" \/> <img loading=\"lazy\" decoding=\"async\" class=\"alignnone size-medium wp-image-6321\" src=\"https:\/\/img.duoruimei.com\/2024\/12\/Aluminum-core-hair-roller-barrel-factory-300x193.webp\" alt=\"H\u00e5rrullar av metall Partihandel\" width=\"300\" height=\"193\" srcset=\"https:\/\/img.duoruimei.com\/2024\/12\/Aluminum-core-hair-roller-barrel-factory-300x193.webp 300w, https:\/\/img.duoruimei.com\/2024\/12\/Aluminum-core-hair-roller-barrel-factory-768x495.webp 768w, https:\/\/img.duoruimei.com\/2024\/12\/Aluminum-core-hair-roller-barrel-factory-600x387.webp 600w, https:\/\/img.duoruimei.com\/2024\/12\/Aluminum-core-hair-roller-barrel-factory.webp 900w\" sizes=\"(max-width: 300px) 100vw, 300px\" \/><\/p>\n<p>&nbsp;<\/p>","protected":false},"excerpt":{"rendered":"<p>V\u00e5ra kunder st\u00e5r i centrum f\u00f6r allt vi g\u00f6r, och vi vill vara den mest attraktiva partnern i v\u00e5ra kunders \u00f6gon.<\/p>","protected":false},"featured_media":7147,"comment_status":"open","ping_status":"closed","template":"","meta":{"_seopress_robots_primary_cat":"none","_seopress_titles_title":"","_seopress_titles_desc":"","_seopress_robots_index":""},"product_brand":[],"product_cat":[41],"product_tag":[135,133,137,136,134,145,146],"class_list":{"0":"post-135","1":"product","2":"type-product","3":"status-publish","4":"has-post-thumbnail","6":"product_cat-metal-hair-rollers","7":"product_tag-china-hair-clips","8":"product_tag-china-hair-roller","9":"product_tag-hair-brush","10":"product_tag-hair-comb","11":"product_tag-hair-curlers","12":"product_tag-metal-hair-curler","13":"product_tag-metal-hair-roller","15":"first","16":"instock","17":"shipping-taxable","18":"product-type-simple"},"_links":{"self":[{"href":"https:\/\/duoruimei.com\/sv\/wp-json\/wp\/v2\/product\/135","targetHints":{"allow":["GET"]}}],"collection":[{"href":"https:\/\/duoruimei.com\/sv\/wp-json\/wp\/v2\/product"}],"about":[{"href":"https:\/\/duoruimei.com\/sv\/wp-json\/wp\/v2\/types\/product"}],"replies":[{"embeddable":true,"href":"https:\/\/duoruimei.com\/sv\/wp-json\/wp\/v2\/comments?post=135"}],"wp:featuredmedia":[{"embeddable":true,"href":"https:\/\/duoruimei.com\/sv\/wp-json\/wp\/v2\/media\/7147"}],"wp:attachment":[{"href":"https:\/\/duoruimei.com\/sv\/wp-json\/wp\/v2\/media?parent=135"}],"wp:term":[{"taxonomy":"product_brand","embeddable":true,"href":"https:\/\/duoruimei.com\/sv\/wp-json\/wp\/v2\/product_brand?post=135"},{"taxonomy":"product_cat","embeddable":true,"href":"https:\/\/duoruimei.com\/sv\/wp-json\/wp\/v2\/product_cat?post=135"},{"taxonomy":"product_tag","embeddable":true,"href":"https:\/\/duoruimei.com\/sv\/wp-json\/wp\/v2\/product_tag?post=135"}],"curies":[{"name":"wp","href":"https:\/\/api.w.org\/{rel}","templated":true}]}}