{"id":132,"date":"2023-09-24T22:41:52","date_gmt":"2023-09-25T06:41:52","guid":{"rendered":"https:\/\/duoruimei.com\/?post_type=product&#038;p=132"},"modified":"2024-10-10T22:40:32","modified_gmt":"2024-10-11T06:40:32","slug":"portable-bluetooth-5-0-headset","status":"publish","type":"product","link":"https:\/\/duoruimei.com\/sv\/product\/portable-bluetooth-5-0-headset\/","title":{"rendered":"V\u00e4rmel\u00f6s h\u00e5rrullare med mjuk svamp"},"content":{"rendered":"<p>Den v\u00e4rmel\u00f6sa lazy person curling stick \u00e4r mjuk och kan krulla alla v\u00e5giga former. Inget behov av uppv\u00e4rmning eller inkoppling, s\u00e4ker att anv\u00e4nda och inte begr\u00e4nsad av milj\u00f6scenarier, redo att anv\u00e4ndas n\u00e4r som helst. Det finns m\u00e5nga f\u00e4rger f\u00f6r lockiga h\u00e5rpinnar, och du kan v\u00e4lja din favoritf\u00e4rg enligt dina \u00f6nskem\u00e5l. Den lockiga h\u00e5rpinnen levereras med ett klipp, och en produkt kan ha flera funktioner.vity.<\/p>\n<p><img fetchpriority=\"high\" decoding=\"async\" class=\"alignnone wp-image-3410\" src=\"https:\/\/img.duoruimei.com\/2023\/09\/\u8be6\u60c5\u98752-6-300x123.jpg\" alt=\"\" width=\"1200\" height=\"492\" srcset=\"https:\/\/img.duoruimei.com\/2023\/09\/\u8be6\u60c5\u98752-6-300x123.jpg 300w, https:\/\/img.duoruimei.com\/2023\/09\/\u8be6\u60c5\u98752-6-600x246.jpg 600w, https:\/\/img.duoruimei.com\/2023\/09\/\u8be6\u60c5\u98752-6-1024x420.jpg 1024w, https:\/\/img.duoruimei.com\/2023\/09\/\u8be6\u60c5\u98752-6-768x315.jpg 768w, https:\/\/img.duoruimei.com\/2023\/09\/\u8be6\u60c5\u98752-6.jpg 1464w\" sizes=\"(max-width: 1200px) 100vw, 1200px\" \/><\/p>\n<h3><span style=\"color: #ee965b;\">Hur man anv\u00e4nder<\/span><\/h3>\n<p>-Ta en liten m\u00e4ngd halvtorrt h\u00e5r, snurra det genom att vrida h\u00e5ret<\/p>\n<p>-Fr\u00e5n insidan b\u00f6rjade i h\u00e5ret<\/p>\n<p>-F\u00e4st bandet i b\u00e5da \u00e4ndarna, vrid eller vik<\/p>\n<p>-Efter att rullarna har satt sig bra.n\u00e4r h\u00e5ret \u00e4r torrt, ta bort lockarna<\/p>\n<p><img decoding=\"async\" class=\"alignnone wp-image-3412\" src=\"https:\/\/img.duoruimei.com\/2023\/09\/Main-04-1-300x300.jpg\" alt=\"\" width=\"400\" height=\"400\" srcset=\"https:\/\/img.duoruimei.com\/2023\/09\/Main-04-1-300x300.jpg 300w, https:\/\/img.duoruimei.com\/2023\/09\/Main-04-1-100x100.jpg 100w, https:\/\/img.duoruimei.com\/2023\/09\/Main-04-1-600x600.jpg 600w, https:\/\/img.duoruimei.com\/2023\/09\/Main-04-1-150x150.jpg 150w, https:\/\/img.duoruimei.com\/2023\/09\/Main-04-1-768x768.jpg 768w, https:\/\/img.duoruimei.com\/2023\/09\/Main-04-1.jpg 1024w\" sizes=\"(max-width: 400px) 100vw, 400px\" \/><\/p>\n<h3 style=\"text-align: left;\"><span style=\"color: #ee965b;\">Detaljer om produkten<\/span><\/h3>\n<p style=\"text-align: left;\"><strong>Prov \uff1a<\/strong>Lager inom 2 dagar. Provtryck 7-10 dagar<\/p>\n<p><strong>Kundanpassade produkter\uff1a.<\/strong>OEM\/ODM<\/p>\n<p><strong>Logotyp\uff1a<\/strong>Anpassad logotyp<\/p>\n<p><strong>Funktion\uff1a<\/strong>En pinne f\u00f6r lockigt h\u00e5r f\u00f6r hemmabruk<\/p>\n<p><strong>Temperatur\uff1a Temperatur<\/strong><\/p>\n<p><strong>Leveransf\u00f6rm\u00e5ga \uff1a<\/strong>40K styck \/ stycken per dag<\/p>\n<p><strong>Handelsmetoder\uff1a<\/strong>EXW,FOB,DDP,CIF.<\/p>\n<p><strong>BETALNING \uff1a<\/strong>Paypal, T \/ T, Western Union<\/p>\n<p><strong>Leveranstid\uff1a Leveranstid<\/strong>Lager p\u00e5 7 dagar. Om det \u00e4r anpassat eller stort beror det p\u00e5 best\u00e4llningen<\/p>\n<p><strong>Hamn\uff1a<\/strong>Guangzhou eller Shenzhen<\/p>\n<p><strong>Plats f\u00f6r ursprung \uff1a<\/strong>Guangzhou,Guangdong, Kina<\/p>\n<p><strong>F\u00f6rpackningsdetaljer \uff1a<\/strong><br \/>\n80set\/carton<br \/>\ncarton size: 60\u00d750\u00d740CM<br \/>\nNettovikt: 7 KG<br \/>\nBruttovikt: 8 KG<\/p>\n<p>&nbsp;<\/p>","protected":false},"excerpt":{"rendered":"<p>V\u00e5ra kunder st\u00e5r i centrum f\u00f6r allt vi g\u00f6r, och vi vill vara den mest attraktiva partnern i v\u00e5ra kunders \u00f6gon.<\/p>","protected":false},"featured_media":4066,"comment_status":"open","ping_status":"closed","template":"","meta":{"_seopress_robots_primary_cat":"none","_seopress_titles_title":"","_seopress_titles_desc":"","_seopress_robots_index":""},"product_brand":[],"product_cat":[44],"product_tag":[140,133,138,137,136],"class_list":{"0":"post-132","1":"product","2":"type-product","3":"status-publish","4":"has-post-thumbnail","6":"product_cat-sleeping-gilk-hair-roller","7":"product_tag-accessory-supplier","8":"product_tag-china-hair-roller","9":"product_tag-hair-accessory-supplier","10":"product_tag-hair-brush","11":"product_tag-hair-comb","13":"first","14":"instock","15":"shipping-taxable","16":"product-type-simple"},"_links":{"self":[{"href":"https:\/\/duoruimei.com\/sv\/wp-json\/wp\/v2\/product\/132","targetHints":{"allow":["GET"]}}],"collection":[{"href":"https:\/\/duoruimei.com\/sv\/wp-json\/wp\/v2\/product"}],"about":[{"href":"https:\/\/duoruimei.com\/sv\/wp-json\/wp\/v2\/types\/product"}],"replies":[{"embeddable":true,"href":"https:\/\/duoruimei.com\/sv\/wp-json\/wp\/v2\/comments?post=132"}],"wp:featuredmedia":[{"embeddable":true,"href":"https:\/\/duoruimei.com\/sv\/wp-json\/wp\/v2\/media\/4066"}],"wp:attachment":[{"href":"https:\/\/duoruimei.com\/sv\/wp-json\/wp\/v2\/media?parent=132"}],"wp:term":[{"taxonomy":"product_brand","embeddable":true,"href":"https:\/\/duoruimei.com\/sv\/wp-json\/wp\/v2\/product_brand?post=132"},{"taxonomy":"product_cat","embeddable":true,"href":"https:\/\/duoruimei.com\/sv\/wp-json\/wp\/v2\/product_cat?post=132"},{"taxonomy":"product_tag","embeddable":true,"href":"https:\/\/duoruimei.com\/sv\/wp-json\/wp\/v2\/product_tag?post=132"}],"curies":[{"name":"wp","href":"https:\/\/api.w.org\/{rel}","templated":true}]}}