{"id":131,"date":"2023-09-24T22:41:52","date_gmt":"2023-09-25T06:41:52","guid":{"rendered":"https:\/\/duoruimei.com\/?post_type=product&#038;p=131"},"modified":"2024-11-14T02:59:04","modified_gmt":"2024-11-14T10:59:04","slug":"tws-wireless-earbuds-noise-cancelling","status":"publish","type":"product","link":"https:\/\/duoruimei.com\/sv\/product\/tws-wireless-earbuds-noise-cancelling\/","title":{"rendered":"Flexibla lockstavar f\u00f6r h\u00e5r"},"content":{"rendered":"<p>No Damage to your Hair: These heatless hair curlers are safe to wear during sleep, and will help you achieve the curls that you desire with no heat damage to your hair.<br \/>\nEasy to Use: Effortlessly create pretty curls at home with wet or dry hair. You can sleep or go about your daily tasks while wearing them. Wet hair &amp; blowdryer yields instant curls.<\/p>\n<p><img fetchpriority=\"high\" decoding=\"async\" class=\"alignnone wp-image-3418\" src=\"https:\/\/img.duoruimei.com\/2023\/09\/\u8be6\u60c5\u98752-7-300x123.jpg\" alt=\"Flexibla lockstavar f\u00f6r h\u00e5r\" width=\"1200\" height=\"492\" srcset=\"https:\/\/img.duoruimei.com\/2023\/09\/\u8be6\u60c5\u98752-7-300x123.jpg 300w, https:\/\/img.duoruimei.com\/2023\/09\/\u8be6\u60c5\u98752-7-600x246.jpg 600w, https:\/\/img.duoruimei.com\/2023\/09\/\u8be6\u60c5\u98752-7-1024x420.jpg 1024w, https:\/\/img.duoruimei.com\/2023\/09\/\u8be6\u60c5\u98752-7-768x315.jpg 768w, https:\/\/img.duoruimei.com\/2023\/09\/\u8be6\u60c5\u98752-7.jpg 1464w\" sizes=\"(max-width: 1200px) 100vw, 1200px\" \/><\/p>\n<h3><span style=\"color: #ee965b;\">Hur man anv\u00e4nder<\/span><\/h3>\n<p>\u2022COMB<\/p>\n<p>\u2022WRAP<\/p>\n<p>\u2022TWIST<\/p>\n<p>\u2022UNROLL<\/p>\n<p><img decoding=\"async\" class=\"alignnone wp-image-3457 size-medium\" src=\"https:\/\/duoruimei.com\/wp-content\/uploads\/2023\/09\/\u5f39\u529b\u53d1\u67605-300x300.jpg\" alt=\"rullh\u00e5r\" width=\"300\" height=\"300\" srcset=\"https:\/\/duoruimei.com\/wp-content\/uploads\/2023\/09\/\u5f39\u529b\u53d1\u67605-300x300.jpg 300w, https:\/\/duoruimei.com\/wp-content\/uploads\/2023\/09\/\u5f39\u529b\u53d1\u67605-100x100.jpg 100w, https:\/\/duoruimei.com\/wp-content\/uploads\/2023\/09\/\u5f39\u529b\u53d1\u67605-600x600.jpg 600w, https:\/\/duoruimei.com\/wp-content\/uploads\/2023\/09\/\u5f39\u529b\u53d1\u67605-150x150.jpg 150w, https:\/\/duoruimei.com\/wp-content\/uploads\/2023\/09\/\u5f39\u529b\u53d1\u67605-768x768.jpg 768w, https:\/\/duoruimei.com\/wp-content\/uploads\/2023\/09\/\u5f39\u529b\u53d1\u67605.jpg 800w\" sizes=\"(max-width: 300px) 100vw, 300px\" \/> <img decoding=\"async\" class=\"alignnone wp-image-3458 size-medium\" src=\"https:\/\/img.duoruimei.com\/2023\/09\/\u5e95\u56fe-300x300.jpg\" alt=\" h\u00e5rrullar \" width=\"300\" height=\"300\" srcset=\"https:\/\/img.duoruimei.com\/2023\/09\/\u5e95\u56fe-300x300.jpg 300w, https:\/\/img.duoruimei.com\/2023\/09\/\u5e95\u56fe-100x100.jpg 100w, https:\/\/img.duoruimei.com\/2023\/09\/\u5e95\u56fe-600x600.jpg 600w, https:\/\/img.duoruimei.com\/2023\/09\/\u5e95\u56fe-150x150.jpg 150w, https:\/\/img.duoruimei.com\/2023\/09\/\u5e95\u56fe-768x768.jpg 768w, https:\/\/img.duoruimei.com\/2023\/09\/\u5e95\u56fe.jpg 800w\" sizes=\"(max-width: 300px) 100vw, 300px\" \/><\/p>\n<h3 style=\"text-align: left;\"><span style=\"color: #ee965b;\">Detaljer om produkten<\/span><\/h3>\n<p style=\"text-align: left;\"><strong>Prov \uff1a<\/strong>Lager inom 2 dagar. Provtryck 7-10 dagar<\/p>\n<p><strong>Kundanpassade produkter\uff1a.<\/strong>OEM\/ODM<\/p>\n<p><strong>Logotyp\uff1a<\/strong>Anpassad logotyp<\/p>\n<p><strong>Funktion\uff1a<\/strong>En pinne f\u00f6r lockigt h\u00e5r f\u00f6r hemmabruk<\/p>\n<p><strong>Temperatur\uff1a Temperatur<\/strong><\/p>\n<p><strong>Leveransf\u00f6rm\u00e5ga \uff1a<\/strong>40K styck \/ stycken per dag<\/p>\n<p><strong>Handelsmetoder\uff1a<\/strong>EXW,FOB,DDP,CIF.<\/p>\n<p><strong>BETALNING \uff1a<\/strong>Paypal, T \/ T, Western Union<\/p>\n<p><strong>Leveranstid\uff1a Leveranstid<\/strong>Lager p\u00e5 7 dagar. Om det \u00e4r anpassat eller stort beror det p\u00e5 best\u00e4llningen<\/p>\n<p><strong>Hamn\uff1a<\/strong>Guangzhou eller Shenzhen<\/p>\n<p><strong>Plats f\u00f6r ursprung \uff1a<\/strong>Guangzhou,Guangdong, Kina<\/p>\n<p><strong>F\u00f6rpackningsdetaljer \uff1a<\/strong><br \/>\n18 bag\/carton<br \/>\ncarton size: 47\u00d742\u00d748CM<br \/>\nNet weight: 9 KG<br \/>\nGross weight: 10 KG<\/p>\n<p><img loading=\"lazy\" decoding=\"async\" class=\"alignnone wp-image-3453 size-medium\" src=\"https:\/\/img.duoruimei.com\/2023\/09\/\u5f39\u529b\u53d1\u67601-1-300x300.jpg\" alt=\"rulla f\u00f6r h\u00e5r\" width=\"300\" height=\"300\" srcset=\"https:\/\/img.duoruimei.com\/2023\/09\/\u5f39\u529b\u53d1\u67601-1-300x300.jpg 300w, https:\/\/img.duoruimei.com\/2023\/09\/\u5f39\u529b\u53d1\u67601-1-100x100.jpg 100w, https:\/\/img.duoruimei.com\/2023\/09\/\u5f39\u529b\u53d1\u67601-1-600x600.jpg 600w, https:\/\/img.duoruimei.com\/2023\/09\/\u5f39\u529b\u53d1\u67601-1-150x150.jpg 150w, https:\/\/img.duoruimei.com\/2023\/09\/\u5f39\u529b\u53d1\u67601-1-768x768.jpg 768w, https:\/\/img.duoruimei.com\/2023\/09\/\u5f39\u529b\u53d1\u67601-1.jpg 800w\" sizes=\"(max-width: 300px) 100vw, 300px\" \/><\/p>","protected":false},"excerpt":{"rendered":"<p>V\u00e5ra kunder st\u00e5r i centrum f\u00f6r allt vi g\u00f6r, och vi vill vara den mest attraktiva partnern i v\u00e5ra kunders \u00f6gon.<\/p>","protected":false},"featured_media":3453,"comment_status":"open","ping_status":"closed","template":"","meta":{"_seopress_robots_primary_cat":"none","_seopress_titles_title":"","_seopress_titles_desc":"","_seopress_robots_index":""},"product_brand":[],"product_cat":[44],"product_tag":[135,133,137,136,134],"class_list":{"0":"post-131","1":"product","2":"type-product","3":"status-publish","4":"has-post-thumbnail","6":"product_cat-sleeping-gilk-hair-roller","7":"product_tag-china-hair-clips","8":"product_tag-china-hair-roller","9":"product_tag-hair-brush","10":"product_tag-hair-comb","11":"product_tag-hair-curlers","13":"first","14":"instock","15":"shipping-taxable","16":"product-type-simple"},"_links":{"self":[{"href":"https:\/\/duoruimei.com\/sv\/wp-json\/wp\/v2\/product\/131","targetHints":{"allow":["GET"]}}],"collection":[{"href":"https:\/\/duoruimei.com\/sv\/wp-json\/wp\/v2\/product"}],"about":[{"href":"https:\/\/duoruimei.com\/sv\/wp-json\/wp\/v2\/types\/product"}],"replies":[{"embeddable":true,"href":"https:\/\/duoruimei.com\/sv\/wp-json\/wp\/v2\/comments?post=131"}],"wp:featuredmedia":[{"embeddable":true,"href":"https:\/\/duoruimei.com\/sv\/wp-json\/wp\/v2\/media\/3453"}],"wp:attachment":[{"href":"https:\/\/duoruimei.com\/sv\/wp-json\/wp\/v2\/media?parent=131"}],"wp:term":[{"taxonomy":"product_brand","embeddable":true,"href":"https:\/\/duoruimei.com\/sv\/wp-json\/wp\/v2\/product_brand?post=131"},{"taxonomy":"product_cat","embeddable":true,"href":"https:\/\/duoruimei.com\/sv\/wp-json\/wp\/v2\/product_cat?post=131"},{"taxonomy":"product_tag","embeddable":true,"href":"https:\/\/duoruimei.com\/sv\/wp-json\/wp\/v2\/product_tag?post=131"}],"curies":[{"name":"wp","href":"https:\/\/api.w.org\/{rel}","templated":true}]}}