{"id":125,"date":"2023-09-24T22:38:24","date_gmt":"2023-09-25T06:38:24","guid":{"rendered":"https:\/\/duoruimei.com\/?post_type=product&#038;p=125"},"modified":"2024-11-14T02:52:51","modified_gmt":"2024-11-14T10:52:51","slug":"tradlosa-stereohorlurar","status":"publish","type":"product","link":"https:\/\/duoruimei.com\/sv\/product\/wireless-stereo-headphone\/","title":{"rendered":"V\u00e4rmel\u00f6s h\u00e5rrullare med mjuk svamp"},"content":{"rendered":"<p>Kuddeh\u00e5rrullar - Mjuka svamph\u00e5rrullar speciellt f\u00f6r s\u00f6mn i. skumrullar sparar dina stora pengar och tid f\u00f6r salong l\u00e4tt att anv\u00e4nda. spraya bara lite h\u00e5rspray p\u00e5 torrt h\u00e5r innan du b\u00f6rjar. lockig h\u00e5rv\u00e5g \u3001 vattenh\u00e5rv\u00e5g \u3001 kropps- eller strandh\u00e5rv\u00e5g \u3001 l\u00f6s v\u00e5g sm\u00e5 eller st\u00f6rre stylingkit, det mesta av salongens frisyr kan du g\u00f6ra hemma sj\u00e4lv.<br \/>\n\u00d6ver natten flicka h\u00e5r rullar - natt tid rullar f\u00f6r h\u00e5r med ingen indragning m\u00e4rken l\u00e4mnar. natt h\u00e5r rullar f\u00f6r l\u00e5ng \u3001 medelstor storlek h\u00e5r. sova i h\u00e5r rullar g\u00f6r att du kan sova hela natten.<br \/>\nInga v\u00e4rme sovande h\u00e5rrullar - Satin t\u00e4ckta h\u00e5rrullar gjorda i flexibel skumsvamp skyddar h\u00e5ret utan skador. h\u00f6g elasticitet dacron dra och vika godtyckligt.<br \/>\nReserullar f\u00f6r h\u00e5r - N\u00e4r och var som helst alltid l\u00e4tt att anv\u00e4nda utan h\u00e5rkl\u00e4mma och passar f\u00f6r alla h\u00e5rtyper.<\/p>\n<h3><span style=\"color: #ee965b;\">Hur man anv\u00e4nder<\/span><\/h3>\n<p>-Ta en liten m\u00e4ngd halvtorrt h\u00e5r, snurra det genom att vrida h\u00e5ret<\/p>\n<p>-Fr\u00e5n insidan b\u00f6rjade i h\u00e5ret<\/p>\n<p>-F\u00e4st bandet i b\u00e5da \u00e4ndarna, vrid eller vik<\/p>\n<p>-Efter att rullarna har satt sig bra.n\u00e4r h\u00e5ret \u00e4r torrt, ta bort lockarna<\/p>\n<p><img fetchpriority=\"high\" decoding=\"async\" class=\"alignnone wp-image-3427 size-medium\" src=\"https:\/\/img.duoruimei.com\/2023\/09\/\u8be6\u60c5-04-300x300.jpg\" alt=\"h\u00e5rvals\" width=\"300\" height=\"300\" srcset=\"https:\/\/img.duoruimei.com\/2023\/09\/\u8be6\u60c5-04-300x300.jpg 300w, https:\/\/img.duoruimei.com\/2023\/09\/\u8be6\u60c5-04-100x100.jpg 100w, https:\/\/img.duoruimei.com\/2023\/09\/\u8be6\u60c5-04-600x600.jpg 600w, https:\/\/img.duoruimei.com\/2023\/09\/\u8be6\u60c5-04-1024x1024.jpg 1024w, https:\/\/img.duoruimei.com\/2023\/09\/\u8be6\u60c5-04-150x150.jpg 150w, https:\/\/img.duoruimei.com\/2023\/09\/\u8be6\u60c5-04-768x768.jpg 768w, https:\/\/img.duoruimei.com\/2023\/09\/\u8be6\u60c5-04.jpg 1500w\" sizes=\"(max-width: 300px) 100vw, 300px\" \/> <img decoding=\"async\" class=\"alignnone wp-image-3428 size-medium\" src=\"https:\/\/img.duoruimei.com\/2023\/09\/\u8be6\u60c5-07-1-300x300.jpg\" alt=\"h\u00e5rrullar\" width=\"300\" height=\"300\" srcset=\"https:\/\/img.duoruimei.com\/2023\/09\/\u8be6\u60c5-07-1-300x300.jpg 300w, https:\/\/img.duoruimei.com\/2023\/09\/\u8be6\u60c5-07-1-100x100.jpg 100w, https:\/\/img.duoruimei.com\/2023\/09\/\u8be6\u60c5-07-1-600x600.jpg 600w, https:\/\/img.duoruimei.com\/2023\/09\/\u8be6\u60c5-07-1-1024x1024.jpg 1024w, https:\/\/img.duoruimei.com\/2023\/09\/\u8be6\u60c5-07-1-150x150.jpg 150w, https:\/\/img.duoruimei.com\/2023\/09\/\u8be6\u60c5-07-1-768x768.jpg 768w, https:\/\/img.duoruimei.com\/2023\/09\/\u8be6\u60c5-07-1.jpg 1500w\" sizes=\"(max-width: 300px) 100vw, 300px\" \/><\/p>\n<h3 style=\"text-align: left;\"><span style=\"color: #ee965b;\">Detaljer om produkten<\/span><\/h3>\n<p style=\"text-align: left;\"><strong>Prov \uff1a<\/strong>Lager inom 2 dagar. Provtryck 7-10 dagar<\/p>\n<p><strong>Kundanpassade produkter\uff1a.<\/strong>OEM\/ODM<\/p>\n<p><strong>Logotyp\uff1a<\/strong>Anpassad logotyp<\/p>\n<p><strong>Funktion\uff1a<\/strong>En pinne f\u00f6r lockigt h\u00e5r f\u00f6r hemmabruk<\/p>\n<p><strong>Temperatur\uff1a Temperatur<\/strong><\/p>\n<p><strong>Leveransf\u00f6rm\u00e5ga \uff1a<\/strong>40K styck \/ stycken per dag<\/p>\n<p><strong>Handelsmetoder\uff1a<\/strong>EXW,FOB,DDP,CIF.<\/p>\n<p><strong>BETALNING \uff1a<\/strong>Paypal, T \/ T, Western Union<\/p>\n<p><strong>Leveranstid\uff1a Leveranstid<\/strong>Lager p\u00e5 7 dagar. Om det \u00e4r anpassat eller stort beror det p\u00e5 best\u00e4llningen<\/p>\n<p><strong>Hamn\uff1a<\/strong>Guangzhou eller Shenzhen<\/p>\n<p><strong>Plats f\u00f6r ursprung \uff1a<\/strong>Guangzhou,Guangdong, Kina<\/p>\n<p><strong>F\u00f6rpackningsdetaljer \uff1a<\/strong><br \/>\n1000 st\/kartong<br \/>\nkartongstorlek: 55\u00d741\u00d739CM<br \/>\nNettovikt: 6 KG<br \/>\nBruttovikt: 7 KG<\/p>\n<p><img decoding=\"async\" class=\"alignnone wp-image-3429\" src=\"https:\/\/img.duoruimei.com\/2023\/09\/Main-06-300x300.jpg\" alt=\"rullh\u00e5r\" width=\"400\" height=\"400\" srcset=\"https:\/\/img.duoruimei.com\/2023\/09\/Main-06-300x300.jpg 300w, https:\/\/img.duoruimei.com\/2023\/09\/Main-06-100x100.jpg 100w, https:\/\/img.duoruimei.com\/2023\/09\/Main-06-600x600.jpg 600w, https:\/\/img.duoruimei.com\/2023\/09\/Main-06-150x150.jpg 150w, https:\/\/img.duoruimei.com\/2023\/09\/Main-06-768x768.jpg 768w, https:\/\/img.duoruimei.com\/2023\/09\/Main-06.jpg 1000w\" sizes=\"(max-width: 400px) 100vw, 400px\" \/><\/p>\n<p>&nbsp;<\/p>","protected":false},"excerpt":{"rendered":"<p>V\u00e5ra kunder st\u00e5r i centrum f\u00f6r allt vi g\u00f6r, och vi vill vara den mest attraktiva partnern i v\u00e5ra kunders \u00f6gon.<\/p>","protected":false},"featured_media":3430,"comment_status":"open","ping_status":"closed","template":"","meta":{"_seopress_robots_primary_cat":"none","_seopress_titles_title":"","_seopress_titles_desc":"","_seopress_robots_index":""},"product_brand":[],"product_cat":[44],"product_tag":[133,136,134],"class_list":{"0":"post-125","1":"product","2":"type-product","3":"status-publish","4":"has-post-thumbnail","6":"product_cat-sleeping-gilk-hair-roller","7":"product_tag-china-hair-roller","8":"product_tag-hair-comb","9":"product_tag-hair-curlers","11":"first","12":"instock","13":"shipping-taxable","14":"product-type-simple"},"_links":{"self":[{"href":"https:\/\/duoruimei.com\/sv\/wp-json\/wp\/v2\/product\/125","targetHints":{"allow":["GET"]}}],"collection":[{"href":"https:\/\/duoruimei.com\/sv\/wp-json\/wp\/v2\/product"}],"about":[{"href":"https:\/\/duoruimei.com\/sv\/wp-json\/wp\/v2\/types\/product"}],"replies":[{"embeddable":true,"href":"https:\/\/duoruimei.com\/sv\/wp-json\/wp\/v2\/comments?post=125"}],"wp:featuredmedia":[{"embeddable":true,"href":"https:\/\/duoruimei.com\/sv\/wp-json\/wp\/v2\/media\/3430"}],"wp:attachment":[{"href":"https:\/\/duoruimei.com\/sv\/wp-json\/wp\/v2\/media?parent=125"}],"wp:term":[{"taxonomy":"product_brand","embeddable":true,"href":"https:\/\/duoruimei.com\/sv\/wp-json\/wp\/v2\/product_brand?post=125"},{"taxonomy":"product_cat","embeddable":true,"href":"https:\/\/duoruimei.com\/sv\/wp-json\/wp\/v2\/product_cat?post=125"},{"taxonomy":"product_tag","embeddable":true,"href":"https:\/\/duoruimei.com\/sv\/wp-json\/wp\/v2\/product_tag?post=125"}],"curies":[{"name":"wp","href":"https:\/\/api.w.org\/{rel}","templated":true}]}}