{"id":7649,"date":"2025-06-09T23:52:34","date_gmt":"2025-06-10T07:52:34","guid":{"rendered":"https:\/\/duoruimei.com\/?post_type=product&#038;p=7649"},"modified":"2025-08-29T15:57:49","modified_gmt":"2025-08-29T23:57:49","slug":"fabryczne-metalowe-walki-do-wlosow","status":"publish","type":"product","link":"https:\/\/duoruimei.com\/pl\/product\/factory-direct-metal-hair-rollers\/","title":{"rendered":"Metalowe wa\u0142ki do w\u0142os\u00f3w Factory Direct"},"content":{"rendered":"<p data-start=\"142\" data-end=\"533\">Podnie\u015b sw\u00f3j biznes dzi\u0119ki naszym <strong data-start=\"173\" data-end=\"205\">Hurtownia metalowych wa\u0142k\u00f3w do w\u0142os\u00f3w<\/strong>Zaprojektowane z my\u015bl\u0105 o zam\u00f3wieniach hurtowych i dostosowane do potrzeb Twojej marki. Idealne dla salon\u00f3w, dostawc\u00f3w kosmetyk\u00f3w i sprzedawc\u00f3w, nasze wa\u0142ki zapewniaj\u0105 wysokiej jako\u015bci narz\u0119dzia do stylizacji, kt\u00f3re s\u0105 trwa\u0142e. Wykonane z wytrzyma\u0142ego metalu przewodz\u0105cego ciep\u0142o i nierysuj\u0105cego nylonowego w\u0142osia, wa\u0142ki te s\u0105 idealne do uzyskania obszernych lok\u00f3w i g\u0142adkiego wyko\u0144czenia za ka\u017cdym razem.<\/p>\n<h4 data-start=\"535\" data-end=\"554\"><strong>Kluczowe cechy<\/strong><\/h4>\n<ul data-start=\"556\" data-end=\"956\">\n<li data-start=\"556\" data-end=\"629\">\n<p data-start=\"558\" data-end=\"629\"><strong data-start=\"558\" data-end=\"581\">Metalowy rdze\u0144 Premium:<\/strong> Utrwala loki i zapewnia d\u0142ugotrwa\u0142\u0105 obj\u0119to\u015b\u0107.<\/p>\n<\/li>\n<li data-start=\"630\" data-end=\"718\">\n<p data-start=\"632\" data-end=\"718\"><strong data-start=\"632\" data-end=\"658\">G\u0142adkie w\u0142osie nylonowe:<\/strong> Zaprojektowany, aby bezpiecznie trzyma\u0107 w\u0142osy bez ci\u0105gni\u0119cia lub uszkadzania.<\/p>\n<\/li>\n<li data-start=\"719\" data-end=\"798\">\n<p data-start=\"721\" data-end=\"798\"><strong data-start=\"721\" data-end=\"743\">Wentylowana konstrukcja:<\/strong> Optymalizuje przep\u0142yw powietrza dla szybkiego suszenia i utrzymania lok\u00f3w.<\/p>\n<\/li>\n<li data-start=\"799\" data-end=\"897\">\n<p data-start=\"801\" data-end=\"897\"><strong data-start=\"801\" data-end=\"824\">Konfigurowalne rozmiary:<\/strong> Dostosowane do tworzenia ma\u0142ych, \u015brednich lub du\u017cych lok\u00f3w zgodnie z potrzebami klienta.<\/p>\n<\/li>\n<li data-start=\"898\" data-end=\"956\">\n<p data-start=\"900\" data-end=\"956\"><strong data-start=\"900\" data-end=\"921\">Niepl\u0105cz\u0105cy si\u0119 uchwyt:<\/strong> \u0141atwa w u\u017cyciu, bez zaczepiania w\u0142os\u00f3w.<\/p>\n<\/li>\n<\/ul>\n<p data-start=\"958\" data-end=\"1102\">Idealny dla profesjonalnych stylist\u00f3w i sprzedawc\u00f3w detalicznych, kt\u00f3rzy chc\u0105 zaopatrzy\u0107 si\u0119 w produkty ciesz\u0105ce si\u0119 du\u017cym popytem, kt\u00f3re zwi\u0119kszaj\u0105 zadowolenie klient\u00f3w i usprawniaj\u0105 us\u0142ugi salonowe.<\/p>\n<h3><span style=\"color: #ee965b;\">Dostosowanie i szczeg\u00f3\u0142y dostawy<\/span><\/h3>\n<p data-start=\"1149\" data-end=\"1404\">W Duorimei oferujemy <strong data-start=\"1171\" data-end=\"1193\">Pe\u0142na personalizacja<\/strong> w przypadku zam\u00f3wie\u0144 hurtowych, aby dopasowa\u0107 si\u0119 do unikalnych potrzeb Twojej firmy. Dzi\u0119ki ponad 30-letniemu do\u015bwiadczeniu jako wiod\u0105cy producent, zarz\u0105dzamy ka\u017cdym aspektem produkcji, aby zapewni\u0107 najwy\u017csze standardy jako\u015bci i szybk\u0105 dostaw\u0119.<\/p>\n<h4 data-start=\"1406\" data-end=\"1427\"><strong>Opcje niestandardowe<\/strong><\/h4>\n<ul data-start=\"1429\" data-end=\"1768\">\n<li data-start=\"1429\" data-end=\"1514\">\n<p data-start=\"1431\" data-end=\"1514\"><strong data-start=\"1431\" data-end=\"1455\">Personalizacja kolor\u00f3w:<\/strong> Wybierz dowolny kolor, dostosowany do Twojego brandingu.<\/p>\n<\/li>\n<li data-start=\"1515\" data-end=\"1607\">\n<p data-start=\"1517\" data-end=\"1607\"><strong data-start=\"1517\" data-end=\"1535\">Marka w\u0142asna:<\/strong> Nadruk logo i nazwy marki na rolkach lub opakowaniu (obowi\u0105zuje MOQ).<\/p>\n<\/li>\n<li data-start=\"1608\" data-end=\"1692\">\n<p data-start=\"1610\" data-end=\"1692\"><strong data-start=\"1610\" data-end=\"1632\">Wyb\u00f3r opakowania:<\/strong> Niestandardowe opcje pakowania, w tym materia\u0142y przyjazne dla \u015brodowiska.<\/p>\n<\/li>\n<li data-start=\"1693\" data-end=\"1768\">\n<p data-start=\"1695\" data-end=\"1768\"><strong data-start=\"1695\" data-end=\"1722\">Dodatkowe akcesoria:<\/strong> Dodaj klipsy lub inne akcesoria do swojego zam\u00f3wienia.<\/p>\n<\/li>\n<\/ul>\n<h4 data-start=\"1770\" data-end=\"1796\"><strong>Dostawa i wysy\u0142ka<\/strong><\/h4>\n<ul data-start=\"789\" data-end=\"1101\">\n<li data-start=\"789\" data-end=\"838\">\n<p data-start=\"791\" data-end=\"838\"><strong data-start=\"791\" data-end=\"809\">Minimalne zam\u00f3wienie:<\/strong> 200 zestaw\u00f3w na rozmiar lub kolor<\/p>\n<\/li>\n<li data-start=\"839\" data-end=\"918\">\n<p data-start=\"841\" data-end=\"918\"><strong data-start=\"841\" data-end=\"861\">Czas produkcji:<\/strong> 15-25 dni w zale\u017cno\u015bci od wielko\u015bci zam\u00f3wienia i personalizacji<\/p>\n<\/li>\n<li data-start=\"919\" data-end=\"1038\">\n<p data-start=\"921\" data-end=\"942\"><strong data-start=\"921\" data-end=\"940\">Warunki wysy\u0142ki:<\/strong><\/p>\n<ul data-start=\"945\" data-end=\"1038\">\n<li data-start=\"945\" data-end=\"989\">\n<p data-start=\"947\" data-end=\"989\">FOB od <strong data-start=\"956\" data-end=\"968\">Shenzhen<\/strong><\/p>\n<\/li>\n<li data-start=\"992\" data-end=\"1038\">\n<p data-start=\"994\" data-end=\"1038\">EXW dost\u0119pne do odbioru przez klienta<\/p>\n<\/li>\n<\/ul>\n<\/li>\n<li data-start=\"1039\" data-end=\"1101\">\n<p data-start=\"1041\" data-end=\"1101\"><strong data-start=\"1041\" data-end=\"1053\">Pr\u00f3bki:<\/strong> Dost\u0119pne do wysy\u0142ki w ci\u0105gu 3-5 dni roboczych<\/p>\n<\/li>\n<\/ul>\n<p data-start=\"1103\" data-end=\"1177\">Wysy\u0142amy na ca\u0142y \u015bwiat i w razie potrzeby wspieramy za\u0142adunek kontener\u00f3w innymi towarami.<\/p>","protected":false},"excerpt":{"rendered":"<p>Fabrycznie metalowe lok\u00f3wki o wysokiej retencji ciep\u0142a, dost\u0119pne w wielu rozmiarach i kolorach dla nabywc\u00f3w hurtowych.<\/p>","protected":false},"featured_media":8114,"comment_status":"open","ping_status":"closed","template":"","meta":{"_seopress_robots_primary_cat":"none","_seopress_titles_title":"","_seopress_titles_desc":"","_seopress_robots_index":""},"product_brand":[],"product_cat":[41],"product_tag":[365,364,188,363,166],"class_list":{"0":"post-7649","1":"product","2":"type-product","3":"status-publish","4":"has-post-thumbnail","6":"product_cat-metal-hair-rollers","7":"product_tag-custom-hair-styling-tools","8":"product_tag-heat-retention-curlers","9":"product_tag-metal-hair-rollers","10":"product_tag-salon-curling-tools","11":"product_tag-wholesale-hair-rollers","13":"first","14":"instock","15":"shipping-taxable","16":"product-type-simple"},"_links":{"self":[{"href":"https:\/\/duoruimei.com\/pl\/wp-json\/wp\/v2\/product\/7649","targetHints":{"allow":["GET"]}}],"collection":[{"href":"https:\/\/duoruimei.com\/pl\/wp-json\/wp\/v2\/product"}],"about":[{"href":"https:\/\/duoruimei.com\/pl\/wp-json\/wp\/v2\/types\/product"}],"replies":[{"embeddable":true,"href":"https:\/\/duoruimei.com\/pl\/wp-json\/wp\/v2\/comments?post=7649"}],"wp:featuredmedia":[{"embeddable":true,"href":"https:\/\/duoruimei.com\/pl\/wp-json\/wp\/v2\/media\/8114"}],"wp:attachment":[{"href":"https:\/\/duoruimei.com\/pl\/wp-json\/wp\/v2\/media?parent=7649"}],"wp:term":[{"taxonomy":"product_brand","embeddable":true,"href":"https:\/\/duoruimei.com\/pl\/wp-json\/wp\/v2\/product_brand?post=7649"},{"taxonomy":"product_cat","embeddable":true,"href":"https:\/\/duoruimei.com\/pl\/wp-json\/wp\/v2\/product_cat?post=7649"},{"taxonomy":"product_tag","embeddable":true,"href":"https:\/\/duoruimei.com\/pl\/wp-json\/wp\/v2\/product_tag?post=7649"}],"curies":[{"name":"wp","href":"https:\/\/api.w.org\/{rel}","templated":true}]}}