{"id":7452,"date":"2025-05-18T23:50:05","date_gmt":"2025-05-19T07:50:05","guid":{"rendered":"https:\/\/duoruimei.com\/?post_type=product&#038;p=7452"},"modified":"2025-05-19T23:21:28","modified_gmt":"2025-05-20T07:21:28","slug":"brazowa-ceramiczna-szczotka-do-wlosow-z-wlosia-dzika","status":"publish","type":"product","link":"https:\/\/duoruimei.com\/pl\/product\/brown-boar-bristle-ceramic-hairbrush\/","title":{"rendered":"Br\u0105zowa ceramiczna szczotka do w\u0142os\u00f3w z w\u0142osia dzika"},"content":{"rendered":"<p>- Ta br\u0105zowa szczotka do w\u0142os\u00f3w z okr\u0105g\u0142ym otworem nadaje si\u0119 do wszystkich d\u0142ugo\u015bci i tekstur w\u0142os\u00f3w, w tym w\u0142os\u00f3w przed\u0142u\u017canych i peruk.<br data-start=\"163\" data-end=\"166\" \/>- Antystatyczne w\u0142osie dzika zapewnia g\u0142adk\u0105, obszern\u0105 stylizacj\u0119 przy minimalnym wysi\u0142ku.<br data-start=\"253\" data-end=\"256\" \/>- Idealny wyb\u00f3r do profesjonalnego u\u017cytku w salonie fryzjerskim - niezb\u0119dne narz\u0119dzie dla fryzjer\u00f3w.<br data-start=\"337\" data-end=\"340\" \/>- Posiada ergonomiczny, antypo\u015blizgowy uchwyt, kt\u00f3ry zapewnia wygodny chwyt; trwa\u0142y i higieniczny, odporny na chemikalia.<br data-start=\"460\" data-end=\"463\" \/>- Nylonowe szpilki zapewniaj\u0105 delikatne i skuteczne rozczesywanie, a roz\u0142o\u017cony uk\u0142ad dopasowuje si\u0119 do naturalnego kszta\u0142tu sk\u00f3ry g\u0142owy.<br data-start=\"579\" data-end=\"582\" \/>- Dost\u0119pne s\u0105 niestandardowe logo, nadruki lub grawerowanie laserowe. Us\u0142ugi OEM s\u0105 w pe\u0142ni obs\u0142ugiwane.<\/p>\n<p><img fetchpriority=\"high\" decoding=\"async\" class=\"alignnone size-medium wp-image-7456\" src=\"https:\/\/img.duoruimei.com\/2025\/05\/Brown-boar-bristle-ceramic-hairbrush-1-300x300.webp\" alt=\"Br\u0105zowa ceramiczna szczotka do w\u0142os\u00f3w z w\u0142osia dzika\" width=\"300\" height=\"300\" srcset=\"https:\/\/img.duoruimei.com\/2025\/05\/Brown-boar-bristle-ceramic-hairbrush-1-300x300.webp 300w, https:\/\/img.duoruimei.com\/2025\/05\/Brown-boar-bristle-ceramic-hairbrush-1-150x150.webp 150w, https:\/\/img.duoruimei.com\/2025\/05\/Brown-boar-bristle-ceramic-hairbrush-1-100x100.webp 100w, https:\/\/img.duoruimei.com\/2025\/05\/Brown-boar-bristle-ceramic-hairbrush-1.webp 500w\" sizes=\"(max-width: 300px) 100vw, 300px\" \/> <img decoding=\"async\" class=\"alignnone size-medium wp-image-7455\" src=\"https:\/\/img.duoruimei.com\/2025\/05\/Brown-boar-bristle-ceramic-hairbrush-4-300x300.webp\" alt=\"Br\u0105zowa ceramiczna szczotka do w\u0142os\u00f3w z w\u0142osia dzika\" width=\"300\" height=\"300\" srcset=\"https:\/\/img.duoruimei.com\/2025\/05\/Brown-boar-bristle-ceramic-hairbrush-4-300x300.webp 300w, https:\/\/img.duoruimei.com\/2025\/05\/Brown-boar-bristle-ceramic-hairbrush-4-150x150.webp 150w, https:\/\/img.duoruimei.com\/2025\/05\/Brown-boar-bristle-ceramic-hairbrush-4-100x100.webp 100w, https:\/\/img.duoruimei.com\/2025\/05\/Brown-boar-bristle-ceramic-hairbrush-4.webp 500w\" sizes=\"(max-width: 300px) 100vw, 300px\" \/><\/p>\n<p><img decoding=\"async\" class=\"alignnone  wp-image-7472\" src=\"https:\/\/img.duoruimei.com\/2025\/05\/Custom-Ceramic-Hair-Brush-Brochure-44x300.webp\" alt=\"Broszura z niestandardow\u0105 ceramiczn\u0105 szczotk\u0105 do w\u0142os\u00f3w\" width=\"600\" height=\"4091\" srcset=\"https:\/\/img.duoruimei.com\/2025\/05\/Custom-Ceramic-Hair-Brush-Brochure-44x300.webp 44w, https:\/\/img.duoruimei.com\/2025\/05\/Custom-Ceramic-Hair-Brush-Brochure-150x1024.webp 150w, https:\/\/img.duoruimei.com\/2025\/05\/Custom-Ceramic-Hair-Brush-Brochure-768x5238.webp 768w, https:\/\/img.duoruimei.com\/2025\/05\/Custom-Ceramic-Hair-Brush-Brochure-600x4092.webp 600w\" sizes=\"(max-width: 600px) 100vw, 600px\" \/><\/p>\n<p>&nbsp;<\/p>","protected":false},"excerpt":{"rendered":"<p class=\"\" data-start=\"58\" data-end=\"238\">Profesjonalna br\u0105zowa okr\u0105g\u0142a szczotka do w\u0142os\u00f3w z w\u0142osiem z dzika i nylonu. Zaprojektowana z my\u015bl\u0105 o g\u0142adkim uk\u0142adaniu, rozczesywaniu i nadawaniu obj\u0119to\u015bci wszystkim rodzajom w\u0142os\u00f3w. Idealna do u\u017cytku w salonie fryzjerskim lub w domu.<\/p>","protected":false},"featured_media":7455,"comment_status":"open","ping_status":"closed","template":"","meta":{"_seopress_robots_primary_cat":"none","_seopress_titles_title":"","_seopress_titles_desc":"","_seopress_robots_index":""},"product_brand":[],"product_cat":[258],"product_tag":[260,269,270,271,262],"class_list":{"0":"post-7452","1":"product","2":"type-product","3":"status-publish","4":"has-post-thumbnail","6":"product_cat-ceramic-hair-brush","7":"product_tag-boar-and-nylon-bristle-brush","8":"product_tag-brown-round-hair-brush","9":"product_tag-hair-brush-for-extensions-and-wigs","10":"product_tag-professional-vent-styling-brush","11":"product_tag-salon-blowout-brush","13":"first","14":"instock","15":"shipping-taxable","16":"product-type-simple"},"_links":{"self":[{"href":"https:\/\/duoruimei.com\/pl\/wp-json\/wp\/v2\/product\/7452","targetHints":{"allow":["GET"]}}],"collection":[{"href":"https:\/\/duoruimei.com\/pl\/wp-json\/wp\/v2\/product"}],"about":[{"href":"https:\/\/duoruimei.com\/pl\/wp-json\/wp\/v2\/types\/product"}],"replies":[{"embeddable":true,"href":"https:\/\/duoruimei.com\/pl\/wp-json\/wp\/v2\/comments?post=7452"}],"wp:featuredmedia":[{"embeddable":true,"href":"https:\/\/duoruimei.com\/pl\/wp-json\/wp\/v2\/media\/7455"}],"wp:attachment":[{"href":"https:\/\/duoruimei.com\/pl\/wp-json\/wp\/v2\/media?parent=7452"}],"wp:term":[{"taxonomy":"product_brand","embeddable":true,"href":"https:\/\/duoruimei.com\/pl\/wp-json\/wp\/v2\/product_brand?post=7452"},{"taxonomy":"product_cat","embeddable":true,"href":"https:\/\/duoruimei.com\/pl\/wp-json\/wp\/v2\/product_cat?post=7452"},{"taxonomy":"product_tag","embeddable":true,"href":"https:\/\/duoruimei.com\/pl\/wp-json\/wp\/v2\/product_tag?post=7452"}],"curies":[{"name":"wp","href":"https:\/\/api.w.org\/{rel}","templated":true}]}}