{"id":6814,"date":"2025-02-25T02:30:39","date_gmt":"2025-02-25T10:30:39","guid":{"rendered":"https:\/\/duoruimei.com\/?post_type=product&#038;p=6814"},"modified":"2025-02-25T02:37:56","modified_gmt":"2025-02-25T10:37:56","slug":"monochromatyczne-kulki-do-prania","status":"publish","type":"product","link":"https:\/\/duoruimei.com\/pl\/product\/monochrome-laundry-balls\/","title":{"rendered":"Monochromatyczne kulki do prania"},"content":{"rendered":"<p>Monochromatyczna kulka do prania zosta\u0142a specjalnie zaprojektowana do usuwania sier\u015bci zwierz\u0105t domowych z ubra\u0144, skutecznie wychwytuj\u0105c sier\u015b\u0107 i k\u0142aczki podczas prania. Opr\u00f3cz zdolno\u015bci do czyszczenia ubra\u0144, pomaga zmniejszy\u0107 gromadzenie si\u0119 sier\u015bci zwierz\u0105t na tkaninach, pozostawiaj\u0105c pranie \u015bwie\u017cym i czystym. Pi\u0142ka jest r\u00f3wnie\u017c dost\u0119pna w r\u00f3\u017cnych kolorach, kt\u00f3re mo\u017cna w pe\u0142ni dostosowa\u0107 do w\u0142asnych preferencji, dodaj\u0105c zar\u00f3wno funkcjonalno\u015b\u0107, jak i styl do rutynowego prania.<\/p>\n<h3 style=\"text-align: left;\"><span style=\"color: #ee965b;\">Jak u\u017cywa\u0107<\/span><\/h3>\n<ul>\n<li data-start=\"83\" data-end=\"181\"><strong data-start=\"83\" data-end=\"103\">Za\u0142aduj pralk\u0119:<\/strong> Umie\u015b\u0107 ubrania, zw\u0142aszcza te z sier\u015bci\u0105 zwierz\u0105t, w pralce.<\/li>\n<li data-start=\"186\" data-end=\"351\"><strong data-start=\"186\" data-end=\"211\">Dodaj kul\u0119 do prania:<\/strong> Wystarczy doda\u0107 monochromatyczn\u0105 kul\u0119 do prania do b\u0119bna z ubraniami. Aby uzyska\u0107 najlepsze rezultaty, u\u017cyj jednej lub dw\u00f3ch kulek, w zale\u017cno\u015bci od wielko\u015bci wsadu.<\/li>\n<li data-start=\"356\" data-end=\"459\"><strong data-start=\"356\" data-end=\"378\">Wybierz Cykl prania:<\/strong> Uruchom pralk\u0119 na zwyk\u0142ym lub delikatnym cyklu z u\u017cyciem zwyk\u0142ego detergentu.<\/li>\n<li data-start=\"464\" data-end=\"595\"><strong data-start=\"464\" data-end=\"485\">Suszenie ubra\u0144:<\/strong> Po zako\u0144czeniu prania nale\u017cy wyj\u0105\u0107 ubrania i kul\u0119 do prania. Ubrania mo\u017cna suszy\u0107 na powietrzu lub w suszarce b\u0119bnowej.<\/li>\n<\/ul>\n<h3><img fetchpriority=\"high\" decoding=\"async\" class=\"alignnone size-medium wp-image-6761\" src=\"https:\/\/img.duoruimei.com\/2025\/02\/laundry-balls-300x297.jpg\" alt=\"Jak u\u017cywa\u0107 kulek do prania\" width=\"300\" height=\"297\" srcset=\"https:\/\/img.duoruimei.com\/2025\/02\/laundry-balls-300x297.jpg 300w, https:\/\/img.duoruimei.com\/2025\/02\/laundry-balls-150x150.jpg 150w, https:\/\/img.duoruimei.com\/2025\/02\/laundry-balls-768x761.jpg 768w, https:\/\/img.duoruimei.com\/2025\/02\/laundry-balls-600x595.jpg 600w, https:\/\/img.duoruimei.com\/2025\/02\/laundry-balls-100x100.jpg 100w, https:\/\/img.duoruimei.com\/2025\/02\/laundry-balls.jpg 790w\" sizes=\"(max-width: 300px) 100vw, 300px\" \/><\/h3>\n<h3><span style=\"color: #ee965b;\">Szczeg\u00f3\u0142y produktu<\/span><\/h3>\n<p>Pr\u00f3bka\uff1aStocki w ci\u0105gu 2 dni. Sprawdzanie 7-10 dni<\/p>\n<p>Produkty na zam\u00f3wienie\uff1aOEM\/ODM<\/p>\n<p>Logo\uff1aNiestandardowe logo<\/p>\n<p>Cecha:Skutecznie usuwa k\u0142aczki i sier\u015b\u0107 zwierz\u0105t, zapobiega spl\u0105taniu i zwi\u0119ksza wydajno\u015b\u0107 czyszczenia.<\/p>\n<p>Zdolno\u015b\u0107 dostaw \uff1a 50 000 sztuk \/ sztuk dziennie<\/p>\n<p>Metody handlu: EXW, FOB, DDP, CIF.<\/p>\n<p>P\u0141ATNO\u015a\u0106\uff1aPaypal, T\/T, Western Union<\/p>\n<p>Czas dostawy \uff1a Zapasy w ci\u0105gu 7 dni. Je\u015bli jest niestandardowy lub du\u017cy, zale\u017cy to od zam\u00f3wienia<\/p>\n<p>Port: Guangzhou lub Shenzhen<\/p>\n<p>Miejsce pochodzenia: Guangzhou, Guangdong, Chiny<\/p>\n<p><strong>Wszystkie rozmiary:<\/strong><\/p>\n<p>32MM,55MM<\/p>\n<p><strong>Szczeg\u00f3\u0142y dotycz\u0105ce opakowania \uff1a<\/strong><\/p>\n<p>3000 sztuk\/karton<\/p>\n<p>rozmiar kartonu: 50 \u00d7 50 \u00d7 54 cm<\/p>\n<p>Waga netto:\/ KG<\/p>\n<p>Waga brutto:\/ KG<\/p>\n<p><img decoding=\"async\" class=\"alignnone size-medium wp-image-6817\" src=\"https:\/\/img.duoruimei.com\/2025\/02\/Rose-red-laundry-ball-300x300.jpg\" alt=\"R\u00f3\u017cowoczerwona kula do prania\" width=\"300\" height=\"300\" srcset=\"https:\/\/img.duoruimei.com\/2025\/02\/Rose-red-laundry-ball-300x300.jpg 300w, https:\/\/img.duoruimei.com\/2025\/02\/Rose-red-laundry-ball-150x150.jpg 150w, https:\/\/img.duoruimei.com\/2025\/02\/Rose-red-laundry-ball-100x100.jpg 100w, https:\/\/img.duoruimei.com\/2025\/02\/Rose-red-laundry-ball.jpg 500w\" sizes=\"(max-width: 300px) 100vw, 300px\" \/><\/p>","protected":false},"excerpt":{"rendered":"<p>Monochromatyczna kulka do prania usuwa sier\u015b\u0107 zwierz\u0105t i k\u0142aczki z ubra\u0144. \u0141atwa w u\u017cyciu i dost\u0119pna w r\u00f3\u017cnych kolorach z mo\u017cliwo\u015bci\u0105 personalizacji OEM w celu dopasowania do preferencji lub marki. Idealna do u\u017cytku osobistego lub promocyjnego!<\/p>","protected":false},"featured_media":6818,"comment_status":"open","ping_status":"closed","template":"","meta":{"_seopress_robots_primary_cat":"none","_seopress_titles_title":"","_seopress_titles_desc":"","_seopress_robots_index":""},"product_brand":[],"product_cat":[151],"product_tag":[179,153,176,177,175,178],"class_list":{"0":"post-6814","1":"product","2":"type-product","3":"status-publish","4":"has-post-thumbnail","6":"product_cat-laundry-wall","7":"product_tag-best-laundry-ball-for-pet-hair","8":"product_tag-laundry-ball","9":"product_tag-laundry-ball-for-pet-hair","10":"product_tag-laundry-ball-to-remove-lint","11":"product_tag-pet-hair-remover","12":"product_tag-washable-laundry-ball","14":"first","15":"instock","16":"shipping-taxable","17":"product-type-simple"},"_links":{"self":[{"href":"https:\/\/duoruimei.com\/pl\/wp-json\/wp\/v2\/product\/6814","targetHints":{"allow":["GET"]}}],"collection":[{"href":"https:\/\/duoruimei.com\/pl\/wp-json\/wp\/v2\/product"}],"about":[{"href":"https:\/\/duoruimei.com\/pl\/wp-json\/wp\/v2\/types\/product"}],"replies":[{"embeddable":true,"href":"https:\/\/duoruimei.com\/pl\/wp-json\/wp\/v2\/comments?post=6814"}],"wp:featuredmedia":[{"embeddable":true,"href":"https:\/\/duoruimei.com\/pl\/wp-json\/wp\/v2\/media\/6818"}],"wp:attachment":[{"href":"https:\/\/duoruimei.com\/pl\/wp-json\/wp\/v2\/media?parent=6814"}],"wp:term":[{"taxonomy":"product_brand","embeddable":true,"href":"https:\/\/duoruimei.com\/pl\/wp-json\/wp\/v2\/product_brand?post=6814"},{"taxonomy":"product_cat","embeddable":true,"href":"https:\/\/duoruimei.com\/pl\/wp-json\/wp\/v2\/product_cat?post=6814"},{"taxonomy":"product_tag","embeddable":true,"href":"https:\/\/duoruimei.com\/pl\/wp-json\/wp\/v2\/product_tag?post=6814"}],"curies":[{"name":"wp","href":"https:\/\/api.w.org\/{rel}","templated":true}]}}