{"id":6787,"date":"2025-02-24T18:25:58","date_gmt":"2025-02-25T02:25:58","guid":{"rendered":"https:\/\/duoruimei.com\/?post_type=product&#038;p=6787"},"modified":"2025-05-09T00:57:41","modified_gmt":"2025-05-09T08:57:41","slug":"kolorowy-walek-do-wlosow-z-aluminiowym-rdzeniem","status":"publish","type":"product","link":"https:\/\/duoruimei.com\/pl\/product\/colorful-aluminum-core-hair-roller\/","title":{"rendered":"Kolorowy wa\u0142ek do w\u0142os\u00f3w z aluminiowym rdzeniem"},"content":{"rendered":"<ol data-start=\"51\" data-end=\"1380\">\n<li data-start=\"51\" data-end=\"235\">\n<p data-start=\"54\" data-end=\"108\"><strong data-start=\"54\" data-end=\"106\">Wydajne przewodzenie ciep\u0142a dla d\u0142ugotrwa\u0142ych lok\u00f3w<\/strong><\/p>\n<ul data-start=\"112\" data-end=\"235\">\n<li data-start=\"112\" data-end=\"235\">Wykonany z wysokiej jako\u015bci aluminium rdze\u0144 zapewnia r\u00f3wnomierne rozprowadzanie ciep\u0142a, przyspieszaj\u0105c stylizacj\u0119 i zapewniaj\u0105c trwalsze loki.<\/li>\n<\/ul>\n<\/li>\n<li data-start=\"237\" data-end=\"428\">\n<p data-start=\"240\" data-end=\"281\"><strong data-start=\"240\" data-end=\"279\">\u017bywe kolory przyci\u0105gaj\u0105ce uwag\u0119<\/strong><\/p>\n<ul data-start=\"285\" data-end=\"428\">\n<li data-start=\"285\" data-end=\"428\">Dost\u0119pne w r\u00f3\u017cnych kolorach, takich jak z\u0142oty, r\u00f3\u017cowy, fioletowy i niebieski, zaspokajaj\u0105 r\u00f3\u017cne preferencje klient\u00f3w i zwi\u0119kszaj\u0105 atrakcyjno\u015b\u0107 produktu.<\/li>\n<\/ul>\n<\/li>\n<li data-start=\"430\" data-end=\"637\">\n<p data-start=\"433\" data-end=\"479\"><strong data-start=\"433\" data-end=\"477\">Lekka i trwa\u0142a dla wszystkich rodzaj\u00f3w w\u0142os\u00f3w<\/strong><\/p>\n<ul data-start=\"483\" data-end=\"637\">\n<li data-start=\"483\" data-end=\"637\">Konstrukcja z aluminiowym rdzeniem jest lekka, ale wytrzyma\u0142a, odporna na odkszta\u0142cenia i odpowiednia dla r\u00f3\u017cnych rodzaj\u00f3w w\u0142os\u00f3w, tworz\u0105c obszerne, naturalne loki.<\/li>\n<\/ul>\n<\/li>\n<li data-start=\"639\" data-end=\"838\">\n<p data-start=\"642\" data-end=\"681\"><strong data-start=\"642\" data-end=\"679\">Brak uszkodze\u0144 termicznych dla zdrowszych w\u0142os\u00f3w<\/strong><\/p>\n<ul data-start=\"685\" data-end=\"838\">\n<li data-start=\"685\" data-end=\"838\">Zaprojektowana do kr\u0119cenia lok\u00f3w bez u\u017cycia ciep\u0142a, co zmniejsza uszkodzenia w\u0142os\u00f3w i sprawia, \u017ce jest idealna dla w\u0142os\u00f3w zniszczonych lub klient\u00f3w szukaj\u0105cych zdrowszej opcji stylizacji.<\/li>\n<\/ul>\n<\/li>\n<li data-start=\"840\" data-end=\"1025\">\n<p data-start=\"843\" data-end=\"898\"><strong data-start=\"843\" data-end=\"896\">Mo\u017cliwo\u015b\u0107 dostosowania rozmiaru do r\u00f3\u017cnych potrzeb stylizacyjnych<\/strong><\/p>\n<ul data-start=\"902\" data-end=\"1025\">\n<li data-start=\"902\" data-end=\"1025\">Dost\u0119pne w r\u00f3\u017cnych \u015brednicach i d\u0142ugo\u015bciach, z mo\u017cliwo\u015bci\u0105 dostosowania do r\u00f3\u017cnych wymaga\u0144 stylizacyjnych dla kr\u00f3tkich lub d\u0142ugich w\u0142os\u00f3w.<\/li>\n<\/ul>\n<\/li>\n<li data-start=\"1027\" data-end=\"1204\">\n<p data-start=\"1030\" data-end=\"1070\"><strong data-start=\"1030\" data-end=\"1068\">Sprzeda\u017c hurtowa i us\u0142ugi dostosowywania<\/strong><\/p>\n<ul data-start=\"1074\" data-end=\"1204\">\n<li data-start=\"1074\" data-end=\"1204\">Oferuj\u0105c us\u0142ugi OEM\/ODM z konfigurowalnymi kolorami, opakowaniami i akcesoriami, idealne dla sprzedawc\u00f3w detalicznych i personalizacji marki.<\/li>\n<\/ul>\n<\/li>\n<li data-start=\"1206\" data-end=\"1380\">\n<p data-start=\"1209\" data-end=\"1251\"><strong data-start=\"1209\" data-end=\"1249\">\u0141atwy w u\u017cyciu do stylizacji w domu i salonie<\/strong><\/p>\n<ul data-start=\"1255\" data-end=\"1380\">\n<li data-start=\"1255\" data-end=\"1380\">Nadaje si\u0119 do profesjonalnych salon\u00f3w i jest wygodna do u\u017cytku domowego, umo\u017cliwiaj\u0105c u\u017cytkownikom uzyskanie lok\u00f3w o jako\u015bci salonu bez wysi\u0142ku.<\/li>\n<\/ul>\n<\/li>\n<\/ol>\n<p data-start=\"1382\" data-end=\"1484\" data-is-last-node=\"\" data-is-only-node=\"\">W przypadku niestandardowych zam\u00f3wie\u0144, skontaktuj si\u0119 z nami i stw\u00f3rz unikalne kolorowe wa\u0142ki do w\u0142os\u00f3w z aluminiowym rdzeniem!<\/p>\n<p data-start=\"1382\" data-end=\"1484\" data-is-last-node=\"\" data-is-only-node=\"\"><img fetchpriority=\"high\" decoding=\"async\" class=\"alignnone size-medium wp-image-6790\" src=\"https:\/\/img.duoruimei.com\/2025\/02\/photobank-22-300x300.jpg\" alt=\"Kolorowy wa\u0142ek do w\u0142os\u00f3w z aluminiowym rdzeniem\" width=\"300\" height=\"300\" srcset=\"https:\/\/img.duoruimei.com\/2025\/02\/photobank-22-300x300.jpg 300w, https:\/\/img.duoruimei.com\/2025\/02\/photobank-22-150x150.jpg 150w, https:\/\/img.duoruimei.com\/2025\/02\/photobank-22-100x100.jpg 100w, https:\/\/img.duoruimei.com\/2025\/02\/photobank-22.jpg 500w\" sizes=\"(max-width: 300px) 100vw, 300px\" \/><\/p>\n<h3><span style=\"color: #ee965b;\">Jak u\u017cywa\u0107<\/span><\/h3>\n<ol data-start=\"54\" data-end=\"1002\">\n<li data-start=\"54\" data-end=\"204\">\n<p data-start=\"57\" data-end=\"80\"><strong data-start=\"57\" data-end=\"78\">Przygotowanie w\u0142os\u00f3w<\/strong><\/p>\n<ul data-start=\"84\" data-end=\"204\">\n<li data-start=\"84\" data-end=\"204\">Zacznij od lekko wilgotnych lub suchych w\u0142os\u00f3w. Aby uzyska\u0107 lepsze utrwalenie, na\u0142\u00f3\u017c lekk\u0105 piank\u0119 do stylizacji lub spray utrwalaj\u0105cy przed nawijaniem.<\/li>\n<\/ul>\n<\/li>\n<li data-start=\"206\" data-end=\"355\">\n<p data-start=\"209\" data-end=\"232\"><strong data-start=\"209\" data-end=\"230\">Sekcja w\u0142os\u00f3w<\/strong><\/p>\n<ul data-start=\"236\" data-end=\"355\">\n<li data-start=\"236\" data-end=\"355\">Podziel w\u0142osy na ma\u0142e sekcje w zale\u017cno\u015bci od po\u017c\u0105danej wielko\u015bci lok\u00f3w. Im mniejsza sekcja, tym cia\u015bniejsze loki.<\/li>\n<\/ul>\n<\/li>\n<li data-start=\"357\" data-end=\"534\">\n<p data-start=\"360\" data-end=\"379\"><strong data-start=\"360\" data-end=\"377\">Zwijanie w\u0142os\u00f3w<\/strong><\/p>\n<ul data-start=\"383\" data-end=\"534\">\n<li data-start=\"383\" data-end=\"534\">Umie\u015b\u0107 wa\u0142ek na ko\u0144cu kosmyka w\u0142os\u00f3w i nawi\u0144 go w kierunku sk\u00f3ry g\u0142owy. Upewnij si\u0119, \u017ce w\u0142osy g\u0142adko owijaj\u0105 si\u0119 wok\u00f3\u0142 wa\u0142ka, aby uzyska\u0107 r\u00f3wnomierne loki.<\/li>\n<\/ul>\n<\/li>\n<li data-start=\"536\" data-end=\"627\">\n<p data-start=\"539\" data-end=\"562\"><strong data-start=\"539\" data-end=\"560\">Zabezpiecz rolk\u0119<\/strong><\/p>\n<ul data-start=\"566\" data-end=\"627\">\n<li data-start=\"566\" data-end=\"627\">W razie potrzeby u\u017cyj klipsa lub szpilki, aby utrzyma\u0107 rolk\u0119 na miejscu.<\/li>\n<\/ul>\n<\/li>\n<li data-start=\"629\" data-end=\"805\">\n<p data-start=\"632\" data-end=\"648\"><strong data-start=\"632\" data-end=\"646\">Let It Set<\/strong><\/p>\n<ul data-start=\"652\" data-end=\"805\">\n<li data-start=\"652\" data-end=\"805\">Pozostaw wa\u0142ki na w\u0142osach przez co najmniej 30 minut. Aby uzyska\u0107 trwalsze loki, pozostaw je na noc lub u\u017cyj suszarki, aby przyspieszy\u0107 proces.<\/li>\n<\/ul>\n<\/li>\n<li data-start=\"807\" data-end=\"1002\">\n<p data-start=\"810\" data-end=\"832\"><strong data-start=\"810\" data-end=\"830\">Usu\u0144 i stylizuj<\/strong><\/p>\n<ul data-start=\"836\" data-end=\"1002\">\n<li data-start=\"836\" data-end=\"1002\">Delikatnie rozwi\u0144 ka\u017cdy wa\u0142ek bez ci\u0105gni\u0119cia. Przeci\u0105gnij palcami po lokach, aby uzyska\u0107 naturalny wygl\u0105d lub u\u017cyj szczotki, aby uzyska\u0107 mi\u0119kkie fale. Utrwal fryzur\u0119 lakierem do w\u0142os\u00f3w.<\/li>\n<\/ul>\n<\/li>\n<\/ol>\n<p data-start=\"1004\" data-end=\"1092\" data-is-last-node=\"\" data-is-only-node=\"\">Ciesz si\u0119 pi\u0119knymi, pe\u0142nymi obj\u0119to\u015bci lokami dzi\u0119ki naszym <strong data-start=\"1052\" data-end=\"1091\">Kolorowe wa\u0142ki do w\u0142os\u00f3w z aluminiowym rdzeniem<\/strong>!<\/p>\n<h3 style=\"text-align: left;\"><span style=\"color: #ee965b;\">Dostosowanie i szczeg\u00f3\u0142y dostawy<\/span><\/h3>\n<p style=\"text-align: left;\"><strong>Pr\u00f3bka\uff1a<\/strong>Zapasy w ci\u0105gu 2 dni. Sprawdzanie 7-10 dni<\/p>\n<p><strong>Produkty na zam\u00f3wienie\uff1a<\/strong>OEM\/ODM<\/p>\n<p><strong>Logo\uff1a<\/strong>Niestandardowe logo<\/p>\n<p><strong>Funkcja\uff1a<\/strong>Wa\u0142ki do w\u0142os\u00f3w Self Grip do stylizacji d\u0142ugich w\u0142os\u00f3w<\/p>\n<p><strong>Temperatura\uff1a<\/strong>HOT<\/p>\n<p><strong>Zdolno\u015b\u0107 dostawcza\uff1a<\/strong>40 tys. sztuk dziennie<\/p>\n<p><strong>Metody handlowe\uff1a<\/strong>EXW, FOB, DDP, CIF.<\/p>\n<p><strong>P\u0141ATNO\u015a\u0106\uff1a<\/strong>Paypal, T \/ T, Western Union<\/p>\n<p><strong>Czas dostawy\uff1a<\/strong>Zapasy w ci\u0105gu 7 dni. Je\u015bli jest niestandardowy lub du\u017cy, zale\u017cy to od zam\u00f3wienia<\/p>\n<p><strong>Miejsce pochodzenia\uff1a<\/strong>Guangzhou, Guangdong, Chiny<\/p>\n<p><strong>Wszystkie rozmiary:<\/strong><br \/>\n25\u00d760MM\uff0c30\u00d760MM\uff0c36\u00d760MM\uff0c40\u00d760MM\uff0c50\u00d760MM\uff0c30MM\u00d780MM,<\/p>\n<p>30MM\u00d790MM,50MM\u00d790MM\uff0c60MM\u00d790MM<\/p>\n<p><strong>Szczeg\u00f3\u0142y dotycz\u0105ce opakowania \uff1a<\/strong><br \/>\n80 zestaw\u00f3w\/karton<br \/>\nrozmiar kartonu: 50 \u00d7 50 \u00d7 54 cm<br \/>\nWaga netto: KG<br \/>\nWaga brutto: KG<\/p>\n<p><img decoding=\"async\" class=\"alignnone size-medium wp-image-6791\" src=\"https:\/\/img.duoruimei.com\/2025\/02\/\u94dd\u82af\u52a0\u957f\u52a0\u957f-60jpg-300x300.jpg\" alt=\"Kolorowe opakowanie z aluminiowym rdzeniem\" width=\"300\" height=\"300\" srcset=\"https:\/\/img.duoruimei.com\/2025\/02\/\u94dd\u82af\u52a0\u957f\u52a0\u957f-60jpg-300x300.jpg 300w, https:\/\/img.duoruimei.com\/2025\/02\/\u94dd\u82af\u52a0\u957f\u52a0\u957f-60jpg-150x150.jpg 150w, https:\/\/img.duoruimei.com\/2025\/02\/\u94dd\u82af\u52a0\u957f\u52a0\u957f-60jpg-600x600.jpg 600w, https:\/\/img.duoruimei.com\/2025\/02\/\u94dd\u82af\u52a0\u957f\u52a0\u957f-60jpg-100x100.jpg 100w, https:\/\/img.duoruimei.com\/2025\/02\/\u94dd\u82af\u52a0\u957f\u52a0\u957f-60jpg.jpg 750w\" sizes=\"(max-width: 300px) 100vw, 300px\" \/><\/p>","protected":false},"excerpt":{"rendered":"<p><strong data-start=\"0\" data-end=\"39\" data-is-only-node=\"\">Kolorowe wa\u0142ki do w\u0142os\u00f3w z aluminiowym rdzeniem<\/strong> zosta\u0142y zaprojektowane do bezwysi\u0142kowego kr\u0119cenia lok\u00f3w bez u\u017cycia ciep\u0142a. Wykonane z lekkiego aluminiowego rdzenia dla szybkiej stylizacji i d\u0142ugotrwa\u0142ych rezultat\u00f3w, te wa\u0142ki s\u0105 dost\u0119pne w \u017cywych kolorach i konfigurowalnych rozmiarach. Idealne zar\u00f3wno do u\u017cytku domowego, jak i salonowego, pomagaj\u0105 tworzy\u0107 obszerne, wolne od uszkodze\u0144 loki. Dost\u0119pne do sprzeda\u017cy hurtowej i personalizacji OEM.<\/p>","protected":false},"featured_media":7211,"comment_status":"open","ping_status":"closed","template":"","meta":{"_seopress_robots_primary_cat":"none","_seopress_titles_title":"","_seopress_titles_desc":"","_seopress_robots_index":""},"product_brand":[],"product_cat":[41],"product_tag":[164,163,165,167,168,166],"class_list":{"0":"post-6787","1":"product","2":"type-product","3":"status-publish","4":"has-post-thumbnail","6":"product_cat-metal-hair-rollers","7":"product_tag-aluminum-core-hair-rollers","8":"product_tag-colorful-hair-rollers","9":"product_tag-heatless-curlers","10":"product_tag-oem-hair-rollers","11":"product_tag-professional-hair-styling-tools","12":"product_tag-wholesale-hair-rollers","14":"first","15":"instock","16":"shipping-taxable","17":"product-type-simple"},"_links":{"self":[{"href":"https:\/\/duoruimei.com\/pl\/wp-json\/wp\/v2\/product\/6787","targetHints":{"allow":["GET"]}}],"collection":[{"href":"https:\/\/duoruimei.com\/pl\/wp-json\/wp\/v2\/product"}],"about":[{"href":"https:\/\/duoruimei.com\/pl\/wp-json\/wp\/v2\/types\/product"}],"replies":[{"embeddable":true,"href":"https:\/\/duoruimei.com\/pl\/wp-json\/wp\/v2\/comments?post=6787"}],"wp:featuredmedia":[{"embeddable":true,"href":"https:\/\/duoruimei.com\/pl\/wp-json\/wp\/v2\/media\/7211"}],"wp:attachment":[{"href":"https:\/\/duoruimei.com\/pl\/wp-json\/wp\/v2\/media?parent=6787"}],"wp:term":[{"taxonomy":"product_brand","embeddable":true,"href":"https:\/\/duoruimei.com\/pl\/wp-json\/wp\/v2\/product_brand?post=6787"},{"taxonomy":"product_cat","embeddable":true,"href":"https:\/\/duoruimei.com\/pl\/wp-json\/wp\/v2\/product_cat?post=6787"},{"taxonomy":"product_tag","embeddable":true,"href":"https:\/\/duoruimei.com\/pl\/wp-json\/wp\/v2\/product_tag?post=6787"}],"curies":[{"name":"wp","href":"https:\/\/api.w.org\/{rel}","templated":true}]}}