{"id":139,"date":"2023-09-24T22:41:52","date_gmt":"2023-09-25T06:41:52","guid":{"rendered":"https:\/\/duoruimei.com\/?post_type=product&#038;p=139"},"modified":"2024-11-29T07:31:32","modified_gmt":"2024-11-29T15:31:32","slug":"bluetooth-stereo-headset-handsfree","status":"publish","type":"product","link":"https:\/\/duoruimei.com\/pl\/product\/bluetooth-stereo-headset-handsfree\/","title":{"rendered":"Wa\u0142ek do w\u0142os\u00f3w"},"content":{"rendered":"<p>ROLKA DO W\u0141OS\u00d3W JAKO\u015aCI PREMIUM: Ka\u017cda rolka do w\u0142os\u00f3w jest wykonana z aluminiowego rdzenia grzewczego, kt\u00f3ry jest wykonany tak, aby r\u00f3wnomiernie rozprowadza\u0107 ciep\u0142o, definiuj\u0105c loki, jednocze\u015bnie je ch\u0142odz\u0105c i zapewniaj\u0105c d\u0142u\u017csz\u0105 obj\u0119to\u015b\u0107 przy mniejszej ilo\u015bci ciep\u0142a.<\/p>\n<p>D\u0141UGOTRWA\u0141A OBJ\u0118TO\u015a\u0106: Dzi\u0119ki uniesieniu w\u0142os\u00f3w u nasady, wa\u0142ki Velcro do w\u0142os\u00f3w obj\u0119to\u015bciowych zapewniaj\u0105 powa\u017cn\u0105, d\u0142ugotrwa\u0142\u0105 obj\u0119to\u015b\u0107 i spr\u0119\u017cysto\u015b\u0107 fal i lok\u00f3w. Te wa\u0142ki s\u0105 idealne do ka\u017cdej d\u0142ugo\u015bci w\u0142os\u00f3w.<\/p>\n<p>\u0141ATWE W U\u017bYCIU: Wystarczy za\u0142o\u017cy\u0107 wa\u0142ki na rzepy na prawie wysuszone w\u0142osy, podgrza\u0107 je suszark\u0105 i pozostawi\u0107 do ostygni\u0119cia przed zdj\u0119ciem. Samozaciskowy materia\u0142 na rzepy na ka\u017cdym wa\u0142ku zapewnia mocne trzymanie, jednocze\u015bnie unikaj\u0105c ci\u0105gni\u0119cia i uszkadzania pasm.<\/p>\n<p>KOMPAKTOWY ROZMIAR: Wa\u0142ki do w\u0142os\u00f3w mo\u017cna \u0142atwo spakowa\u0107 do torby na noc, dzi\u0119ki czemu mo\u017cna tworzy\u0107 mi\u0119kkie loki lub fale zar\u00f3wno w podr\u00f3\u017cy, jak i w domu. Opakowanie s\u0142u\u017cy jako woreczek wielokrotnego u\u017cytku do \u0142atwego przechowywania i transportu.<\/p>\n<p><img fetchpriority=\"high\" decoding=\"async\" class=\"alignnone wp-image-3329\" src=\"https:\/\/img.duoruimei.com\/2023\/09\/\u8be6\u60c5\u98752-2-300x123.jpg\" alt=\"\" width=\"1200\" height=\"492\" srcset=\"https:\/\/img.duoruimei.com\/2023\/09\/\u8be6\u60c5\u98752-2-300x123.jpg 300w, https:\/\/img.duoruimei.com\/2023\/09\/\u8be6\u60c5\u98752-2-600x246.jpg 600w, https:\/\/img.duoruimei.com\/2023\/09\/\u8be6\u60c5\u98752-2-1024x420.jpg 1024w, https:\/\/img.duoruimei.com\/2023\/09\/\u8be6\u60c5\u98752-2-768x315.jpg 768w, https:\/\/img.duoruimei.com\/2023\/09\/\u8be6\u60c5\u98752-2.jpg 1464w\" sizes=\"(max-width: 1200px) 100vw, 1200px\" \/><\/p>\n<h3><span style=\"color: #ee965b;\">Jak u\u017cywa\u0107<\/span><\/h3>\n<p>-Sekcja w\u0142os\u00f3w<\/p>\n<p>-Umie\u015b\u0107 rolk\u0119 u nasady<\/p>\n<p>-P\u0119dzel w g\u00f3r\u0119<\/p>\n<p>-Obr\u00f3t w d\u00f3\u0142<\/p>\n<p>-Na\u0142\u00f3\u017c na w\u0142osy ciep\u0142o za pomoc\u0105 suszarki i pozostaw do ca\u0142kowitego wyschni\u0119cia.<\/p>\n<p>-Zdejmij wa\u0142ek, delikatnie wyci\u0105gaj\u0105c go z boku lok\u00f3w.<\/p>\n<p>&nbsp;<\/p>\n<h3 style=\"text-align: left;\"><span style=\"color: #ee965b;\">Szczeg\u00f3\u0142y produktu<\/span><\/h3>\n<p style=\"text-align: left;\"><strong>Pr\u00f3bka\uff1a<\/strong>Zapasy w ci\u0105gu 2 dni. Sprawdzanie 7-10 dni<\/p>\n<p><strong>Produkty na zam\u00f3wienie\uff1a<\/strong>OEM\/ODM<\/p>\n<p><strong>Logo\uff1a<\/strong>Niestandardowe logo<\/p>\n<p><strong>Funkcja\uff1a<\/strong>Wa\u0142ki do w\u0142os\u00f3w Self Grip do stylizacji d\u0142ugich w\u0142os\u00f3w<\/p>\n<p><strong>Temperatura\uff1a<\/strong>HOT<\/p>\n<p><strong>Zdolno\u015b\u0107 dostawcza\uff1a<\/strong>40 tys. sztuk dziennie<\/p>\n<p><strong>Metody handlowe\uff1a<\/strong>EXW, FOB, DDP, CIF.<\/p>\n<p><strong>P\u0141ATNO\u015a\u0106\uff1a<\/strong>Paypal, T \/ T, Western Union<\/p>\n<p><strong>Czas dostawy\uff1a<\/strong>Zapasy w ci\u0105gu 7 dni. Je\u015bli jest niestandardowy lub du\u017cy, zale\u017cy to od zam\u00f3wienia<\/p>\n<p><strong>Miejsce pochodzenia\uff1a<\/strong>Guangzhou, Guangdong, Chiny<\/p>\n<p><strong>Wszystkie rozmiary:<\/strong><br \/>\n17MM,20MM,22MM,24MM,28MM,32MM,36MM,<\/p>\n<p>40MM,46MM,50MM,60MM,30\u00d7105MM,<\/p>\n<p>40\u00d7105MM,50\u00d7105MM,50\u00d7120MM,<\/p>\n<p><strong>Szczeg\u00f3\u0142y dotycz\u0105ce opakowania \uff1a<\/strong><br \/>\n80 set\/carton<br \/>\nrozmiar kartonu: 50 \u00d7 50 \u00d7 54 cm<br \/>\nWaga netto: KG<br \/>\nWaga brutto: KG<\/p>\n<p><img decoding=\"async\" class=\"alignnone wp-image-3333\" src=\"https:\/\/img.duoruimei.com\/2023\/09\/1717340115164.png\" alt=\"\" width=\"270\" height=\"318\" \/><img decoding=\"async\" class=\"alignnone wp-image-3332\" src=\"https:\/\/img.duoruimei.com\/2023\/09\/\u76d2\u5b50\u89c4\u683c-300x300.jpg\" alt=\"\" width=\"316\" height=\"316\" srcset=\"https:\/\/img.duoruimei.com\/2023\/09\/\u76d2\u5b50\u89c4\u683c-300x300.jpg 300w, https:\/\/img.duoruimei.com\/2023\/09\/\u76d2\u5b50\u89c4\u683c-100x100.jpg 100w, https:\/\/img.duoruimei.com\/2023\/09\/\u76d2\u5b50\u89c4\u683c-600x600.jpg 600w, https:\/\/img.duoruimei.com\/2023\/09\/\u76d2\u5b50\u89c4\u683c-1024x1024.jpg 1024w, https:\/\/img.duoruimei.com\/2023\/09\/\u76d2\u5b50\u89c4\u683c-150x150.jpg 150w, https:\/\/img.duoruimei.com\/2023\/09\/\u76d2\u5b50\u89c4\u683c-768x768.jpg 768w, https:\/\/img.duoruimei.com\/2023\/09\/\u76d2\u5b50\u89c4\u683c.jpg 1100w\" sizes=\"(max-width: 316px) 100vw, 316px\" \/><\/p>\n<p>&nbsp;<\/p>","protected":false},"excerpt":{"rendered":"<p>And universally compatible with most Bluetooth-enabled devices, including iOS \/ Android and etc.Manufacturers, suppliers and others provide what you see here, and we have not verified it.<\/p>","protected":false},"featured_media":3450,"comment_status":"open","ping_status":"closed","template":"","meta":{"_seopress_robots_primary_cat":"none","_seopress_titles_title":"","_seopress_titles_desc":"","_seopress_robots_index":""},"product_brand":[],"product_cat":[30],"product_tag":[135,133,137,136,134],"class_list":{"0":"post-139","1":"product","2":"type-product","3":"status-publish","4":"has-post-thumbnail","6":"product_cat-plastic-hair-roller","7":"product_tag-china-hair-clips","8":"product_tag-china-hair-roller","9":"product_tag-hair-brush","10":"product_tag-hair-comb","11":"product_tag-hair-curlers","13":"first","14":"instock","15":"shipping-taxable","16":"product-type-simple"},"_links":{"self":[{"href":"https:\/\/duoruimei.com\/pl\/wp-json\/wp\/v2\/product\/139","targetHints":{"allow":["GET"]}}],"collection":[{"href":"https:\/\/duoruimei.com\/pl\/wp-json\/wp\/v2\/product"}],"about":[{"href":"https:\/\/duoruimei.com\/pl\/wp-json\/wp\/v2\/types\/product"}],"replies":[{"embeddable":true,"href":"https:\/\/duoruimei.com\/pl\/wp-json\/wp\/v2\/comments?post=139"}],"wp:featuredmedia":[{"embeddable":true,"href":"https:\/\/duoruimei.com\/pl\/wp-json\/wp\/v2\/media\/3450"}],"wp:attachment":[{"href":"https:\/\/duoruimei.com\/pl\/wp-json\/wp\/v2\/media?parent=139"}],"wp:term":[{"taxonomy":"product_brand","embeddable":true,"href":"https:\/\/duoruimei.com\/pl\/wp-json\/wp\/v2\/product_brand?post=139"},{"taxonomy":"product_cat","embeddable":true,"href":"https:\/\/duoruimei.com\/pl\/wp-json\/wp\/v2\/product_cat?post=139"},{"taxonomy":"product_tag","embeddable":true,"href":"https:\/\/duoruimei.com\/pl\/wp-json\/wp\/v2\/product_tag?post=139"}],"curies":[{"name":"wp","href":"https:\/\/api.w.org\/{rel}","templated":true}]}}