{"id":133,"date":"2023-09-24T22:41:52","date_gmt":"2023-09-25T06:41:52","guid":{"rendered":"https:\/\/duoruimei.com\/?post_type=product&#038;p=133"},"modified":"2024-10-10T22:41:51","modified_gmt":"2024-10-11T06:41:51","slug":"bluetooth-v5-0-gaming-headphone","status":"publish","type":"product","link":"https:\/\/duoruimei.com\/pl\/product\/bluetooth-v5-0-gaming-headphone\/","title":{"rendered":"Bezcieplne wa\u0142ki do w\u0142os\u00f3w z mi\u0119kkiej g\u0105bki"},"content":{"rendered":"<p>The heatless lazy person curling stick is soft and can curl any wavy shape. No need for heating or plugging in, safe to use, and not limited by environmental scenarios, ready to use at any time. There are many colors for curly hair sticks, and you can choose your favorite color according to your preference. The curly hair stick comes with a clip, and one product can have multiple functions.vity.<\/p>\n<p><img fetchpriority=\"high\" decoding=\"async\" class=\"alignnone wp-image-3403\" src=\"https:\/\/img.duoruimei.com\/2023\/09\/\u8be6\u60c5\u98752-5-300x123.jpg\" alt=\"\" width=\"1200\" height=\"492\" srcset=\"https:\/\/img.duoruimei.com\/2023\/09\/\u8be6\u60c5\u98752-5-300x123.jpg 300w, https:\/\/img.duoruimei.com\/2023\/09\/\u8be6\u60c5\u98752-5-600x246.jpg 600w, https:\/\/img.duoruimei.com\/2023\/09\/\u8be6\u60c5\u98752-5-1024x420.jpg 1024w, https:\/\/img.duoruimei.com\/2023\/09\/\u8be6\u60c5\u98752-5-768x315.jpg 768w, https:\/\/img.duoruimei.com\/2023\/09\/\u8be6\u60c5\u98752-5.jpg 1464w\" sizes=\"(max-width: 1200px) 100vw, 1200px\" \/><\/p>\n<h3><span style=\"color: #ee965b;\">Jak u\u017cywa\u0107<\/span><\/h3>\n<p>\u2022Take a small amount of semi-dry hair,spin it by turning the hair<\/p>\n<p>\u2022From the inside began in the hair<\/p>\n<p>\u2022Fasten the strap by both ends,twist or fold<\/p>\n<p>\u2022After rollers set well.when the hair is dry,removw the curls<\/p>\n<p><img decoding=\"async\" class=\"alignnone wp-image-3404\" src=\"https:\/\/img.duoruimei.com\/2023\/09\/Main-04-300x300.jpg\" alt=\"\" width=\"400\" height=\"400\" srcset=\"https:\/\/img.duoruimei.com\/2023\/09\/Main-04-300x300.jpg 300w, https:\/\/img.duoruimei.com\/2023\/09\/Main-04-100x100.jpg 100w, https:\/\/img.duoruimei.com\/2023\/09\/Main-04-600x600.jpg 600w, https:\/\/img.duoruimei.com\/2023\/09\/Main-04-150x150.jpg 150w, https:\/\/img.duoruimei.com\/2023\/09\/Main-04-768x768.jpg 768w, https:\/\/img.duoruimei.com\/2023\/09\/Main-04.jpg 1024w\" sizes=\"(max-width: 400px) 100vw, 400px\" \/><\/p>\n<h3 style=\"text-align: left;\"><span style=\"color: #ee965b;\">Szczeg\u00f3\u0142y produktu<\/span><\/h3>\n<p style=\"text-align: left;\"><strong>Pr\u00f3bka\uff1a<\/strong>Zapasy w ci\u0105gu 2 dni. Sprawdzanie 7-10 dni<\/p>\n<p><strong>Produkty na zam\u00f3wienie\uff1a<\/strong>OEM\/ODM<\/p>\n<p><strong>Logo\uff1a<\/strong>Niestandardowe logo<\/p>\n<p><strong>Funkcja\uff1a<\/strong>Sztyft do w\u0142os\u00f3w kr\u0119conych do u\u017cytku domowego<\/p>\n<p><strong>Temperatura\uff1a<\/strong><\/p>\n<p><strong>Zdolno\u015b\u0107 dostawcza\uff1a<\/strong>40 tys. sztuk dziennie<\/p>\n<p><strong>Metody handlowe\uff1a<\/strong>EXW, FOB, DDP, CIF.<\/p>\n<p><strong>P\u0141ATNO\u015a\u0106\uff1a<\/strong>Paypal, T \/ T, Western Union<\/p>\n<p><strong>Czas dostawy\uff1a<\/strong>Zapasy w ci\u0105gu 7 dni. Je\u015bli jest niestandardowy lub du\u017cy, zale\u017cy to od zam\u00f3wienia<\/p>\n<p><strong>Port\uff1a<\/strong>Guangzhou lub Shenzhen<\/p>\n<p><strong>Miejsce pochodzenia\uff1a<\/strong>Guangzhou, Guangdong, Chiny<\/p>\n<p><strong>Szczeg\u00f3\u0142y dotycz\u0105ce opakowania \uff1a<\/strong><br \/>\n100pcs\/carton<br \/>\ncarton size: 55\u00d741\u00d739CM<br \/>\nNet weight: 7 KG<br \/>\nGross weight: 8 KG<\/p>\n<p><img decoding=\"async\" class=\"alignnone wp-image-3405\" src=\"https:\/\/img.duoruimei.com\/2023\/09\/Detail-04-300x300.jpg\" alt=\"\" width=\"300\" height=\"300\" srcset=\"https:\/\/img.duoruimei.com\/2023\/09\/Detail-04-300x300.jpg 300w, https:\/\/img.duoruimei.com\/2023\/09\/Detail-04-100x100.jpg 100w, https:\/\/img.duoruimei.com\/2023\/09\/Detail-04-600x600.jpg 600w, https:\/\/img.duoruimei.com\/2023\/09\/Detail-04-150x150.jpg 150w, https:\/\/img.duoruimei.com\/2023\/09\/Detail-04.jpg 750w\" sizes=\"(max-width: 300px) 100vw, 300px\" \/><img loading=\"lazy\" decoding=\"async\" class=\"alignnone size-medium wp-image-3451\" src=\"https:\/\/img.duoruimei.com\/2023\/09\/\u8be6\u60c5-07-300x300.jpg\" alt=\"\" width=\"300\" height=\"300\" srcset=\"https:\/\/img.duoruimei.com\/2023\/09\/\u8be6\u60c5-07-300x300.jpg 300w, https:\/\/img.duoruimei.com\/2023\/09\/\u8be6\u60c5-07-100x100.jpg 100w, https:\/\/img.duoruimei.com\/2023\/09\/\u8be6\u60c5-07-600x600.jpg 600w, https:\/\/img.duoruimei.com\/2023\/09\/\u8be6\u60c5-07-150x150.jpg 150w, https:\/\/img.duoruimei.com\/2023\/09\/\u8be6\u60c5-07-768x768.jpg 768w, https:\/\/img.duoruimei.com\/2023\/09\/\u8be6\u60c5-07.jpg 1000w\" sizes=\"(max-width: 300px) 100vw, 300px\" \/><\/p>","protected":false},"excerpt":{"rendered":"<p>Nasi klienci s\u0105 w centrum wszystkiego, co robimy i chcemy by\u0107 najbardziej atrakcyjnym partnerem w oczach naszych klient\u00f3w.<\/p>","protected":false},"featured_media":3406,"comment_status":"open","ping_status":"closed","template":"","meta":{"_seopress_robots_primary_cat":"none","_seopress_titles_title":"","_seopress_titles_desc":"","_seopress_robots_index":""},"product_brand":[],"product_cat":[44],"product_tag":[135,133,137,136,134],"class_list":{"0":"post-133","1":"product","2":"type-product","3":"status-publish","4":"has-post-thumbnail","6":"product_cat-sleeping-gilk-hair-roller","7":"product_tag-china-hair-clips","8":"product_tag-china-hair-roller","9":"product_tag-hair-brush","10":"product_tag-hair-comb","11":"product_tag-hair-curlers","13":"first","14":"instock","15":"shipping-taxable","16":"product-type-simple"},"_links":{"self":[{"href":"https:\/\/duoruimei.com\/pl\/wp-json\/wp\/v2\/product\/133","targetHints":{"allow":["GET"]}}],"collection":[{"href":"https:\/\/duoruimei.com\/pl\/wp-json\/wp\/v2\/product"}],"about":[{"href":"https:\/\/duoruimei.com\/pl\/wp-json\/wp\/v2\/types\/product"}],"replies":[{"embeddable":true,"href":"https:\/\/duoruimei.com\/pl\/wp-json\/wp\/v2\/comments?post=133"}],"wp:featuredmedia":[{"embeddable":true,"href":"https:\/\/duoruimei.com\/pl\/wp-json\/wp\/v2\/media\/3406"}],"wp:attachment":[{"href":"https:\/\/duoruimei.com\/pl\/wp-json\/wp\/v2\/media?parent=133"}],"wp:term":[{"taxonomy":"product_brand","embeddable":true,"href":"https:\/\/duoruimei.com\/pl\/wp-json\/wp\/v2\/product_brand?post=133"},{"taxonomy":"product_cat","embeddable":true,"href":"https:\/\/duoruimei.com\/pl\/wp-json\/wp\/v2\/product_cat?post=133"},{"taxonomy":"product_tag","embeddable":true,"href":"https:\/\/duoruimei.com\/pl\/wp-json\/wp\/v2\/product_tag?post=133"}],"curies":[{"name":"wp","href":"https:\/\/api.w.org\/{rel}","templated":true}]}}