{"id":131,"date":"2023-09-24T22:41:52","date_gmt":"2023-09-25T06:41:52","guid":{"rendered":"https:\/\/duoruimei.com\/?post_type=product&#038;p=131"},"modified":"2024-11-14T02:59:04","modified_gmt":"2024-11-14T10:59:04","slug":"bezprzewodowe-sluchawki-douszne-tws-z-redukcja-szumow","status":"publish","type":"product","link":"https:\/\/duoruimei.com\/pl\/product\/tws-wireless-earbuds-noise-cancelling\/","title":{"rendered":"Elastyczne lok\u00f3wki do w\u0142os\u00f3w"},"content":{"rendered":"<p>Brak uszkodze\u0144 w\u0142os\u00f3w: Te lok\u00f3wki bez podgrzewania s\u0105 bezpieczne do noszenia podczas snu i pomog\u0105 Ci osi\u0105gn\u0105\u0107 po\u017c\u0105dane loki bez uszkodzenia w\u0142os\u00f3w przez ciep\u0142o.<br \/>\n\u0141atwy w u\u017cyciu: Bez wysi\u0142ku tw\u00f3rz pi\u0119kne loki w domu na mokrych lub suchych w\u0142osach. Mo\u017cna w nich spa\u0107 lub wykonywa\u0107 codzienne czynno\u015bci. Mokre w\u0142osy i suszarka pozwalaj\u0105 uzyska\u0107 natychmiastowe loki.<\/p>\n<p><img fetchpriority=\"high\" decoding=\"async\" class=\"alignnone wp-image-3418\" src=\"https:\/\/img.duoruimei.com\/2023\/09\/\u8be6\u60c5\u98752-7-300x123.jpg\" alt=\"Elastyczne lok\u00f3wki do w\u0142os\u00f3w\" width=\"1200\" height=\"492\" srcset=\"https:\/\/img.duoruimei.com\/2023\/09\/\u8be6\u60c5\u98752-7-300x123.jpg 300w, https:\/\/img.duoruimei.com\/2023\/09\/\u8be6\u60c5\u98752-7-600x246.jpg 600w, https:\/\/img.duoruimei.com\/2023\/09\/\u8be6\u60c5\u98752-7-1024x420.jpg 1024w, https:\/\/img.duoruimei.com\/2023\/09\/\u8be6\u60c5\u98752-7-768x315.jpg 768w, https:\/\/img.duoruimei.com\/2023\/09\/\u8be6\u60c5\u98752-7.jpg 1464w\" sizes=\"(max-width: 1200px) 100vw, 1200px\" \/><\/p>\n<h3><span style=\"color: #ee965b;\">Jak u\u017cywa\u0107<\/span><\/h3>\n<p>-COMB<\/p>\n<p>-WRAP<\/p>\n<p>-TWIST<\/p>\n<p>-UNROLL<\/p>\n<p><img decoding=\"async\" class=\"alignnone wp-image-3457 size-medium\" src=\"https:\/\/duoruimei.com\/wp-content\/uploads\/2023\/09\/\u5f39\u529b\u53d1\u67605-300x300.jpg\" alt=\"wa\u0142ki do w\u0142os\u00f3w\" width=\"300\" height=\"300\" srcset=\"https:\/\/duoruimei.com\/wp-content\/uploads\/2023\/09\/\u5f39\u529b\u53d1\u67605-300x300.jpg 300w, https:\/\/duoruimei.com\/wp-content\/uploads\/2023\/09\/\u5f39\u529b\u53d1\u67605-100x100.jpg 100w, https:\/\/duoruimei.com\/wp-content\/uploads\/2023\/09\/\u5f39\u529b\u53d1\u67605-600x600.jpg 600w, https:\/\/duoruimei.com\/wp-content\/uploads\/2023\/09\/\u5f39\u529b\u53d1\u67605-150x150.jpg 150w, https:\/\/duoruimei.com\/wp-content\/uploads\/2023\/09\/\u5f39\u529b\u53d1\u67605-768x768.jpg 768w, https:\/\/duoruimei.com\/wp-content\/uploads\/2023\/09\/\u5f39\u529b\u53d1\u67605.jpg 800w\" sizes=\"(max-width: 300px) 100vw, 300px\" \/> <img decoding=\"async\" class=\"alignnone wp-image-3458 size-medium\" src=\"https:\/\/img.duoruimei.com\/2023\/09\/\u5e95\u56fe-300x300.jpg\" alt=\" wa\u0142ki do w\u0142os\u00f3w \" width=\"300\" height=\"300\" srcset=\"https:\/\/img.duoruimei.com\/2023\/09\/\u5e95\u56fe-300x300.jpg 300w, https:\/\/img.duoruimei.com\/2023\/09\/\u5e95\u56fe-100x100.jpg 100w, https:\/\/img.duoruimei.com\/2023\/09\/\u5e95\u56fe-600x600.jpg 600w, https:\/\/img.duoruimei.com\/2023\/09\/\u5e95\u56fe-150x150.jpg 150w, https:\/\/img.duoruimei.com\/2023\/09\/\u5e95\u56fe-768x768.jpg 768w, https:\/\/img.duoruimei.com\/2023\/09\/\u5e95\u56fe.jpg 800w\" sizes=\"(max-width: 300px) 100vw, 300px\" \/><\/p>\n<h3 style=\"text-align: left;\"><span style=\"color: #ee965b;\">Szczeg\u00f3\u0142y produktu<\/span><\/h3>\n<p style=\"text-align: left;\"><strong>Pr\u00f3bka\uff1a<\/strong>Zapasy w ci\u0105gu 2 dni. Sprawdzanie 7-10 dni<\/p>\n<p><strong>Produkty na zam\u00f3wienie\uff1a<\/strong>OEM\/ODM<\/p>\n<p><strong>Logo\uff1a<\/strong>Niestandardowe logo<\/p>\n<p><strong>Funkcja\uff1a<\/strong>Sztyft do w\u0142os\u00f3w kr\u0119conych do u\u017cytku domowego<\/p>\n<p><strong>Temperatura\uff1a<\/strong><\/p>\n<p><strong>Zdolno\u015b\u0107 dostawcza\uff1a<\/strong>40 tys. sztuk dziennie<\/p>\n<p><strong>Metody handlowe\uff1a<\/strong>EXW, FOB, DDP, CIF.<\/p>\n<p><strong>P\u0141ATNO\u015a\u0106\uff1a<\/strong>Paypal, T \/ T, Western Union<\/p>\n<p><strong>Czas dostawy\uff1a<\/strong>Zapasy w ci\u0105gu 7 dni. Je\u015bli jest niestandardowy lub du\u017cy, zale\u017cy to od zam\u00f3wienia<\/p>\n<p><strong>Port\uff1a<\/strong>Guangzhou lub Shenzhen<\/p>\n<p><strong>Miejsce pochodzenia\uff1a<\/strong>Guangzhou, Guangdong, Chiny<\/p>\n<p><strong>Szczeg\u00f3\u0142y dotycz\u0105ce opakowania \uff1a<\/strong><br \/>\n18 torebek\/karton<br \/>\nrozmiar kartonu: 47 \u00d7 42 \u00d7 48 cm<br \/>\nWaga netto: 9 KG<br \/>\nWaga brutto: 10 KG<\/p>\n<p><img loading=\"lazy\" decoding=\"async\" class=\"alignnone wp-image-3453 size-medium\" src=\"https:\/\/img.duoruimei.com\/2023\/09\/\u5f39\u529b\u53d1\u67601-1-300x300.jpg\" alt=\"rolka do w\u0142os\u00f3w\" width=\"300\" height=\"300\" srcset=\"https:\/\/img.duoruimei.com\/2023\/09\/\u5f39\u529b\u53d1\u67601-1-300x300.jpg 300w, https:\/\/img.duoruimei.com\/2023\/09\/\u5f39\u529b\u53d1\u67601-1-100x100.jpg 100w, https:\/\/img.duoruimei.com\/2023\/09\/\u5f39\u529b\u53d1\u67601-1-600x600.jpg 600w, https:\/\/img.duoruimei.com\/2023\/09\/\u5f39\u529b\u53d1\u67601-1-150x150.jpg 150w, https:\/\/img.duoruimei.com\/2023\/09\/\u5f39\u529b\u53d1\u67601-1-768x768.jpg 768w, https:\/\/img.duoruimei.com\/2023\/09\/\u5f39\u529b\u53d1\u67601-1.jpg 800w\" sizes=\"(max-width: 300px) 100vw, 300px\" \/><\/p>","protected":false},"excerpt":{"rendered":"<p>Nasi klienci s\u0105 w centrum wszystkiego, co robimy i chcemy by\u0107 najbardziej atrakcyjnym partnerem w oczach naszych klient\u00f3w.<\/p>","protected":false},"featured_media":3453,"comment_status":"open","ping_status":"closed","template":"","meta":{"_seopress_robots_primary_cat":"none","_seopress_titles_title":"","_seopress_titles_desc":"","_seopress_robots_index":""},"product_brand":[],"product_cat":[44],"product_tag":[135,133,137,136,134],"class_list":{"0":"post-131","1":"product","2":"type-product","3":"status-publish","4":"has-post-thumbnail","6":"product_cat-sleeping-gilk-hair-roller","7":"product_tag-china-hair-clips","8":"product_tag-china-hair-roller","9":"product_tag-hair-brush","10":"product_tag-hair-comb","11":"product_tag-hair-curlers","13":"first","14":"instock","15":"shipping-taxable","16":"product-type-simple"},"_links":{"self":[{"href":"https:\/\/duoruimei.com\/pl\/wp-json\/wp\/v2\/product\/131","targetHints":{"allow":["GET"]}}],"collection":[{"href":"https:\/\/duoruimei.com\/pl\/wp-json\/wp\/v2\/product"}],"about":[{"href":"https:\/\/duoruimei.com\/pl\/wp-json\/wp\/v2\/types\/product"}],"replies":[{"embeddable":true,"href":"https:\/\/duoruimei.com\/pl\/wp-json\/wp\/v2\/comments?post=131"}],"wp:featuredmedia":[{"embeddable":true,"href":"https:\/\/duoruimei.com\/pl\/wp-json\/wp\/v2\/media\/3453"}],"wp:attachment":[{"href":"https:\/\/duoruimei.com\/pl\/wp-json\/wp\/v2\/media?parent=131"}],"wp:term":[{"taxonomy":"product_brand","embeddable":true,"href":"https:\/\/duoruimei.com\/pl\/wp-json\/wp\/v2\/product_brand?post=131"},{"taxonomy":"product_cat","embeddable":true,"href":"https:\/\/duoruimei.com\/pl\/wp-json\/wp\/v2\/product_cat?post=131"},{"taxonomy":"product_tag","embeddable":true,"href":"https:\/\/duoruimei.com\/pl\/wp-json\/wp\/v2\/product_tag?post=131"}],"curies":[{"name":"wp","href":"https:\/\/api.w.org\/{rel}","templated":true}]}}