{"id":125,"date":"2023-09-24T22:38:24","date_gmt":"2023-09-25T06:38:24","guid":{"rendered":"https:\/\/duoruimei.com\/?post_type=product&#038;p=125"},"modified":"2024-11-14T02:52:51","modified_gmt":"2024-11-14T10:52:51","slug":"wireless-stereo-headphone","status":"publish","type":"product","link":"https:\/\/duoruimei.com\/pl\/product\/wireless-stereo-headphone\/","title":{"rendered":"Bezcieplne wa\u0142ki do w\u0142os\u00f3w z mi\u0119kkiej g\u0105bki"},"content":{"rendered":"<p>Pillow hair rollers &#8211; Soft sponge hair rollers special for sleep in. foam rollers save your big money and time for salon easy to use. just spray some hair spray on dry hair before you start. curly hair wave\u3001water hair wave\u3001body or beach hair wave \u3001loose wave small or bigger styling kits, most of salon hair style you can do at home by yourself.<br \/>\nOvernight girl hair rollers &#8211; night time rollers for hair with no indentation marks leave. night hair rollers for long\u3001medium size hair. sleep in hair rollers make you can sleep all night.<br \/>\nNo heat sleeping hair rollers &#8211; Satin covered hair rollers made in flexible foam sponge protect hair without any damage. high elasticity dacron pull and fold arbitrarily.<br \/>\nTravel rag rollers for hair &#8211; When and any where always easy to use without any hair clip and suit for all hair type.<\/p>\n<h3><span style=\"color: #ee965b;\">Jak u\u017cywa\u0107<\/span><\/h3>\n<p>\u2022Take a small amount of semi-dry hair,spin it by turning the hair<\/p>\n<p>\u2022From the inside began in the hair<\/p>\n<p>\u2022Fasten the strap by both ends,twist or fold<\/p>\n<p>\u2022After rollers set well.when the hair is dry,removw the curls<\/p>\n<p><img fetchpriority=\"high\" decoding=\"async\" class=\"alignnone wp-image-3427 size-medium\" src=\"https:\/\/img.duoruimei.com\/2023\/09\/\u8be6\u60c5-04-300x300.jpg\" alt=\"wa\u0142ek do w\u0142os\u00f3w\" width=\"300\" height=\"300\" srcset=\"https:\/\/img.duoruimei.com\/2023\/09\/\u8be6\u60c5-04-300x300.jpg 300w, https:\/\/img.duoruimei.com\/2023\/09\/\u8be6\u60c5-04-100x100.jpg 100w, https:\/\/img.duoruimei.com\/2023\/09\/\u8be6\u60c5-04-600x600.jpg 600w, https:\/\/img.duoruimei.com\/2023\/09\/\u8be6\u60c5-04-1024x1024.jpg 1024w, https:\/\/img.duoruimei.com\/2023\/09\/\u8be6\u60c5-04-150x150.jpg 150w, https:\/\/img.duoruimei.com\/2023\/09\/\u8be6\u60c5-04-768x768.jpg 768w, https:\/\/img.duoruimei.com\/2023\/09\/\u8be6\u60c5-04.jpg 1500w\" sizes=\"(max-width: 300px) 100vw, 300px\" \/> <img decoding=\"async\" class=\"alignnone wp-image-3428 size-medium\" src=\"https:\/\/img.duoruimei.com\/2023\/09\/\u8be6\u60c5-07-1-300x300.jpg\" alt=\"wa\u0142ki do w\u0142os\u00f3w\" width=\"300\" height=\"300\" srcset=\"https:\/\/img.duoruimei.com\/2023\/09\/\u8be6\u60c5-07-1-300x300.jpg 300w, https:\/\/img.duoruimei.com\/2023\/09\/\u8be6\u60c5-07-1-100x100.jpg 100w, https:\/\/img.duoruimei.com\/2023\/09\/\u8be6\u60c5-07-1-600x600.jpg 600w, https:\/\/img.duoruimei.com\/2023\/09\/\u8be6\u60c5-07-1-1024x1024.jpg 1024w, https:\/\/img.duoruimei.com\/2023\/09\/\u8be6\u60c5-07-1-150x150.jpg 150w, https:\/\/img.duoruimei.com\/2023\/09\/\u8be6\u60c5-07-1-768x768.jpg 768w, https:\/\/img.duoruimei.com\/2023\/09\/\u8be6\u60c5-07-1.jpg 1500w\" sizes=\"(max-width: 300px) 100vw, 300px\" \/><\/p>\n<h3 style=\"text-align: left;\"><span style=\"color: #ee965b;\">Szczeg\u00f3\u0142y produktu<\/span><\/h3>\n<p style=\"text-align: left;\"><strong>Pr\u00f3bka\uff1a<\/strong>Zapasy w ci\u0105gu 2 dni. Sprawdzanie 7-10 dni<\/p>\n<p><strong>Produkty na zam\u00f3wienie\uff1a<\/strong>OEM\/ODM<\/p>\n<p><strong>Logo\uff1a<\/strong>Niestandardowe logo<\/p>\n<p><strong>Funkcja\uff1a<\/strong>Sztyft do w\u0142os\u00f3w kr\u0119conych do u\u017cytku domowego<\/p>\n<p><strong>Temperatura\uff1a<\/strong><\/p>\n<p><strong>Zdolno\u015b\u0107 dostawcza\uff1a<\/strong>40 tys. sztuk dziennie<\/p>\n<p><strong>Metody handlowe\uff1a<\/strong>EXW, FOB, DDP, CIF.<\/p>\n<p><strong>P\u0141ATNO\u015a\u0106\uff1a<\/strong>Paypal, T \/ T, Western Union<\/p>\n<p><strong>Czas dostawy\uff1a<\/strong>Zapasy w ci\u0105gu 7 dni. Je\u015bli jest niestandardowy lub du\u017cy, zale\u017cy to od zam\u00f3wienia<\/p>\n<p><strong>Port\uff1a<\/strong>Guangzhou lub Shenzhen<\/p>\n<p><strong>Miejsce pochodzenia\uff1a<\/strong>Guangzhou, Guangdong, Chiny<\/p>\n<p><strong>Szczeg\u00f3\u0142y dotycz\u0105ce opakowania \uff1a<\/strong><br \/>\n1000pcs\/carton<br \/>\ncarton size: 55\u00d741\u00d739CM<br \/>\nNet weight: 6 KG<br \/>\nGross weight: 7 KG<\/p>\n<p><img decoding=\"async\" class=\"alignnone wp-image-3429\" src=\"https:\/\/img.duoruimei.com\/2023\/09\/Main-06-300x300.jpg\" alt=\"wa\u0142ki do w\u0142os\u00f3w\" width=\"400\" height=\"400\" srcset=\"https:\/\/img.duoruimei.com\/2023\/09\/Main-06-300x300.jpg 300w, https:\/\/img.duoruimei.com\/2023\/09\/Main-06-100x100.jpg 100w, https:\/\/img.duoruimei.com\/2023\/09\/Main-06-600x600.jpg 600w, https:\/\/img.duoruimei.com\/2023\/09\/Main-06-150x150.jpg 150w, https:\/\/img.duoruimei.com\/2023\/09\/Main-06-768x768.jpg 768w, https:\/\/img.duoruimei.com\/2023\/09\/Main-06.jpg 1000w\" sizes=\"(max-width: 400px) 100vw, 400px\" \/><\/p>\n<p>&nbsp;<\/p>","protected":false},"excerpt":{"rendered":"<p>Nasi klienci s\u0105 w centrum wszystkiego, co robimy i chcemy by\u0107 najbardziej atrakcyjnym partnerem w oczach naszych klient\u00f3w.<\/p>","protected":false},"featured_media":3430,"comment_status":"open","ping_status":"closed","template":"","meta":{"_seopress_robots_primary_cat":"none","_seopress_titles_title":"","_seopress_titles_desc":"","_seopress_robots_index":""},"product_brand":[],"product_cat":[44],"product_tag":[133,136,134],"class_list":{"0":"post-125","1":"product","2":"type-product","3":"status-publish","4":"has-post-thumbnail","6":"product_cat-sleeping-gilk-hair-roller","7":"product_tag-china-hair-roller","8":"product_tag-hair-comb","9":"product_tag-hair-curlers","11":"first","12":"instock","13":"shipping-taxable","14":"product-type-simple"},"_links":{"self":[{"href":"https:\/\/duoruimei.com\/pl\/wp-json\/wp\/v2\/product\/125","targetHints":{"allow":["GET"]}}],"collection":[{"href":"https:\/\/duoruimei.com\/pl\/wp-json\/wp\/v2\/product"}],"about":[{"href":"https:\/\/duoruimei.com\/pl\/wp-json\/wp\/v2\/types\/product"}],"replies":[{"embeddable":true,"href":"https:\/\/duoruimei.com\/pl\/wp-json\/wp\/v2\/comments?post=125"}],"wp:featuredmedia":[{"embeddable":true,"href":"https:\/\/duoruimei.com\/pl\/wp-json\/wp\/v2\/media\/3430"}],"wp:attachment":[{"href":"https:\/\/duoruimei.com\/pl\/wp-json\/wp\/v2\/media?parent=125"}],"wp:term":[{"taxonomy":"product_brand","embeddable":true,"href":"https:\/\/duoruimei.com\/pl\/wp-json\/wp\/v2\/product_brand?post=125"},{"taxonomy":"product_cat","embeddable":true,"href":"https:\/\/duoruimei.com\/pl\/wp-json\/wp\/v2\/product_cat?post=125"},{"taxonomy":"product_tag","embeddable":true,"href":"https:\/\/duoruimei.com\/pl\/wp-json\/wp\/v2\/product_tag?post=125"}],"curies":[{"name":"wp","href":"https:\/\/api.w.org\/{rel}","templated":true}]}}