{"id":7552,"date":"2025-05-28T18:12:17","date_gmt":"2025-05-29T02:12:17","guid":{"rendered":"https:\/\/duoruimei.com\/?post_type=product&#038;p=7552"},"modified":"2025-05-28T19:59:36","modified_gmt":"2025-05-29T03:59:36","slug":"metalen-eendenbek-haarspeld","status":"publish","type":"product","link":"https:\/\/duoruimei.com\/nl\/product\/metal-duckbill-hairpin\/","title":{"rendered":"Metalen eendenbek haarspeld"},"content":{"rendered":"<p data-start=\"127\" data-end=\"557\">Onze metalen eendenbek haarspeld is ontworpen voor professionele hairstylisten en beauty liefhebbers die zowel duurzaamheid als precisie eisen. Deze eendenbek haarspeld is gemaakt van hoogwaardig metaal en heeft een slank, slank profiel dat zorgt voor een stevige grip op elk haartype zonder schade of ongemak te veroorzaken. De gladde afwerking voorkomt dat het haar blijft haken, waardoor het ideaal is voor het maken van secties en styling tijdens het knippen, kleuren of warmtebehandelingen.<\/p>\n<p data-start=\"559\" data-end=\"572\">Belangrijkste kenmerken:<\/p>\n<ul data-start=\"573\" data-end=\"824\">\n<li data-start=\"573\" data-end=\"632\">\n<p data-start=\"575\" data-end=\"632\">Gemaakt van stevig, roestbestendig metaal voor langdurig gebruik<\/p>\n<\/li>\n<li data-start=\"633\" data-end=\"687\">\n<p data-start=\"635\" data-end=\"687\">Slank en lichtgewicht ontwerp voor comfortabele bediening<\/p>\n<\/li>\n<li data-start=\"688\" data-end=\"735\">\n<p data-start=\"690\" data-end=\"735\">Sterke grip die het haar stevig op zijn plaats houdt<\/p>\n<\/li>\n<li data-start=\"736\" data-end=\"773\">\n<p data-start=\"738\" data-end=\"773\">Gladde randen om haarbreuk te voorkomen<\/p>\n<\/li>\n<li data-start=\"774\" data-end=\"824\">\n<p data-start=\"776\" data-end=\"824\">Perfect voor professionele salons en persoonlijk gebruik<\/p>\n<\/li>\n<\/ul>\n<p data-start=\"826\" data-end=\"983\">Of je nu ingewikkelde kapsels cre\u00ebert of grote secties haar onder handen neemt, onze metalen eendenbek haarspeld biedt betrouwbaarheid en stijl in \u00e9\u00e9n eenvoudig hulpmiddel.<\/p>\n<hr data-start=\"985\" data-end=\"988\" \/>\n<h3><span style=\"color: #ee965b;\">Aanpassing en leveringsinformatie<\/span><\/h3>\n<p data-start=\"1028\" data-end=\"1181\">We begrijpen dat elke salon en elk merk unieke behoeften heeft. Daarom bieden we flexibele aanpassingsmogelijkheden voor onze metalen Duckbill Haarspelden, inclusief:<\/p>\n<ul data-start=\"1183\" data-end=\"1415\">\n<li data-start=\"1183\" data-end=\"1237\">\n<p data-start=\"1185\" data-end=\"1237\">Aangepaste kleuren en afwerkingen (mat, glanzend, metallic)<\/p>\n<\/li>\n<li data-start=\"1238\" data-end=\"1281\">\n<p data-start=\"1240\" data-end=\"1281\">Logo bedrukken of graveren op de haarspeld<\/p>\n<\/li>\n<li data-start=\"1282\" data-end=\"1343\">\n<p data-start=\"1284\" data-end=\"1343\">Verpakkingsoplossingen op maat die passen bij uw merkidentiteit<\/p>\n<\/li>\n<li data-start=\"1344\" data-end=\"1415\">\n<p data-start=\"1346\" data-end=\"1415\">Minimum bestelhoeveelheden voor zowel kleine als bulkaankopen<\/p>\n<\/li>\n<\/ul>\n<p data-start=\"1417\" data-end=\"1430\"><strong data-start=\"1417\" data-end=\"1430\">Levering:<\/strong><\/p>\n<ul data-start=\"1431\" data-end=\"1655\">\n<li data-start=\"1431\" data-end=\"1509\">\n<p data-start=\"1433\" data-end=\"1509\">Doorlooptijd productie: Gewoonlijk 15-20 werkdagen na orderbevestiging<\/p>\n<\/li>\n<li data-start=\"1510\" data-end=\"1593\">\n<p data-start=\"1512\" data-end=\"1593\">Verzendopties: Express luchtvracht, zeevracht of koeriersdiensten beschikbaar<\/p>\n<\/li>\n<li data-start=\"1594\" data-end=\"1655\">\n<p data-start=\"1596\" data-end=\"1655\">Verpakking: Goed verpakt om schade tijdens transport te voorkomen<\/p>\n<\/li>\n<\/ul>\n<p data-start=\"1657\" data-end=\"1741\">Neem vandaag nog contact met ons op om je specifieke wensen te bespreken en een persoonlijke offerte te ontvangen!<\/p>\n<p data-start=\"1657\" data-end=\"1741\"><img fetchpriority=\"high\" decoding=\"async\" class=\"alignnone size-medium wp-image-7556\" src=\"https:\/\/img.duoruimei.com\/2025\/05\/Metal-duckbill-hairpin-2-300x300.webp\" alt=\"Metalen eendenbek haarspeld\" width=\"300\" height=\"300\" srcset=\"https:\/\/img.duoruimei.com\/2025\/05\/Metal-duckbill-hairpin-2-300x300.webp 300w, https:\/\/img.duoruimei.com\/2025\/05\/Metal-duckbill-hairpin-2-150x150.webp 150w, https:\/\/img.duoruimei.com\/2025\/05\/Metal-duckbill-hairpin-2-100x100.webp 100w, https:\/\/img.duoruimei.com\/2025\/05\/Metal-duckbill-hairpin-2.webp 500w\" sizes=\"(max-width: 300px) 100vw, 300px\" \/> <img decoding=\"async\" class=\"alignnone size-medium wp-image-7559\" src=\"https:\/\/img.duoruimei.com\/2025\/05\/Metal-duckbill-hairpin-4-300x300.webp\" alt=\"Metalen eendenbek haarspeld\" width=\"300\" height=\"300\" srcset=\"https:\/\/img.duoruimei.com\/2025\/05\/Metal-duckbill-hairpin-4-300x300.webp 300w, https:\/\/img.duoruimei.com\/2025\/05\/Metal-duckbill-hairpin-4-150x150.webp 150w, https:\/\/img.duoruimei.com\/2025\/05\/Metal-duckbill-hairpin-4-100x100.webp 100w, https:\/\/img.duoruimei.com\/2025\/05\/Metal-duckbill-hairpin-4.webp 500w\" sizes=\"(max-width: 300px) 100vw, 300px\" \/><\/p>","protected":false},"excerpt":{"rendered":"<p data-start=\"85\" data-end=\"324\">Hoogwaardige metalen eendenbek haarspeld met sterke grip en duurzaam ontwerp, perfect voor professionele hairstyling en dagelijks gebruik. Aanpasbare kleuren en logo beschikbaar. Groothandelsprijzen, ideaal voor merken en salons.<\/p>","protected":false},"featured_media":7575,"comment_status":"open","ping_status":"closed","template":"","meta":{"_seopress_robots_primary_cat":"none","_seopress_titles_title":"","_seopress_titles_desc":"","_seopress_robots_index":""},"product_brand":[],"product_cat":[16],"product_tag":[326,329,327,328,325],"class_list":{"0":"post-7552","1":"product","2":"type-product","3":"status-publish","4":"has-post-thumbnail","6":"product_cat-hair-clip","7":"product_tag-bulk-hair-clips","8":"product_tag-custom-hair-clip-orders","9":"product_tag-metal-hairpin-supplier","10":"product_tag-professional-hair-tools","11":"product_tag-wholesale-hair-accessories","13":"first","14":"instock","15":"shipping-taxable","16":"product-type-simple"},"_links":{"self":[{"href":"https:\/\/duoruimei.com\/nl\/wp-json\/wp\/v2\/product\/7552","targetHints":{"allow":["GET"]}}],"collection":[{"href":"https:\/\/duoruimei.com\/nl\/wp-json\/wp\/v2\/product"}],"about":[{"href":"https:\/\/duoruimei.com\/nl\/wp-json\/wp\/v2\/types\/product"}],"replies":[{"embeddable":true,"href":"https:\/\/duoruimei.com\/nl\/wp-json\/wp\/v2\/comments?post=7552"}],"wp:featuredmedia":[{"embeddable":true,"href":"https:\/\/duoruimei.com\/nl\/wp-json\/wp\/v2\/media\/7575"}],"wp:attachment":[{"href":"https:\/\/duoruimei.com\/nl\/wp-json\/wp\/v2\/media?parent=7552"}],"wp:term":[{"taxonomy":"product_brand","embeddable":true,"href":"https:\/\/duoruimei.com\/nl\/wp-json\/wp\/v2\/product_brand?post=7552"},{"taxonomy":"product_cat","embeddable":true,"href":"https:\/\/duoruimei.com\/nl\/wp-json\/wp\/v2\/product_cat?post=7552"},{"taxonomy":"product_tag","embeddable":true,"href":"https:\/\/duoruimei.com\/nl\/wp-json\/wp\/v2\/product_tag?post=7552"}],"curies":[{"name":"wp","href":"https:\/\/api.w.org\/{rel}","templated":true}]}}