{"id":3434,"date":"2024-06-06T08:08:30","date_gmt":"2024-06-06T16:08:30","guid":{"rendered":"https:\/\/duoruimei.com\/?post_type=product&#038;p=3434"},"modified":"2024-12-23T01:13:25","modified_gmt":"2024-12-23T09:13:25","slug":"pvc-patterned-hair-roller","status":"publish","type":"product","link":"https:\/\/duoruimei.com\/nl\/product\/pvc-patterned-hair-roller\/","title":{"rendered":"PVC haarroller met patroon"},"content":{"rendered":"<p>PREMIUM QUALITY HAIR ROLLER: Each HAIR ROLLER is made with an aluminium sheet heat core that is crafted to distribute heat evenly, defining the curls while cooling them and providing longer lasting volume with less heat.<\/p>\n<p>LONG-LASTING VOLUME: By adding lift to the roots, the Velcro Curlers for volume set pump serious, long-lasting volume and bounce into your waves and curls. This blowout rollers is perfect for any hair length.<\/p>\n<p>EASY TO USE: Simply insert Velcro hair rollers to almost dried hair, heat with a blow dryer to warm the Rollers and allow to cool before removing. The self-grip velcro material on each Roller creates a strong hold while avoiding pulling and damage to your strands.<\/p>\n<p>COMPACT SIZE: Easily pack your Hair Rollers in an overnight bag so you can create soft curls or waves on the go as well as at home. The packaging serves as a reusable pouch for easy storage and transport at all times.<\/p>\n<p><img fetchpriority=\"high\" decoding=\"async\" class=\"alignnone wp-image-3437\" src=\"https:\/\/img.duoruimei.com\/2024\/06\/\u8be6\u60c5\u98752-300x123.jpg\" alt=\"Cartoon hair roller\" width=\"1200\" height=\"492\" srcset=\"https:\/\/img.duoruimei.com\/2024\/06\/\u8be6\u60c5\u98752-300x123.jpg 300w, https:\/\/img.duoruimei.com\/2024\/06\/\u8be6\u60c5\u98752-1024x420.jpg 1024w, https:\/\/img.duoruimei.com\/2024\/06\/\u8be6\u60c5\u98752-768x315.jpg 768w, https:\/\/img.duoruimei.com\/2024\/06\/\u8be6\u60c5\u98752-600x246.jpg 600w, https:\/\/img.duoruimei.com\/2024\/06\/\u8be6\u60c5\u98752.jpg 1464w\" sizes=\"(max-width: 1200px) 100vw, 1200px\" \/><\/p>\n<h3><span style=\"color: #ee965b;\">How to use<\/span><\/h3>\n<p>\u2022Section your hair<\/p>\n<p>\u2022Place roller at the root<\/p>\n<p>\u2022Brush upward<\/p>\n<p>\u2022Roll downward<\/p>\n<p>\u2022Apply heat with blow-dryer &amp; leave inuntil hair is completelydry<\/p>\n<p>\u2022Remove the roller by pulling gently outthe side of curl<\/p>\n<p><img decoding=\"async\" class=\"alignnone wp-image-3369 size-medium\" src=\"https:\/\/img.duoruimei.com\/2023\/09\/photobank-300x300.jpg\" alt=\"Hair curling tube tutorial\" width=\"300\" height=\"300\" srcset=\"https:\/\/img.duoruimei.com\/2023\/09\/photobank-300x300.jpg 300w, https:\/\/img.duoruimei.com\/2023\/09\/photobank-100x100.jpg 100w, https:\/\/img.duoruimei.com\/2023\/09\/photobank-600x600.jpg 600w, https:\/\/img.duoruimei.com\/2023\/09\/photobank-150x150.jpg 150w, https:\/\/img.duoruimei.com\/2023\/09\/photobank.jpg 750w\" sizes=\"(max-width: 300px) 100vw, 300px\" \/><\/p>\n<h3 style=\"text-align: left;\"><span style=\"color: #ee965b;\">Product Details<\/span><\/h3>\n<p style=\"text-align: left;\"><strong>Sample\uff1a<\/strong>Stocks in 2 days. Proofing 7-10 days<\/p>\n<p><strong>Customised products\uff1a<\/strong>OEM\/ODM<\/p>\n<p><strong>Logo\uff1a<\/strong>Customized Logo<\/p>\n<p><strong>Feature\uff1a<\/strong>A curly hair stick for home use<\/p>\n<p><strong>Temperature\uff1a<\/strong>HOT<\/p>\n<p><strong>Supply Ability\uff1a<\/strong>40K Piece\/Pieces per Day<\/p>\n<p><strong>Trading methods\uff1a<\/strong>EXW,FOB,DDP,CIF.<\/p>\n<p><strong>PAYMENT\uff1a<\/strong>Paypal , T\/T, Western Union<\/p>\n<p><strong>Delivery Time\uff1a<\/strong>Stocks in 7 days. If it is customized or large, it depends on the order<\/p>\n<p><strong>Port\uff1a<\/strong>Guangzhou or Shenzhen<\/p>\n<p><strong>Place of Origin\uff1a<\/strong>Guangzhou,Guangdong, China<\/p>\n<p><strong>All Size:<\/strong><br \/>\n17MM,20MM,22MM,24MM,28MM,32MM,36MM,<\/p>\n<p>40MM,46MM,50MM,60MM,30\u00d7105MM<\/p>\n<p>,40\u00d7105MM,50\u00d7105MM,50\u00d7120MM,<\/p>\n<p><strong>Packaging Details\uff1a<\/strong><br \/>\n2000 pcs\/carton<br \/>\ncarton size: 50\u00d750\u00d754CM<br \/>\nNet weight: KG<br \/>\nGross weight: KG<\/p>\n<p><img decoding=\"async\" class=\"alignnone wp-image-3443 size-medium\" src=\"https:\/\/img.duoruimei.com\/2024\/06\/PVC\u5361\u53d1\u5377-5-300x300.jpg\" alt=\"Yellow patterned curlers\" width=\"300\" height=\"300\" srcset=\"https:\/\/img.duoruimei.com\/2024\/06\/PVC\u5361\u53d1\u5377-5-300x300.jpg 300w, https:\/\/img.duoruimei.com\/2024\/06\/PVC\u5361\u53d1\u5377-5-100x100.jpg 100w, https:\/\/img.duoruimei.com\/2024\/06\/PVC\u5361\u53d1\u5377-5-600x600.jpg 600w, https:\/\/img.duoruimei.com\/2024\/06\/PVC\u5361\u53d1\u5377-5-1024x1024.jpg 1024w, https:\/\/img.duoruimei.com\/2024\/06\/PVC\u5361\u53d1\u5377-5-150x150.jpg 150w, https:\/\/img.duoruimei.com\/2024\/06\/PVC\u5361\u53d1\u5377-5-768x768.jpg 768w, https:\/\/img.duoruimei.com\/2024\/06\/PVC\u5361\u53d1\u5377-5-1536x1536.jpg 1536w, https:\/\/img.duoruimei.com\/2024\/06\/PVC\u5361\u53d1\u5377-5.jpg 2000w\" sizes=\"(max-width: 300px) 100vw, 300px\" \/> <img loading=\"lazy\" decoding=\"async\" class=\"alignnone wp-image-3444 size-medium\" src=\"https:\/\/img.duoruimei.com\/2024\/06\/PVC\u5361\u53d1\u5377-7-300x300.jpg\" alt=\"Cartoon hair roller\" width=\"300\" height=\"300\" srcset=\"https:\/\/img.duoruimei.com\/2024\/06\/PVC\u5361\u53d1\u5377-7-300x300.jpg 300w, https:\/\/img.duoruimei.com\/2024\/06\/PVC\u5361\u53d1\u5377-7-100x100.jpg 100w, https:\/\/img.duoruimei.com\/2024\/06\/PVC\u5361\u53d1\u5377-7-600x600.jpg 600w, https:\/\/img.duoruimei.com\/2024\/06\/PVC\u5361\u53d1\u5377-7-1024x1024.jpg 1024w, https:\/\/img.duoruimei.com\/2024\/06\/PVC\u5361\u53d1\u5377-7-150x150.jpg 150w, https:\/\/img.duoruimei.com\/2024\/06\/PVC\u5361\u53d1\u5377-7-768x768.jpg 768w, https:\/\/img.duoruimei.com\/2024\/06\/PVC\u5361\u53d1\u5377-7-1536x1536.jpg 1536w, https:\/\/img.duoruimei.com\/2024\/06\/PVC\u5361\u53d1\u5377-7.jpg 2000w\" sizes=\"(max-width: 300px) 100vw, 300px\" \/><\/p>","protected":false},"excerpt":{"rendered":"<p>Our customers are at the center of everything we do, and we want to be the most attractive partner in the eyes of our customers.<\/p>","protected":false},"featured_media":5810,"comment_status":"open","ping_status":"closed","template":"","meta":{"_seopress_robots_primary_cat":"none","_seopress_titles_title":"","_seopress_titles_desc":"","_seopress_robots_index":""},"product_brand":[],"product_cat":[46],"product_tag":[135,133,137,136,134],"class_list":{"0":"post-3434","1":"product","2":"type-product","3":"status-publish","4":"has-post-thumbnail","6":"product_cat-patterned-hair-roller","7":"product_tag-china-hair-clips","8":"product_tag-china-hair-roller","9":"product_tag-hair-brush","10":"product_tag-hair-comb","11":"product_tag-hair-curlers","13":"first","14":"instock","15":"shipping-taxable","16":"product-type-simple"},"_links":{"self":[{"href":"https:\/\/duoruimei.com\/nl\/wp-json\/wp\/v2\/product\/3434","targetHints":{"allow":["GET"]}}],"collection":[{"href":"https:\/\/duoruimei.com\/nl\/wp-json\/wp\/v2\/product"}],"about":[{"href":"https:\/\/duoruimei.com\/nl\/wp-json\/wp\/v2\/types\/product"}],"replies":[{"embeddable":true,"href":"https:\/\/duoruimei.com\/nl\/wp-json\/wp\/v2\/comments?post=3434"}],"wp:featuredmedia":[{"embeddable":true,"href":"https:\/\/duoruimei.com\/nl\/wp-json\/wp\/v2\/media\/5810"}],"wp:attachment":[{"href":"https:\/\/duoruimei.com\/nl\/wp-json\/wp\/v2\/media?parent=3434"}],"wp:term":[{"taxonomy":"product_brand","embeddable":true,"href":"https:\/\/duoruimei.com\/nl\/wp-json\/wp\/v2\/product_brand?post=3434"},{"taxonomy":"product_cat","embeddable":true,"href":"https:\/\/duoruimei.com\/nl\/wp-json\/wp\/v2\/product_cat?post=3434"},{"taxonomy":"product_tag","embeddable":true,"href":"https:\/\/duoruimei.com\/nl\/wp-json\/wp\/v2\/product_tag?post=3434"}],"curies":[{"name":"wp","href":"https:\/\/api.w.org\/{rel}","templated":true}]}}