{"id":140,"date":"2023-09-24T22:41:52","date_gmt":"2023-09-25T06:41:52","guid":{"rendered":"https:\/\/duoruimei.com\/?post_type=product&#038;p=140"},"modified":"2024-12-23T01:57:40","modified_gmt":"2024-12-23T09:57:40","slug":"usb-charger-type-c-eu-adapter","status":"publish","type":"product","link":"https:\/\/duoruimei.com\/ko\/product\/usb-charger-type-c-eu-adapter\/","title":{"rendered":"\ud5e4\uc5b4 \ub864\ub7ec"},"content":{"rendered":"<p>PREMIUM QUALITY HAIR ROLLER: Each HAIR ROLLER is made with an aluminium sheet heat core that is crafted to distribute heat evenly, defining the curls while cooling them and providing longer lasting volume with less heat.<\/p>\n<p>LONG-LASTING VOLUME: By adding lift to the roots, the Velcro Curlers for volume set pump serious, long-lasting volume and bounce into your waves and curls. This blowout rollers is perfect for any hair length.<\/p>\n<p>EASY TO USE: Simply insert Velcro hair rollers to almost dried hair, heat with a blow dryer to warm the Rollers and allow to cool before removing. The self-grip velcro material on each Roller creates a strong hold while avoiding pulling and damage to your strands.<\/p>\n<p>COMPACT SIZE: Easily pack your Hair Rollers in an overnight bag so you can create soft curls or waves on the go as well as at home. The packaging serves as a reusable pouch for easy storage and transport at all times.<\/p>\n<p><img fetchpriority=\"high\" decoding=\"async\" class=\"alignnone wp-image-3310\" src=\"https:\/\/img.duoruimei.com\/2023\/09\/\u8be6\u60c5\u98752-300x123.jpg\" alt=\"\" width=\"1200\" height=\"492\" srcset=\"https:\/\/img.duoruimei.com\/2023\/09\/\u8be6\u60c5\u98752-300x123.jpg 300w, https:\/\/img.duoruimei.com\/2023\/09\/\u8be6\u60c5\u98752-1024x420.jpg 1024w, https:\/\/img.duoruimei.com\/2023\/09\/\u8be6\u60c5\u98752-768x315.jpg 768w, https:\/\/img.duoruimei.com\/2023\/09\/\u8be6\u60c5\u98752-600x246.jpg 600w, https:\/\/img.duoruimei.com\/2023\/09\/\u8be6\u60c5\u98752.jpg 1464w\" sizes=\"(max-width: 1200px) 100vw, 1200px\" \/><\/p>\n<h3><span style=\"color: #ee965b;\">\uc0ac\uc6a9 \ubc29\ubc95<\/span><\/h3>\n<p>\u2022Section your hair<\/p>\n<p>\u2022Place roller at the root<\/p>\n<p>\u2022Brush upward<\/p>\n<p>\u2022Roll downward<\/p>\n<p>\u2022Apply heat with blow-dryer &amp; leave inuntil hair is completelydry<\/p>\n<p>\u2022Remove the roller by pulling gently outthe side of curl<\/p>\n<p><img decoding=\"async\" class=\"wp-image-3306\" src=\"https:\/\/img.duoruimei.com\/2024\/05\/2172bb271d1b612528e654ff0225f27-1-279x300.jpg\" alt=\"\" width=\"700\" height=\"754\" srcset=\"https:\/\/img.duoruimei.com\/2024\/05\/2172bb271d1b612528e654ff0225f27-1-279x300.jpg 279w, https:\/\/img.duoruimei.com\/2024\/05\/2172bb271d1b612528e654ff0225f27-1-600x646.jpg 600w, https:\/\/img.duoruimei.com\/2024\/05\/2172bb271d1b612528e654ff0225f27-1-951x1024.jpg 951w, https:\/\/img.duoruimei.com\/2024\/05\/2172bb271d1b612528e654ff0225f27-1-768x827.jpg 768w, https:\/\/img.duoruimei.com\/2024\/05\/2172bb271d1b612528e654ff0225f27-1.jpg 977w\" sizes=\"(max-width: 700px) 100vw, 700px\" \/><\/p>\n<h3 style=\"text-align: left;\"><span style=\"color: #ee965b;\">\uc81c\ud488 \uc138\ubd80 \uc815\ubcf4<\/span><\/h3>\n<p><strong>Sample\uff1a<\/strong>Stocks in 2 days. Proofing 7-10 days<\/p>\n<p><strong>Customised products\uff1a<\/strong>OEM\/ODM<\/p>\n<p><strong>Logo\uff1a<\/strong>Customized Logo<\/p>\n<p><strong>Feature\uff1a<\/strong>Self Grip Hair Rollers for Blowout Look for Long Hair<\/p>\n<p><strong>Temperature\uff1a<\/strong>HOT<\/p>\n<p><strong>Supply Ability\uff1a<\/strong>40K Piece\/Pieces per Day<\/p>\n<p><strong>Trading methods\uff1a<\/strong>EXW,FOB,DDP,CIF.<\/p>\n<p><strong>PAYMENT\uff1a<\/strong>Paypal , T\/T, Western Union<\/p>\n<p><strong>Delivery Time\uff1a<\/strong>Stocks in 7 days. If it is customized or large, it depends on the order<\/p>\n<p><strong>Place of Origin\uff1a<\/strong>Guangzhou,Guangdong, China<\/p>\n<p><strong>Al Size:<\/strong><\/p>\n<p>17MM,20MM,22MM,24MM,28MM,32MM,36MM,<\/p>\n<p>40MM,46MM,50MM,60MM,30\u00d7105MM,<\/p>\n<p>40\u00d7105MM,50\u00d7105MM,50\u00d7120MM,<\/p>\n<p><strong>\ud3ec\uc7a5 \uc138\ubd80 \uc815\ubcf4 : \ud3ec\uc7a5<\/strong><br \/>\n80set\/carton<br \/>\ncarton size: 70\u00d765\u00d733CM<br \/>\nNet weight:7.6 KG<br \/>\nGross weight:8.6 KG<\/p>\n<p><img decoding=\"async\" class=\"alignnone wp-image-3316\" src=\"https:\/\/img.duoruimei.com\/2023\/09\/\u5305\u88c5-300x300.jpg\" alt=\"\" width=\"600\" height=\"600\" srcset=\"https:\/\/img.duoruimei.com\/2023\/09\/\u5305\u88c5-300x300.jpg 300w, https:\/\/img.duoruimei.com\/2023\/09\/\u5305\u88c5-100x100.jpg 100w, https:\/\/img.duoruimei.com\/2023\/09\/\u5305\u88c5-600x600.jpg 600w, https:\/\/img.duoruimei.com\/2023\/09\/\u5305\u88c5-1024x1024.jpg 1024w, https:\/\/img.duoruimei.com\/2023\/09\/\u5305\u88c5-150x150.jpg 150w, https:\/\/img.duoruimei.com\/2023\/09\/\u5305\u88c5-768x768.jpg 768w, https:\/\/img.duoruimei.com\/2023\/09\/\u5305\u88c5.jpg 1100w\" sizes=\"(max-width: 600px) 100vw, 600px\" \/><\/p>","protected":false},"excerpt":{"rendered":"<p>Our customers are at the center of everything we do, and we want to be the most attractive partner in the eyes of our customers.<\/p>","protected":false},"featured_media":3040,"comment_status":"open","ping_status":"closed","template":"","meta":{"_seopress_robots_primary_cat":"none","_seopress_titles_title":"","_seopress_titles_desc":"","_seopress_robots_index":""},"product_brand":[],"product_cat":[37],"product_tag":[135,133,137,136,134],"class_list":{"0":"post-140","1":"product","2":"type-product","3":"status-publish","4":"has-post-thumbnail","6":"product_cat-ceramics-hair-roller","7":"product_tag-china-hair-clips","8":"product_tag-china-hair-roller","9":"product_tag-hair-brush","10":"product_tag-hair-comb","11":"product_tag-hair-curlers","13":"first","14":"instock","15":"shipping-taxable","16":"product-type-variable"},"_links":{"self":[{"href":"https:\/\/duoruimei.com\/ko\/wp-json\/wp\/v2\/product\/140","targetHints":{"allow":["GET"]}}],"collection":[{"href":"https:\/\/duoruimei.com\/ko\/wp-json\/wp\/v2\/product"}],"about":[{"href":"https:\/\/duoruimei.com\/ko\/wp-json\/wp\/v2\/types\/product"}],"replies":[{"embeddable":true,"href":"https:\/\/duoruimei.com\/ko\/wp-json\/wp\/v2\/comments?post=140"}],"wp:featuredmedia":[{"embeddable":true,"href":"https:\/\/duoruimei.com\/ko\/wp-json\/wp\/v2\/media\/3040"}],"wp:attachment":[{"href":"https:\/\/duoruimei.com\/ko\/wp-json\/wp\/v2\/media?parent=140"}],"wp:term":[{"taxonomy":"product_brand","embeddable":true,"href":"https:\/\/duoruimei.com\/ko\/wp-json\/wp\/v2\/product_brand?post=140"},{"taxonomy":"product_cat","embeddable":true,"href":"https:\/\/duoruimei.com\/ko\/wp-json\/wp\/v2\/product_cat?post=140"},{"taxonomy":"product_tag","embeddable":true,"href":"https:\/\/duoruimei.com\/ko\/wp-json\/wp\/v2\/product_tag?post=140"}],"curies":[{"name":"wp","href":"https:\/\/api.w.org\/{rel}","templated":true}]}}