{"id":139,"date":"2023-09-24T22:41:52","date_gmt":"2023-09-25T06:41:52","guid":{"rendered":"https:\/\/duoruimei.com\/?post_type=product&#038;p=139"},"modified":"2024-11-29T07:31:32","modified_gmt":"2024-11-29T15:31:32","slug":"bluetooth-stereo-headset-handsfree","status":"publish","type":"product","link":"https:\/\/duoruimei.com\/ja\/product\/bluetooth-stereo-headset-handsfree\/","title":{"rendered":"\u30d8\u30a2\u30ed\u30fc\u30e9\u30fc"},"content":{"rendered":"<p>\u6700\u9ad8\u54c1\u8cea\u306e\u30d8\u30a2\u30ed\u30fc\u30e9\u30fc: \u5404\u30d8\u30a2\u30ed\u30fc\u30e9\u30fc\u306f\u30a2\u30eb\u30df\u30cb\u30a6\u30e0\u30b7\u30fc\u30c8\u306e\u30d2\u30fc\u30c8\u30b3\u30a2\u3092\u4f7f\u7528\u3057\u3066\u304a\u308a\u3001\u71b1\u3092\u5747\u7b49\u306b\u5206\u6563\u3055\u305b\u3001\u30ab\u30fc\u30eb\u3092\u6574\u3048\u306a\u304c\u3089\u51b7\u5374\u3057\u3001\u5c11\u306a\u3044\u71b1\u3067\u30dc\u30ea\u30e5\u30fc\u30e0\u3092\u9577\u6301\u3061\u3055\u305b\u307e\u3059\u3002<\/p>\n<p>\u9577\u6301\u3061\u3059\u308b\u30dc\u30ea\u30e5\u30fc\u30e0\uff1a\u6839\u5143\u306b\u30ea\u30d5\u30c8\u30a2\u30c3\u30d7\u3092\u52a0\u3048\u308b\u3053\u3068\u3067\u3001\u30dc\u30ea\u30e5\u30fc\u30e0\u30bb\u30c3\u30c8\u7528\u30d9\u30eb\u30af\u30ed\u30ab\u30fc\u30e9\u30fc\u306f\u3001\u30a6\u30a7\u30fc\u30d6\u3084\u30ab\u30fc\u30eb\u306b\u672c\u683c\u7684\u306a\u30dc\u30ea\u30e5\u30fc\u30e0\u3068\u30cf\u30ea\u3092\u9577\u6301\u3061\u3055\u305b\u307e\u3059\u3002\u3053\u306e\u30d6\u30ed\u30fc\u30ed\u30fc\u30e9\u30fc\u306f\u3069\u3093\u306a\u9aea\u306e\u9577\u3055\u306b\u3082\u6700\u9069\u3067\u3059\u3002<\/p>\n<p>\u4f7f\u3044\u65b9\u306f\u7c21\u5358\uff1a\u30c9\u30e9\u30a4\u30e4\u30fc\u3067\u30ed\u30fc\u30e9\u30fc\u3092\u6e29\u3081\u3001\u51b7\u307e\u3057\u3066\u304b\u3089\u53d6\u308a\u5916\u3057\u307e\u3059\u3002\u30d9\u30eb\u30af\u30ed\u304c\u9aea\u3092\u3057\u3063\u304b\u308a\u30db\u30fc\u30eb\u30c9\u3057\u3001\u9aea\u304c\u5f15\u3063\u5f35\u3089\u308c\u305f\u308a\u50b7\u3093\u3060\u308a\u3059\u308b\u306e\u3092\u9632\u304e\u307e\u3059\u3002<\/p>\n<p>\u30b3\u30f3\u30d1\u30af\u30c8\u30b5\u30a4\u30ba\uff1a\u30d8\u30a2\u30ed\u30fc\u30e9\u30fc\u3092\u30aa\u30fc\u30d0\u30fc\u30ca\u30a4\u30c8\u30d0\u30c3\u30b0\u306b\u7c21\u5358\u306b\u53ce\u7d0d\u3067\u304d\u308b\u306e\u3067\u3001\u5916\u51fa\u5148\u3067\u3082\u81ea\u5b85\u3067\u3082\u30bd\u30d5\u30c8\u306a\u30ab\u30fc\u30eb\u3084\u30a6\u30a7\u30fc\u30d6\u3092\u4f5c\u308b\u3053\u3068\u304c\u3067\u304d\u307e\u3059\u3002\u30d1\u30c3\u30b1\u30fc\u30b8\u306f\u518d\u5229\u7528\u53ef\u80fd\u306a\u30dd\u30fc\u30c1\u3068\u3057\u3066\u3001\u3044\u3064\u3067\u3082\u7c21\u5358\u306b\u4fdd\u7ba1\u30fb\u6301\u3061\u904b\u3073\u304c\u3067\u304d\u307e\u3059\u3002<\/p>\n<p><img fetchpriority=\"high\" decoding=\"async\" class=\"alignnone wp-image-3329\" src=\"https:\/\/img.duoruimei.com\/2023\/09\/\u8be6\u60c5\u98752-2-300x123.jpg\" alt=\"\" width=\"1200\" height=\"492\" srcset=\"https:\/\/img.duoruimei.com\/2023\/09\/\u8be6\u60c5\u98752-2-300x123.jpg 300w, https:\/\/img.duoruimei.com\/2023\/09\/\u8be6\u60c5\u98752-2-600x246.jpg 600w, https:\/\/img.duoruimei.com\/2023\/09\/\u8be6\u60c5\u98752-2-1024x420.jpg 1024w, https:\/\/img.duoruimei.com\/2023\/09\/\u8be6\u60c5\u98752-2-768x315.jpg 768w, https:\/\/img.duoruimei.com\/2023\/09\/\u8be6\u60c5\u98752-2.jpg 1464w\" sizes=\"(max-width: 1200px) 100vw, 1200px\" \/><\/p>\n<h3><span style=\"color: #ee965b;\">\u4f7f\u7528\u65b9\u6cd5<\/span><\/h3>\n<p>-\u9aea\u3092\u5207\u308b<\/p>\n<p>-\u6839\u5143\u306b\u30ed\u30fc\u30e9\u30fc\u3092\u7f6e\u304f<\/p>\n<p>-\u4e0a\u5411\u304d\u306b\u78e8\u304f<\/p>\n<p>-\u30ed\u30fc\u30eb\u30c0\u30a6\u30f3<\/p>\n<p>-\u30c9\u30e9\u30a4\u30e4\u30fc\u3067\u71b1\u3092\u52a0\u3048\u3001\u9aea\u304c\u5b8c\u5168\u306b\u4e7e\u304f\u307e\u3067\u653e\u7f6e\u3059\u308b\u3002<\/p>\n<p>-\u30ed\u30fc\u30e9\u30fc\u3092\u30ab\u30fc\u30eb\u306e\u5074\u9762\u304b\u3089\u8efd\u304f\u5f15\u304d\u51fa\u3057\u3066\u53d6\u308a\u5916\u3057\u307e\u3059\u3002<\/p>\n<p>&nbsp;<\/p>\n<h3 style=\"text-align: left;\"><span style=\"color: #ee965b;\">\u5546\u54c1\u8a73\u7d30<\/span><\/h3>\n<p style=\"text-align: left;\"><strong>\u30b5\u30f3\u30d7\u30eb<\/strong>\u5728\u5eab2\u65e5\u6821\u6b63 7-10\u65e5<\/p>\n<p><strong>\u7279\u6ce8\u54c1\uff1a\u30ab\u30b9\u30bf\u30de\u30a4\u30ba<\/strong>OEM\/ODM<\/p>\n<p><strong>\u30ed\u30b4<\/strong>\u30ab\u30b9\u30bf\u30de\u30a4\u30ba\u30ed\u30b4<\/p>\n<p><strong>\u7279\u5fb4<\/strong>\u30bb\u30eb\u30d5\u30b0\u30ea\u30c3\u30d7\u30fb\u30d8\u30a2\u30ed\u30fc\u30e9\u30fc\u3067\u30ed\u30f3\u30b0\u30d8\u30a2\u306e\u30d6\u30ed\u30fc\u30fb\u30eb\u30c3\u30af<\/p>\n<p><strong>\u6e29\u5ea6<\/strong>\u30db\u30c3\u30c8<\/p>\n<p><strong>\u4f9b\u7d66\u80fd\u529b<\/strong>40K\u30d4\u30fc\u30b9\/\u30d4\u30fc\u30b9\/\u65e5<\/p>\n<p><strong>\u53d6\u5f15\u65b9\u6cd5\uff1a\u53d6\u5f15\u65b9\u6cd5<\/strong>exw\u3001fob\u3001ddp\u3001cif\u3002<\/p>\n<p><strong>\u652f\u6255\u3044<\/strong>\u30da\u30a4\u30d1\u30eb\u3001T \/ T\u3001\u30a6\u30a7\u30b9\u30bf\u30f3\u30e6\u30cb\u30aa\u30f3<\/p>\n<p><strong>\u7d0d\u671f\uff1a1\u9031\u9593<\/strong>\u5728\u5eab\u306f7\u65e5\u3002\u7279\u6ce8\u54c1\u3084\u5927\u53e3\u6ce8\u6587\u306e\u5834\u5408\u306f\u3001\u6ce8\u6587\u5185\u5bb9\u306b\u3088\u308a\u7570\u306a\u308a\u307e\u3059\u3002<\/p>\n<p><strong>\u539f\u7523\u5730\uff1a\u65e5\u672c<\/strong>\u4e2d\u56fd\u5e83\u6771\u7701\u5e83\u5dde\u5e02<\/p>\n<p><strong>\u5168\u30b5\u30a4\u30ba\uff1a<\/strong><br \/>\n17MM,20MM,22MM,24MM,28MM,32MM,36MM,<\/p>\n<p>40MM,46MM,50MM,60MM,30\u00d7105MM,<\/p>\n<p>40\u00d7105MM,50\u00d7105MM,50\u00d7120MM,<\/p>\n<p><strong>\u5305\u88c5\u306e\u8a73\u7d30<\/strong><br \/>\n80 set\/carton<br \/>\n\u30ab\u30fc\u30c8\u30f3\u30b5\u30a4\u30ba\uff1a50\u00d750\u00d754CM<br \/>\n\u6b63\u5473\u91cd\u91cfKG<br \/>\n\u7dcf\u91cd\u91cfKG<\/p>\n<p><img decoding=\"async\" class=\"alignnone wp-image-3333\" src=\"https:\/\/img.duoruimei.com\/2023\/09\/1717340115164.png\" alt=\"\" width=\"270\" height=\"318\" \/><img decoding=\"async\" class=\"alignnone wp-image-3332\" src=\"https:\/\/img.duoruimei.com\/2023\/09\/\u76d2\u5b50\u89c4\u683c-300x300.jpg\" alt=\"\" width=\"316\" height=\"316\" srcset=\"https:\/\/img.duoruimei.com\/2023\/09\/\u76d2\u5b50\u89c4\u683c-300x300.jpg 300w, https:\/\/img.duoruimei.com\/2023\/09\/\u76d2\u5b50\u89c4\u683c-100x100.jpg 100w, https:\/\/img.duoruimei.com\/2023\/09\/\u76d2\u5b50\u89c4\u683c-600x600.jpg 600w, https:\/\/img.duoruimei.com\/2023\/09\/\u76d2\u5b50\u89c4\u683c-1024x1024.jpg 1024w, https:\/\/img.duoruimei.com\/2023\/09\/\u76d2\u5b50\u89c4\u683c-150x150.jpg 150w, https:\/\/img.duoruimei.com\/2023\/09\/\u76d2\u5b50\u89c4\u683c-768x768.jpg 768w, https:\/\/img.duoruimei.com\/2023\/09\/\u76d2\u5b50\u89c4\u683c.jpg 1100w\" sizes=\"(max-width: 316px) 100vw, 316px\" \/><\/p>\n<p>&nbsp;<\/p>","protected":false},"excerpt":{"rendered":"<p>And universally compatible with most Bluetooth-enabled devices, including iOS \/ Android and etc.Manufacturers, suppliers and others provide what you see here, and we have not verified it.<\/p>","protected":false},"featured_media":3450,"comment_status":"open","ping_status":"closed","template":"","meta":{"_seopress_robots_primary_cat":"none","_seopress_titles_title":"","_seopress_titles_desc":"","_seopress_robots_index":""},"product_brand":[],"product_cat":[30],"product_tag":[135,133,137,136,134],"class_list":{"0":"post-139","1":"product","2":"type-product","3":"status-publish","4":"has-post-thumbnail","6":"product_cat-plastic-hair-roller","7":"product_tag-china-hair-clips","8":"product_tag-china-hair-roller","9":"product_tag-hair-brush","10":"product_tag-hair-comb","11":"product_tag-hair-curlers","13":"first","14":"instock","15":"shipping-taxable","16":"product-type-simple"},"_links":{"self":[{"href":"https:\/\/duoruimei.com\/ja\/wp-json\/wp\/v2\/product\/139","targetHints":{"allow":["GET"]}}],"collection":[{"href":"https:\/\/duoruimei.com\/ja\/wp-json\/wp\/v2\/product"}],"about":[{"href":"https:\/\/duoruimei.com\/ja\/wp-json\/wp\/v2\/types\/product"}],"replies":[{"embeddable":true,"href":"https:\/\/duoruimei.com\/ja\/wp-json\/wp\/v2\/comments?post=139"}],"wp:featuredmedia":[{"embeddable":true,"href":"https:\/\/duoruimei.com\/ja\/wp-json\/wp\/v2\/media\/3450"}],"wp:attachment":[{"href":"https:\/\/duoruimei.com\/ja\/wp-json\/wp\/v2\/media?parent=139"}],"wp:term":[{"taxonomy":"product_brand","embeddable":true,"href":"https:\/\/duoruimei.com\/ja\/wp-json\/wp\/v2\/product_brand?post=139"},{"taxonomy":"product_cat","embeddable":true,"href":"https:\/\/duoruimei.com\/ja\/wp-json\/wp\/v2\/product_cat?post=139"},{"taxonomy":"product_tag","embeddable":true,"href":"https:\/\/duoruimei.com\/ja\/wp-json\/wp\/v2\/product_tag?post=139"}],"curies":[{"name":"wp","href":"https:\/\/api.w.org\/{rel}","templated":true}]}}