{"id":137,"date":"2023-09-24T22:41:52","date_gmt":"2023-09-25T06:41:52","guid":{"rendered":"https:\/\/duoruimei.com\/?post_type=product&#038;p=137"},"modified":"2025-05-27T18:17:40","modified_gmt":"2025-05-28T02:17:40","slug":"foldable-cuffie-stereo-headphone","status":"publish","type":"product","link":"https:\/\/duoruimei.com\/ja\/product\/foldable-cuffie-stereo-headphone\/","title":{"rendered":"\u30d8\u30a2\u30ed\u30fc\u30e9\u30fc\u30af\u30ea\u30c3\u30d7"},"content":{"rendered":"<p>Style Your Hair with Sweetness:<br \/>\nMy Melody Bangs Curler Introducing the My Melody Bangs curler, the perfect tool for achieving cute and playful curls in your bangs. This high-quality curler features a sleek and stylish design adorned with the adorable My Melody character. With its compact size and lightweight construction, this curler is perfect for on-the-go styling and touch-ups. Add some fun to your hair styling routine with the curler. Don&#8217;t miss out on your chance to achieve perfect curls with the My Melody Bangs Curler. Shop now and add a touch of kawaii charm to your hair styling!<\/p>\n<p>&nbsp;<\/p>\n<h3><span style=\"color: #ee965b;\">\u4f7f\u7528\u65b9\u6cd5<\/span><\/h3>\n<p>\u2022Moisten your bangs with water.<\/p>\n<p>\u2022Place this product under the hair bundle and clip it with the clip.<\/p>\n<p>\u2022Wrap it around the curler. Slide this product all the way to the ends of your hair then roll it inward to the roots.<\/p>\n<p>\u2022If you do not use a hair dryer, remove the culer after your hair is dry. Slowly and carefully remove the curler in the direction of the hair with both hands. Curling effects may vary from person to person.<\/p>\n<p>\u2022If using a hair dryer, move the hair dryer back and forth at a safe distance to blow air so that the heat reaches the entire curler.<\/p>\n<p><img fetchpriority=\"high\" decoding=\"async\" class=\"alignnone wp-image-3361\" src=\"https:\/\/img.duoruimei.com\/2023\/09\/Rose-05-1-300x300.jpg\" alt=\"\" width=\"600\" height=\"600\" srcset=\"https:\/\/img.duoruimei.com\/2023\/09\/Rose-05-1-300x300.jpg 300w, https:\/\/img.duoruimei.com\/2023\/09\/Rose-05-1-100x100.jpg 100w, https:\/\/img.duoruimei.com\/2023\/09\/Rose-05-1-600x600.jpg 600w, https:\/\/img.duoruimei.com\/2023\/09\/Rose-05-1-1024x1024.jpg 1024w, https:\/\/img.duoruimei.com\/2023\/09\/Rose-05-1-150x150.jpg 150w, https:\/\/img.duoruimei.com\/2023\/09\/Rose-05-1-768x768.jpg 768w, https:\/\/img.duoruimei.com\/2023\/09\/Rose-05-1-1536x1536.jpg 1536w, https:\/\/img.duoruimei.com\/2023\/09\/Rose-05-1.jpg 1600w\" sizes=\"(max-width: 600px) 100vw, 600px\" \/><\/p>\n<h3 style=\"text-align: left;\"><span style=\"color: #ee965b;\">\u5546\u54c1\u8a73\u7d30<\/span><\/h3>\n<p style=\"text-align: left;\"><strong>\u30b5\u30f3\u30d7\u30eb<\/strong>\u5728\u5eab2\u65e5\u6821\u6b63 7-10\u65e5<\/p>\n<p><strong>\u7279\u6ce8\u54c1\uff1a\u30ab\u30b9\u30bf\u30de\u30a4\u30ba<\/strong>OEM\/ODM<\/p>\n<p><strong>\u30ed\u30b4<\/strong>\u30ab\u30b9\u30bf\u30de\u30a4\u30ba\u30ed\u30b4<\/p>\n<p><strong>\u7279\u5fb4<\/strong>\u30bb\u30eb\u30d5\u30b0\u30ea\u30c3\u30d7\u30fb\u30d8\u30a2\u30ed\u30fc\u30e9\u30fc\u3067\u30ed\u30f3\u30b0\u30d8\u30a2\u306e\u30d6\u30ed\u30fc\u30fb\u30eb\u30c3\u30af<\/p>\n<p><strong>\u6e29\u5ea6<\/strong>\u30db\u30c3\u30c8<\/p>\n<p><strong>\u4f9b\u7d66\u80fd\u529b<\/strong>40K\u30d4\u30fc\u30b9\/\u30d4\u30fc\u30b9\/\u65e5<\/p>\n<p><strong>\u53d6\u5f15\u65b9\u6cd5\uff1a\u53d6\u5f15\u65b9\u6cd5<\/strong>exw\u3001fob\u3001ddp\u3001cif\u3002<\/p>\n<p><strong>\u652f\u6255\u3044<\/strong>\u30da\u30a4\u30d1\u30eb\u3001T \/ T\u3001\u30a6\u30a7\u30b9\u30bf\u30f3\u30e6\u30cb\u30aa\u30f3<\/p>\n<p><strong>\u7d0d\u671f\uff1a1\u9031\u9593<\/strong>\u5728\u5eab\u306f7\u65e5\u3002\u7279\u6ce8\u54c1\u3084\u5927\u53e3\u6ce8\u6587\u306e\u5834\u5408\u306f\u3001\u6ce8\u6587\u5185\u5bb9\u306b\u3088\u308a\u7570\u306a\u308a\u307e\u3059\u3002<\/p>\n<p><strong>\u539f\u7523\u5730\uff1a\u65e5\u672c<\/strong>\u4e2d\u56fd\u5e83\u6771\u7701\u5e83\u5dde\u5e02<\/p>\n<p><strong>\u5168\u30b5\u30a4\u30ba\uff1a<\/strong><br \/>\n17MM,20MM,22MM,24MM,28MM,32MM,36MM,<\/p>\n<p>40MM,46MM,50MM,60MM,30\u00d7105MM,<\/p>\n<p>40\u00d7105MM,50\u00d7105MM,50\u00d7120MM,<\/p>\n<p><strong>\u5305\u88c5\u306e\u8a73\u7d30<\/strong><br \/>\n1440pcs\/carton<br \/>\n\u30ab\u30fc\u30c8\u30f3\u30b5\u30a4\u30ba\uff1a50\u00d750\u00d754CM<br \/>\n\u6b63\u5473\u91cd\u91cfKG<br \/>\n\u7dcf\u91cd\u91cfKG<\/p>\n<p><img decoding=\"async\" class=\"alignnone wp-image-3357\" src=\"https:\/\/img.duoruimei.com\/2023\/09\/8\u8272-300x300.jpg\" alt=\"\" width=\"350\" height=\"350\" srcset=\"https:\/\/img.duoruimei.com\/2023\/09\/8\u8272-300x300.jpg 300w, https:\/\/img.duoruimei.com\/2023\/09\/8\u8272-100x100.jpg 100w, https:\/\/img.duoruimei.com\/2023\/09\/8\u8272-600x600.jpg 600w, https:\/\/img.duoruimei.com\/2023\/09\/8\u8272-150x150.jpg 150w, https:\/\/img.duoruimei.com\/2023\/09\/8\u8272-768x768.jpg 768w, https:\/\/img.duoruimei.com\/2023\/09\/8\u8272.jpg 800w\" sizes=\"(max-width: 350px) 100vw, 350px\" \/><img decoding=\"async\" class=\"alignleft wp-image-3358\" src=\"https:\/\/img.duoruimei.com\/2023\/09\/20\u4e2a\u5305\u88c5-300x300.jpg\" alt=\"\" width=\"350\" height=\"350\" srcset=\"https:\/\/img.duoruimei.com\/2023\/09\/20\u4e2a\u5305\u88c5-300x300.jpg 300w, https:\/\/img.duoruimei.com\/2023\/09\/20\u4e2a\u5305\u88c5-100x100.jpg 100w, https:\/\/img.duoruimei.com\/2023\/09\/20\u4e2a\u5305\u88c5-600x600.jpg 600w, https:\/\/img.duoruimei.com\/2023\/09\/20\u4e2a\u5305\u88c5-150x150.jpg 150w, https:\/\/img.duoruimei.com\/2023\/09\/20\u4e2a\u5305\u88c5-768x768.jpg 768w, https:\/\/img.duoruimei.com\/2023\/09\/20\u4e2a\u5305\u88c5.jpg 800w\" sizes=\"(max-width: 350px) 100vw, 350px\" \/><\/p>\n<p>&nbsp;<\/p>","protected":false},"excerpt":{"rendered":"<p>Our customers are at the center of everything we do, and we want to be the most attractive partner in the eyes of our customers..<\/p>","protected":false},"featured_media":3354,"comment_status":"open","ping_status":"closed","template":"","meta":{"_seopress_robots_primary_cat":"none","_seopress_titles_title":"","_seopress_titles_desc":"","_seopress_robots_index":""},"product_brand":[],"product_cat":[16],"product_tag":[135,133,138,136,134],"class_list":{"0":"post-137","1":"product","2":"type-product","3":"status-publish","4":"has-post-thumbnail","6":"product_cat-hair-clip","7":"product_tag-china-hair-clips","8":"product_tag-china-hair-roller","9":"product_tag-hair-accessory-supplier","10":"product_tag-hair-comb","11":"product_tag-hair-curlers","13":"first","14":"instock","15":"shipping-taxable","16":"product-type-simple"},"_links":{"self":[{"href":"https:\/\/duoruimei.com\/ja\/wp-json\/wp\/v2\/product\/137","targetHints":{"allow":["GET"]}}],"collection":[{"href":"https:\/\/duoruimei.com\/ja\/wp-json\/wp\/v2\/product"}],"about":[{"href":"https:\/\/duoruimei.com\/ja\/wp-json\/wp\/v2\/types\/product"}],"replies":[{"embeddable":true,"href":"https:\/\/duoruimei.com\/ja\/wp-json\/wp\/v2\/comments?post=137"}],"wp:featuredmedia":[{"embeddable":true,"href":"https:\/\/duoruimei.com\/ja\/wp-json\/wp\/v2\/media\/3354"}],"wp:attachment":[{"href":"https:\/\/duoruimei.com\/ja\/wp-json\/wp\/v2\/media?parent=137"}],"wp:term":[{"taxonomy":"product_brand","embeddable":true,"href":"https:\/\/duoruimei.com\/ja\/wp-json\/wp\/v2\/product_brand?post=137"},{"taxonomy":"product_cat","embeddable":true,"href":"https:\/\/duoruimei.com\/ja\/wp-json\/wp\/v2\/product_cat?post=137"},{"taxonomy":"product_tag","embeddable":true,"href":"https:\/\/duoruimei.com\/ja\/wp-json\/wp\/v2\/product_tag?post=137"}],"curies":[{"name":"wp","href":"https:\/\/api.w.org\/{rel}","templated":true}]}}