{"id":7452,"date":"2025-05-18T23:50:05","date_gmt":"2025-05-19T07:50:05","guid":{"rendered":"https:\/\/duoruimei.com\/?post_type=product&#038;p=7452"},"modified":"2025-05-19T23:21:28","modified_gmt":"2025-05-20T07:21:28","slug":"brosse-a-cheveux-en-ceramique-en-poils-de-sanglier-bruns","status":"publish","type":"product","link":"https:\/\/duoruimei.com\/fr\/product\/brown-boar-bristle-ceramic-hairbrush\/","title":{"rendered":"Brosse \u00e0 cheveux en c\u00e9ramique en poils de sanglier bruns"},"content":{"rendered":"<p>- Cette brosse \u00e0 cheveux brune \u00e0 trous ronds convient \u00e0 toutes les longueurs et textures de cheveux, y compris les extensions de cheveux et les perruques.<br data-start=\"163\" data-end=\"166\" \/>- Les poils de sanglier antistatiques permettent un coiffage lisse et volumineux avec un minimum d'effort.<br data-start=\"253\" data-end=\"256\" \/>- Un choix parfait pour une utilisation professionnelle en salon - un outil essentiel pour les coiffeurs.<br data-start=\"337\" data-end=\"340\" \/>- Poign\u00e9e ergonomique antid\u00e9rapante assurant une prise en main confortable ; durable et hygi\u00e9nique, r\u00e9sistant aux produits chimiques.<br data-start=\"460\" data-end=\"463\" \/>- Les picots en nylon permettent un d\u00e9m\u00ealage doux et efficace, tandis que la disposition en quinconce \u00e9pouse la forme naturelle du cuir chevelu.<br data-start=\"579\" data-end=\"582\" \/>- Des logos personnalis\u00e9s, des dessins imprim\u00e9s ou des gravures au laser sont disponibles. Les services OEM sont enti\u00e8rement pris en charge.<\/p>\n<p><img fetchpriority=\"high\" decoding=\"async\" class=\"alignnone size-medium wp-image-7456\" src=\"https:\/\/img.duoruimei.com\/2025\/05\/Brown-boar-bristle-ceramic-hairbrush-1-300x300.webp\" alt=\"Brosse \u00e0 cheveux en c\u00e9ramique en poils de sanglier bruns\" width=\"300\" height=\"300\" srcset=\"https:\/\/img.duoruimei.com\/2025\/05\/Brown-boar-bristle-ceramic-hairbrush-1-300x300.webp 300w, https:\/\/img.duoruimei.com\/2025\/05\/Brown-boar-bristle-ceramic-hairbrush-1-150x150.webp 150w, https:\/\/img.duoruimei.com\/2025\/05\/Brown-boar-bristle-ceramic-hairbrush-1-100x100.webp 100w, https:\/\/img.duoruimei.com\/2025\/05\/Brown-boar-bristle-ceramic-hairbrush-1.webp 500w\" sizes=\"(max-width: 300px) 100vw, 300px\" \/> <img decoding=\"async\" class=\"alignnone size-medium wp-image-7455\" src=\"https:\/\/img.duoruimei.com\/2025\/05\/Brown-boar-bristle-ceramic-hairbrush-4-300x300.webp\" alt=\"Brosse \u00e0 cheveux en c\u00e9ramique en poils de sanglier bruns\" width=\"300\" height=\"300\" srcset=\"https:\/\/img.duoruimei.com\/2025\/05\/Brown-boar-bristle-ceramic-hairbrush-4-300x300.webp 300w, https:\/\/img.duoruimei.com\/2025\/05\/Brown-boar-bristle-ceramic-hairbrush-4-150x150.webp 150w, https:\/\/img.duoruimei.com\/2025\/05\/Brown-boar-bristle-ceramic-hairbrush-4-100x100.webp 100w, https:\/\/img.duoruimei.com\/2025\/05\/Brown-boar-bristle-ceramic-hairbrush-4.webp 500w\" sizes=\"(max-width: 300px) 100vw, 300px\" \/><\/p>\n<p><img decoding=\"async\" class=\"alignnone  wp-image-7472\" src=\"https:\/\/img.duoruimei.com\/2025\/05\/Custom-Ceramic-Hair-Brush-Brochure-44x300.webp\" alt=\"Brochure sur les brosses \u00e0 cheveux en c\u00e9ramique personnalis\u00e9es\" width=\"600\" height=\"4091\" srcset=\"https:\/\/img.duoruimei.com\/2025\/05\/Custom-Ceramic-Hair-Brush-Brochure-44x300.webp 44w, https:\/\/img.duoruimei.com\/2025\/05\/Custom-Ceramic-Hair-Brush-Brochure-150x1024.webp 150w, https:\/\/img.duoruimei.com\/2025\/05\/Custom-Ceramic-Hair-Brush-Brochure-768x5238.webp 768w, https:\/\/img.duoruimei.com\/2025\/05\/Custom-Ceramic-Hair-Brush-Brochure-600x4092.webp 600w\" sizes=\"(max-width: 600px) 100vw, 600px\" \/><\/p>\n<p>&nbsp;<\/p>","protected":false},"excerpt":{"rendered":"<p class=\"\" data-start=\"58\" data-end=\"238\">Brosse \u00e0 cheveux ronde professionnelle de couleur marron avec des poils de sanglier et de nylon. Con\u00e7ue pour un brushing doux, un d\u00e9m\u00ealage et un coiffage volumineux sur tous les types de cheveux. Parfaite pour les salons de coiffure ou la maison.<\/p>","protected":false},"featured_media":7455,"comment_status":"open","ping_status":"closed","template":"","meta":{"_seopress_robots_primary_cat":"none","_seopress_titles_title":"","_seopress_titles_desc":"","_seopress_robots_index":""},"product_brand":[],"product_cat":[258],"product_tag":[260,269,270,271,262],"class_list":{"0":"post-7452","1":"product","2":"type-product","3":"status-publish","4":"has-post-thumbnail","6":"product_cat-ceramic-hair-brush","7":"product_tag-boar-and-nylon-bristle-brush","8":"product_tag-brown-round-hair-brush","9":"product_tag-hair-brush-for-extensions-and-wigs","10":"product_tag-professional-vent-styling-brush","11":"product_tag-salon-blowout-brush","13":"first","14":"instock","15":"shipping-taxable","16":"product-type-simple"},"_links":{"self":[{"href":"https:\/\/duoruimei.com\/fr\/wp-json\/wp\/v2\/product\/7452","targetHints":{"allow":["GET"]}}],"collection":[{"href":"https:\/\/duoruimei.com\/fr\/wp-json\/wp\/v2\/product"}],"about":[{"href":"https:\/\/duoruimei.com\/fr\/wp-json\/wp\/v2\/types\/product"}],"replies":[{"embeddable":true,"href":"https:\/\/duoruimei.com\/fr\/wp-json\/wp\/v2\/comments?post=7452"}],"wp:featuredmedia":[{"embeddable":true,"href":"https:\/\/duoruimei.com\/fr\/wp-json\/wp\/v2\/media\/7455"}],"wp:attachment":[{"href":"https:\/\/duoruimei.com\/fr\/wp-json\/wp\/v2\/media?parent=7452"}],"wp:term":[{"taxonomy":"product_brand","embeddable":true,"href":"https:\/\/duoruimei.com\/fr\/wp-json\/wp\/v2\/product_brand?post=7452"},{"taxonomy":"product_cat","embeddable":true,"href":"https:\/\/duoruimei.com\/fr\/wp-json\/wp\/v2\/product_cat?post=7452"},{"taxonomy":"product_tag","embeddable":true,"href":"https:\/\/duoruimei.com\/fr\/wp-json\/wp\/v2\/product_tag?post=7452"}],"curies":[{"name":"wp","href":"https:\/\/api.w.org\/{rel}","templated":true}]}}