{"id":6823,"date":"2025-02-25T05:21:02","date_gmt":"2025-02-25T13:21:02","guid":{"rendered":"https:\/\/duoruimei.com\/?post_type=product&#038;p=6823"},"modified":"2025-02-25T05:21:02","modified_gmt":"2025-02-25T13:21:02","slug":"boules-de-lavage-bicolores","status":"publish","type":"product","link":"https:\/\/duoruimei.com\/fr\/product\/two-color-laundry-balls\/","title":{"rendered":"Boules de lavage bicolores"},"content":{"rendered":"<p>Fabriqu\u00e9es \u00e0 partir de mat\u00e9riaux respectueux de l'environnement, nos boules de lavage nettoient en profondeur, \u00e9liminent les taches et capturent efficacement les cheveux et les peluches. Elles r\u00e9duisent les r\u00e9sidus de d\u00e9tergent, \u00e9conomisent l'eau, emp\u00eachent l'emm\u00ealement et prot\u00e8gent les tissus. Durables et r\u00e9utilisables, elles sont id\u00e9ales pour la vente en gros. Nous offrons une personnalisation OEM pour les logos, les couleurs et l'emballage, avec un approvisionnement direct de l'usine et une livraison rapide. Ils sont parfaits pour les d\u00e9taillants et les entreprises de commerce \u00e9lectronique. Contactez-nous pour toute demande de renseignements sur la vente en gros et la personnalisation !<\/p>\n<h3 style=\"text-align: left;\"><span style=\"color: #ee965b;\">Comment l'utiliser ?<\/span><\/h3>\n<ul>\n<li><strong data-start=\"39\" data-end=\"71\">Placer dans la machine \u00e0 laver<\/strong> - Mettez 3 \u00e0 6 boules de lavage directement dans la machine \u00e0 laver avec vos v\u00eatements. Le nombre de boules d\u00e9pend de la taille de la charge.<\/li>\n<li><strong data-start=\"206\" data-end=\"232\">Ajouter le d\u00e9tergent comme d'habitude<\/strong> - Utilisez la quantit\u00e9 habituelle de d\u00e9tergent, ou r\u00e9duisez-la l\u00e9g\u00e8rement, car les billes aident \u00e0 am\u00e9liorer le nettoyage.<\/li>\n<li><strong data-start=\"336\" data-end=\"360\">D\u00e9marrer le cycle de lavage<\/strong> - Faites tourner le lave-linge comme d'habitude. Les boules de lavage se d\u00e9placeront, aidant \u00e0 \u00e9liminer la salet\u00e9, les cheveux et les peluches tout en emp\u00eachant les v\u00eatements de s'emm\u00ealer.<\/li>\n<li><strong data-start=\"517\" data-end=\"526\">R\u00e9utilisation<\/strong> - Apr\u00e8s le lavage, retirez les boules de lavage et laissez-les s\u00e9cher \u00e0 l'air libre. Elles sont durables et r\u00e9utilisables pour plusieurs lavages.<\/li>\n<\/ul>\n<h3><span style=\"color: #ee965b;\">D\u00e9tails du produit<\/span><\/h3>\n<p>Echantillons\uff1aStocks en 2 jours. \u00c9preuve 7-10 jours<\/p>\n<p>Produits personnalis\u00e9s\uff1aOEM\/ODM<\/p>\n<p>Logo\uff1aLogo personnalis\u00e9<\/p>\n<p>Caract\u00e9ristiques\uff1aElle \u00e9limine efficacement les peluches et les poils d'animaux, emp\u00eache l'enchev\u00eatrement et am\u00e9liore les performances de nettoyage.<\/p>\n<p>Capacit\u00e9 d'approvisionnement\uff1a50K Piece\/Pieces par jour<\/p>\n<p>M\u00e9thodes commerciales\uff1aEXW, FOB, DDP, CIF.<\/p>\n<p>PAYMENT\uff1aPaypal , T\/T, Western Union<\/p>\n<p>D\u00e9lai de livraison\uff1aStocks sous 7 jours. S'il s'agit d'un produit personnalis\u00e9 ou de grande taille, cela d\u00e9pend de la commande.<\/p>\n<p>Port\uff1aGuangzhou ou Shenzhen<\/p>\n<p>Lieu d'origine\uff1aGuangzhou, Guangdong, Chine<\/p>\n<p><strong>Toutes les tailles :<\/strong><\/p>\n<p>32MM,55MM<\/p>\n<p><strong>D\u00e9tails de l'emballage\uff1a<\/strong><\/p>\n<p>3000 pcs\/carton<\/p>\n<p>Taille du carton : 50\u00d750\u00d754CM<\/p>\n<p>Poids net:\/ KG<\/p>\n<p>Poids brut:\/ KG<\/p>\n<p><img fetchpriority=\"high\" decoding=\"async\" class=\"alignnone size-medium wp-image-6830\" src=\"https:\/\/img.duoruimei.com\/2025\/02\/Two-color-laundry-ball-packaging-300x300.jpg\" alt=\"\" width=\"300\" height=\"300\" srcset=\"https:\/\/img.duoruimei.com\/2025\/02\/Two-color-laundry-ball-packaging-300x300.jpg 300w, https:\/\/img.duoruimei.com\/2025\/02\/Two-color-laundry-ball-packaging-150x150.jpg 150w, https:\/\/img.duoruimei.com\/2025\/02\/Two-color-laundry-ball-packaging-100x100.jpg 100w, https:\/\/img.duoruimei.com\/2025\/02\/Two-color-laundry-ball-packaging.jpg 500w\" sizes=\"(max-width: 300px) 100vw, 300px\" \/><\/p>","protected":false},"excerpt":{"rendered":"<p>Les balles de lavage \u00e9cologiques \u00e9liminent la salet\u00e9, les cheveux et les peluches tout en emp\u00eachant l'enchev\u00eatrement. R\u00e9utilisables, \u00e9conomes en eau et personnalisables pour les grossistes et les OEM.<\/p>","protected":false},"featured_media":6828,"comment_status":"open","ping_status":"closed","template":"","meta":{"_seopress_robots_primary_cat":"","_seopress_titles_title":"","_seopress_titles_desc":"","_seopress_robots_index":""},"product_brand":[],"product_cat":[151],"product_tag":[183,184,185,181,182,180],"class_list":{"0":"post-6823","1":"product","2":"type-product","3":"status-publish","4":"has-post-thumbnail","6":"product_cat-laundry-wall","7":"product_tag-eco-friendly-laundry-balls","8":"product_tag-hair-removal-laundry-balls","9":"product_tag-laundry-balls","10":"product_tag-oem-laundry-balls","11":"product_tag-reusable-laundry-balls","12":"product_tag-wholesale-laundry-balls","14":"first","15":"instock","16":"shipping-taxable","17":"product-type-simple"},"_links":{"self":[{"href":"https:\/\/duoruimei.com\/fr\/wp-json\/wp\/v2\/product\/6823","targetHints":{"allow":["GET"]}}],"collection":[{"href":"https:\/\/duoruimei.com\/fr\/wp-json\/wp\/v2\/product"}],"about":[{"href":"https:\/\/duoruimei.com\/fr\/wp-json\/wp\/v2\/types\/product"}],"replies":[{"embeddable":true,"href":"https:\/\/duoruimei.com\/fr\/wp-json\/wp\/v2\/comments?post=6823"}],"wp:featuredmedia":[{"embeddable":true,"href":"https:\/\/duoruimei.com\/fr\/wp-json\/wp\/v2\/media\/6828"}],"wp:attachment":[{"href":"https:\/\/duoruimei.com\/fr\/wp-json\/wp\/v2\/media?parent=6823"}],"wp:term":[{"taxonomy":"product_brand","embeddable":true,"href":"https:\/\/duoruimei.com\/fr\/wp-json\/wp\/v2\/product_brand?post=6823"},{"taxonomy":"product_cat","embeddable":true,"href":"https:\/\/duoruimei.com\/fr\/wp-json\/wp\/v2\/product_cat?post=6823"},{"taxonomy":"product_tag","embeddable":true,"href":"https:\/\/duoruimei.com\/fr\/wp-json\/wp\/v2\/product_tag?post=6823"}],"curies":[{"name":"wp","href":"https:\/\/api.w.org\/{rel}","templated":true}]}}