{"id":139,"date":"2023-09-24T22:41:52","date_gmt":"2023-09-25T06:41:52","guid":{"rendered":"https:\/\/duoruimei.com\/?post_type=product&#038;p=139"},"modified":"2024-11-29T07:31:32","modified_gmt":"2024-11-29T15:31:32","slug":"bluetooth-stereo-headset-handsfree","status":"publish","type":"product","link":"https:\/\/duoruimei.com\/fr\/product\/bluetooth-stereo-headset-handsfree\/","title":{"rendered":"Rouleau \u00e0 cheveux"},"content":{"rendered":"<p>ROULEAU DE QUALITE PREMIUM : Chaque ROULEAU est fabriqu\u00e9 avec une feuille d'aluminium qui distribue la chaleur uniform\u00e9ment, d\u00e9finissant les boucles tout en les refroidissant et en fournissant un volume plus durable avec moins de chaleur.<\/p>\n<p>VOLUME DURABLE : En apportant du relief aux racines, les Velcro Curlers for volume set donnent du volume et du rebond \u00e0 vos ondulations et \u00e0 vos boucles. Ces bigoudis sont parfaits pour toutes les longueurs de cheveux.<\/p>\n<p>FACILE \u00c0 UTILISER : Il suffit d'ins\u00e9rer les rouleaux Velcro dans les cheveux presque secs, de les chauffer avec un s\u00e8che-cheveux et de les laisser refroidir avant de les retirer. La mati\u00e8re velcro auto-agrippante de chaque rouleau cr\u00e9e un maintien solide tout en \u00e9vitant de tirer et d'endommager vos m\u00e8ches.<\/p>\n<p>TAILLE COMPACTE : Emballez facilement vos bigoudis dans un sac de voyage pour cr\u00e9er des boucles ou des ondulations douces, que vous soyez en d\u00e9placement ou \u00e0 la maison. L'emballage sert de pochette r\u00e9utilisable pour faciliter le stockage et le transport \u00e0 tout moment.<\/p>\n<p><img fetchpriority=\"high\" decoding=\"async\" class=\"alignnone wp-image-3329\" src=\"https:\/\/img.duoruimei.com\/2023\/09\/\u8be6\u60c5\u98752-2-300x123.jpg\" alt=\"\" width=\"1200\" height=\"492\" srcset=\"https:\/\/img.duoruimei.com\/2023\/09\/\u8be6\u60c5\u98752-2-300x123.jpg 300w, https:\/\/img.duoruimei.com\/2023\/09\/\u8be6\u60c5\u98752-2-600x246.jpg 600w, https:\/\/img.duoruimei.com\/2023\/09\/\u8be6\u60c5\u98752-2-1024x420.jpg 1024w, https:\/\/img.duoruimei.com\/2023\/09\/\u8be6\u60c5\u98752-2-768x315.jpg 768w, https:\/\/img.duoruimei.com\/2023\/09\/\u8be6\u60c5\u98752-2.jpg 1464w\" sizes=\"(max-width: 1200px) 100vw, 1200px\" \/><\/p>\n<h3><span style=\"color: #ee965b;\">Comment l'utiliser ?<\/span><\/h3>\n<p>-S\u00e9parer les cheveux<\/p>\n<p>-Placer le rouleau \u00e0 la racine<\/p>\n<p>-Pinceau vers le haut<\/p>\n<p>-Roulez vers le bas<\/p>\n<p>-Appliquer la chaleur avec un s\u00e8che-cheveux et laisser agir jusqu'\u00e0 ce que les cheveux soient compl\u00e8tement secs.<\/p>\n<p>-Retirer le rouleau en tirant doucement sur le c\u00f4t\u00e9 de la boucle.<\/p>\n<p>&nbsp;<\/p>\n<h3 style=\"text-align: left;\"><span style=\"color: #ee965b;\">D\u00e9tails du produit<\/span><\/h3>\n<p style=\"text-align: left;\"><strong>Exemple\uff1a<\/strong>Stocks en 2 jours. \u00c9preuve 7-10 jours<\/p>\n<p><strong>Produits personnalis\u00e9s\uff1a<\/strong>OEM\/ODM<\/p>\n<p><strong>Logo\uff1a<\/strong>Logo personnalis\u00e9<\/p>\n<p><strong>Caract\u00e9ristiques\uff1a<\/strong>Rouleaux auto-agrippants pour cheveux longs \u00e0 effet brushing<\/p>\n<p><strong>Temp\u00e9rature\uff1a<\/strong>HOT<\/p>\n<p><strong>Capacit\u00e9 d'approvisionnement\uff1a<\/strong>40K Pi\u00e8ces\/Pi\u00e8ces par jour<\/p>\n<p><strong>M\u00e9thodes de n\u00e9gociation\uff1a<\/strong>EXW, FOB, DDP, CIF.<\/p>\n<p><strong>PAYMENT\uff1a<\/strong>Paypal, T\/T, Western Union<\/p>\n<p><strong>D\u00e9lai de livraison\uff1a<\/strong>Stocks sous 7 jours. S'il s'agit d'une commande personnalis\u00e9e ou importante, cela d\u00e9pend de la commande.<\/p>\n<p><strong>Lieu d'origine\uff1a<\/strong>Guangzhou, Guangdong, Chine<\/p>\n<p><strong>Toutes les tailles :<\/strong><br \/>\n17MM,20MM,22MM,24MM,28MM,32MM,36MM,<\/p>\n<p>40MM,46MM,50MM,60MM,30\u00d7105MM,<\/p>\n<p>40\u00d7105MM,50\u00d7105MM,50\u00d7120MM,<\/p>\n<p><strong>D\u00e9tails de l'emballage\uff1a<\/strong><br \/>\n80 set\/carton<br \/>\nTaille du carton : 50\u00d750\u00d754CM<br \/>\nPoids net : KG<br \/>\nPoids brut : KG<\/p>\n<p><img decoding=\"async\" class=\"alignnone wp-image-3333\" src=\"https:\/\/img.duoruimei.com\/2023\/09\/1717340115164.png\" alt=\"\" width=\"270\" height=\"318\" \/><img decoding=\"async\" class=\"alignnone wp-image-3332\" src=\"https:\/\/img.duoruimei.com\/2023\/09\/\u76d2\u5b50\u89c4\u683c-300x300.jpg\" alt=\"\" width=\"316\" height=\"316\" srcset=\"https:\/\/img.duoruimei.com\/2023\/09\/\u76d2\u5b50\u89c4\u683c-300x300.jpg 300w, https:\/\/img.duoruimei.com\/2023\/09\/\u76d2\u5b50\u89c4\u683c-100x100.jpg 100w, https:\/\/img.duoruimei.com\/2023\/09\/\u76d2\u5b50\u89c4\u683c-600x600.jpg 600w, https:\/\/img.duoruimei.com\/2023\/09\/\u76d2\u5b50\u89c4\u683c-1024x1024.jpg 1024w, https:\/\/img.duoruimei.com\/2023\/09\/\u76d2\u5b50\u89c4\u683c-150x150.jpg 150w, https:\/\/img.duoruimei.com\/2023\/09\/\u76d2\u5b50\u89c4\u683c-768x768.jpg 768w, https:\/\/img.duoruimei.com\/2023\/09\/\u76d2\u5b50\u89c4\u683c.jpg 1100w\" sizes=\"(max-width: 316px) 100vw, 316px\" \/><\/p>\n<p>&nbsp;<\/p>","protected":false},"excerpt":{"rendered":"<p>And universally compatible with most Bluetooth-enabled devices, including iOS \/ Android and etc.Manufacturers, suppliers and others provide what you see here, and we have not verified it.<\/p>","protected":false},"featured_media":3450,"comment_status":"open","ping_status":"closed","template":"","meta":{"_seopress_robots_primary_cat":"none","_seopress_titles_title":"","_seopress_titles_desc":"","_seopress_robots_index":""},"product_brand":[],"product_cat":[30],"product_tag":[135,133,137,136,134],"class_list":{"0":"post-139","1":"product","2":"type-product","3":"status-publish","4":"has-post-thumbnail","6":"product_cat-plastic-hair-roller","7":"product_tag-china-hair-clips","8":"product_tag-china-hair-roller","9":"product_tag-hair-brush","10":"product_tag-hair-comb","11":"product_tag-hair-curlers","13":"first","14":"instock","15":"shipping-taxable","16":"product-type-simple"},"_links":{"self":[{"href":"https:\/\/duoruimei.com\/fr\/wp-json\/wp\/v2\/product\/139","targetHints":{"allow":["GET"]}}],"collection":[{"href":"https:\/\/duoruimei.com\/fr\/wp-json\/wp\/v2\/product"}],"about":[{"href":"https:\/\/duoruimei.com\/fr\/wp-json\/wp\/v2\/types\/product"}],"replies":[{"embeddable":true,"href":"https:\/\/duoruimei.com\/fr\/wp-json\/wp\/v2\/comments?post=139"}],"wp:featuredmedia":[{"embeddable":true,"href":"https:\/\/duoruimei.com\/fr\/wp-json\/wp\/v2\/media\/3450"}],"wp:attachment":[{"href":"https:\/\/duoruimei.com\/fr\/wp-json\/wp\/v2\/media?parent=139"}],"wp:term":[{"taxonomy":"product_brand","embeddable":true,"href":"https:\/\/duoruimei.com\/fr\/wp-json\/wp\/v2\/product_brand?post=139"},{"taxonomy":"product_cat","embeddable":true,"href":"https:\/\/duoruimei.com\/fr\/wp-json\/wp\/v2\/product_cat?post=139"},{"taxonomy":"product_tag","embeddable":true,"href":"https:\/\/duoruimei.com\/fr\/wp-json\/wp\/v2\/product_tag?post=139"}],"curies":[{"name":"wp","href":"https:\/\/api.w.org\/{rel}","templated":true}]}}