{"id":137,"date":"2023-09-24T22:41:52","date_gmt":"2023-09-25T06:41:52","guid":{"rendered":"https:\/\/duoruimei.com\/?post_type=product&#038;p=137"},"modified":"2025-05-27T18:17:40","modified_gmt":"2025-05-28T02:17:40","slug":"casque-stereo-pliable-cuffie","status":"publish","type":"product","link":"https:\/\/duoruimei.com\/fr\/product\/foldable-cuffie-stereo-headphone\/","title":{"rendered":"Clips pour rouleaux \u00e0 cheveux"},"content":{"rendered":"<p>Coiffez vos cheveux avec douceur :<br \/>\nMy Melody Bangs Curler Voici le My Melody Bangs Curler, l'outil parfait pour r\u00e9aliser des boucles mignonnes et ludiques sur votre frange. Ce fer \u00e0 friser de haute qualit\u00e9 pr\u00e9sente un design \u00e9l\u00e9gant et styl\u00e9, orn\u00e9 de l'adorable personnage de My Melody. Avec sa taille compacte et sa construction l\u00e9g\u00e8re, ce fer \u00e0 friser est parfait pour la coiffure et les retouches en d\u00e9placement. Ajoutez un peu de fun \u00e0 votre routine de coiffure avec ce fer \u00e0 friser. Ne manquez pas votre chance d'obtenir des boucles parfaites avec le bigoudi My Melody. Achetez maintenant et ajoutez une touche de charme kawaii \u00e0 votre coiffure !<\/p>\n<p>&nbsp;<\/p>\n<h3><span style=\"color: #ee965b;\">Comment l'utiliser ?<\/span><\/h3>\n<p>-Humidifiez votre frange avec de l'eau.<\/p>\n<p>-Placer ce produit sous le faisceau de cheveux et le fixer \u00e0 l'aide de la pince.<\/p>\n<p>Enroulez-le autour du bigoudi. Faites glisser ce produit jusqu'aux pointes de vos cheveux, puis enroulez-le vers l'int\u00e9rieur jusqu'aux racines.<\/p>\n<p>Si vous n'utilisez pas de s\u00e8che-cheveux, retirez le bigoudi une fois que vos cheveux sont secs. Retirez lentement et soigneusement le bigoudi dans le sens des cheveux avec les deux mains. Les effets du bouclage peuvent varier d'une personne \u00e0 l'autre.<\/p>\n<p>Si vous utilisez un s\u00e8che-cheveux, d\u00e9placez le s\u00e8che-cheveux d'avant en arri\u00e8re \u00e0 une distance s\u00fbre pour souffler de l'air de mani\u00e8re \u00e0 ce que la chaleur atteigne l'ensemble du bigoudi.<\/p>\n<p><img fetchpriority=\"high\" decoding=\"async\" class=\"alignnone wp-image-3361\" src=\"https:\/\/img.duoruimei.com\/2023\/09\/Rose-05-1-300x300.jpg\" alt=\"\" width=\"600\" height=\"600\" srcset=\"https:\/\/img.duoruimei.com\/2023\/09\/Rose-05-1-300x300.jpg 300w, https:\/\/img.duoruimei.com\/2023\/09\/Rose-05-1-100x100.jpg 100w, https:\/\/img.duoruimei.com\/2023\/09\/Rose-05-1-600x600.jpg 600w, https:\/\/img.duoruimei.com\/2023\/09\/Rose-05-1-1024x1024.jpg 1024w, https:\/\/img.duoruimei.com\/2023\/09\/Rose-05-1-150x150.jpg 150w, https:\/\/img.duoruimei.com\/2023\/09\/Rose-05-1-768x768.jpg 768w, https:\/\/img.duoruimei.com\/2023\/09\/Rose-05-1-1536x1536.jpg 1536w, https:\/\/img.duoruimei.com\/2023\/09\/Rose-05-1.jpg 1600w\" sizes=\"(max-width: 600px) 100vw, 600px\" \/><\/p>\n<h3 style=\"text-align: left;\"><span style=\"color: #ee965b;\">D\u00e9tails du produit<\/span><\/h3>\n<p style=\"text-align: left;\"><strong>Exemple\uff1a<\/strong>Stocks en 2 jours. \u00c9preuve 7-10 jours<\/p>\n<p><strong>Produits personnalis\u00e9s\uff1a<\/strong>OEM\/ODM<\/p>\n<p><strong>Logo\uff1a<\/strong>Logo personnalis\u00e9<\/p>\n<p><strong>Caract\u00e9ristiques\uff1a<\/strong>Rouleaux auto-agrippants pour cheveux longs \u00e0 effet brushing<\/p>\n<p><strong>Temp\u00e9rature\uff1a<\/strong>HOT<\/p>\n<p><strong>Capacit\u00e9 d'approvisionnement\uff1a<\/strong>40K Pi\u00e8ces\/Pi\u00e8ces par jour<\/p>\n<p><strong>M\u00e9thodes de n\u00e9gociation\uff1a<\/strong>EXW, FOB, DDP, CIF.<\/p>\n<p><strong>PAYMENT\uff1a<\/strong>Paypal, T\/T, Western Union<\/p>\n<p><strong>D\u00e9lai de livraison\uff1a<\/strong>Stocks sous 7 jours. S'il s'agit d'une commande personnalis\u00e9e ou importante, cela d\u00e9pend de la commande.<\/p>\n<p><strong>Lieu d'origine\uff1a<\/strong>Guangzhou, Guangdong, Chine<\/p>\n<p><strong>Toutes les tailles :<\/strong><br \/>\n17MM,20MM,22MM,24MM,28MM,32MM,36MM,<\/p>\n<p>40MM,46MM,50MM,60MM,30\u00d7105MM,<\/p>\n<p>40\u00d7105MM,50\u00d7105MM,50\u00d7120MM,<\/p>\n<p><strong>D\u00e9tails de l'emballage\uff1a<\/strong><br \/>\n1440pcs\/carton<br \/>\nTaille du carton : 50\u00d750\u00d754CM<br \/>\nPoids net : KG<br \/>\nPoids brut : KG<\/p>\n<p><img decoding=\"async\" class=\"alignnone wp-image-3357\" src=\"https:\/\/img.duoruimei.com\/2023\/09\/8\u8272-300x300.jpg\" alt=\"\" width=\"350\" height=\"350\" srcset=\"https:\/\/img.duoruimei.com\/2023\/09\/8\u8272-300x300.jpg 300w, https:\/\/img.duoruimei.com\/2023\/09\/8\u8272-100x100.jpg 100w, https:\/\/img.duoruimei.com\/2023\/09\/8\u8272-600x600.jpg 600w, https:\/\/img.duoruimei.com\/2023\/09\/8\u8272-150x150.jpg 150w, https:\/\/img.duoruimei.com\/2023\/09\/8\u8272-768x768.jpg 768w, https:\/\/img.duoruimei.com\/2023\/09\/8\u8272.jpg 800w\" sizes=\"(max-width: 350px) 100vw, 350px\" \/><img decoding=\"async\" class=\"alignleft wp-image-3358\" src=\"https:\/\/img.duoruimei.com\/2023\/09\/20\u4e2a\u5305\u88c5-300x300.jpg\" alt=\"\" width=\"350\" height=\"350\" srcset=\"https:\/\/img.duoruimei.com\/2023\/09\/20\u4e2a\u5305\u88c5-300x300.jpg 300w, https:\/\/img.duoruimei.com\/2023\/09\/20\u4e2a\u5305\u88c5-100x100.jpg 100w, https:\/\/img.duoruimei.com\/2023\/09\/20\u4e2a\u5305\u88c5-600x600.jpg 600w, https:\/\/img.duoruimei.com\/2023\/09\/20\u4e2a\u5305\u88c5-150x150.jpg 150w, https:\/\/img.duoruimei.com\/2023\/09\/20\u4e2a\u5305\u88c5-768x768.jpg 768w, https:\/\/img.duoruimei.com\/2023\/09\/20\u4e2a\u5305\u88c5.jpg 800w\" sizes=\"(max-width: 350px) 100vw, 350px\" \/><\/p>\n<p>&nbsp;<\/p>","protected":false},"excerpt":{"rendered":"<p>Nos clients sont au centre de tout ce que nous faisons, et nous voulons \u00eatre le partenaire le plus attractif aux yeux de nos clients.<\/p>","protected":false},"featured_media":3354,"comment_status":"open","ping_status":"closed","template":"","meta":{"_seopress_robots_primary_cat":"none","_seopress_titles_title":"","_seopress_titles_desc":"","_seopress_robots_index":""},"product_brand":[],"product_cat":[16],"product_tag":[135,133,138,136,134],"class_list":{"0":"post-137","1":"product","2":"type-product","3":"status-publish","4":"has-post-thumbnail","6":"product_cat-hair-clip","7":"product_tag-china-hair-clips","8":"product_tag-china-hair-roller","9":"product_tag-hair-accessory-supplier","10":"product_tag-hair-comb","11":"product_tag-hair-curlers","13":"first","14":"instock","15":"shipping-taxable","16":"product-type-simple"},"_links":{"self":[{"href":"https:\/\/duoruimei.com\/fr\/wp-json\/wp\/v2\/product\/137","targetHints":{"allow":["GET"]}}],"collection":[{"href":"https:\/\/duoruimei.com\/fr\/wp-json\/wp\/v2\/product"}],"about":[{"href":"https:\/\/duoruimei.com\/fr\/wp-json\/wp\/v2\/types\/product"}],"replies":[{"embeddable":true,"href":"https:\/\/duoruimei.com\/fr\/wp-json\/wp\/v2\/comments?post=137"}],"wp:featuredmedia":[{"embeddable":true,"href":"https:\/\/duoruimei.com\/fr\/wp-json\/wp\/v2\/media\/3354"}],"wp:attachment":[{"href":"https:\/\/duoruimei.com\/fr\/wp-json\/wp\/v2\/media?parent=137"}],"wp:term":[{"taxonomy":"product_brand","embeddable":true,"href":"https:\/\/duoruimei.com\/fr\/wp-json\/wp\/v2\/product_brand?post=137"},{"taxonomy":"product_cat","embeddable":true,"href":"https:\/\/duoruimei.com\/fr\/wp-json\/wp\/v2\/product_cat?post=137"},{"taxonomy":"product_tag","embeddable":true,"href":"https:\/\/duoruimei.com\/fr\/wp-json\/wp\/v2\/product_tag?post=137"}],"curies":[{"name":"wp","href":"https:\/\/api.w.org\/{rel}","templated":true}]}}