{"id":132,"date":"2023-09-24T22:41:52","date_gmt":"2023-09-25T06:41:52","guid":{"rendered":"https:\/\/duoruimei.com\/?post_type=product&#038;p=132"},"modified":"2024-10-10T22:40:32","modified_gmt":"2024-10-11T06:40:32","slug":"portable-bluetooth-5-0-headset","status":"publish","type":"product","link":"https:\/\/duoruimei.com\/fr\/product\/portable-bluetooth-5-0-headset\/","title":{"rendered":"Rouleaux de cheveux en \u00e9ponge douce sans chaleur"},"content":{"rendered":"<p>Le b\u00e2ton de frisage sans chaleur est doux et peut friser n'importe quelle forme ondul\u00e9e. Il n'est pas n\u00e9cessaire de le chauffer ou de le brancher, son utilisation est s\u00fbre et n'est pas limit\u00e9e par des sc\u00e9narios environnementaux, il est pr\u00eat \u00e0 \u00eatre utilis\u00e9 \u00e0 tout moment. Il existe de nombreuses couleurs pour les b\u00e2tonnets \u00e0 cheveux boucl\u00e9s, et vous pouvez choisir votre couleur pr\u00e9f\u00e9r\u00e9e en fonction de vos pr\u00e9f\u00e9rences. Le b\u00e2ton pour cheveux boucl\u00e9s est livr\u00e9 avec un clip, et un seul produit peut avoir plusieurs fonctions.<\/p>\n<p><img fetchpriority=\"high\" decoding=\"async\" class=\"alignnone wp-image-3410\" src=\"https:\/\/img.duoruimei.com\/2023\/09\/\u8be6\u60c5\u98752-6-300x123.jpg\" alt=\"\" width=\"1200\" height=\"492\" srcset=\"https:\/\/img.duoruimei.com\/2023\/09\/\u8be6\u60c5\u98752-6-300x123.jpg 300w, https:\/\/img.duoruimei.com\/2023\/09\/\u8be6\u60c5\u98752-6-600x246.jpg 600w, https:\/\/img.duoruimei.com\/2023\/09\/\u8be6\u60c5\u98752-6-1024x420.jpg 1024w, https:\/\/img.duoruimei.com\/2023\/09\/\u8be6\u60c5\u98752-6-768x315.jpg 768w, https:\/\/img.duoruimei.com\/2023\/09\/\u8be6\u60c5\u98752-6.jpg 1464w\" sizes=\"(max-width: 1200px) 100vw, 1200px\" \/><\/p>\n<h3><span style=\"color: #ee965b;\">Comment l'utiliser ?<\/span><\/h3>\n<p>Prenez une petite quantit\u00e9 de cheveux semi-secs, essorez-les en tournant la t\u00eate.<\/p>\n<p>-De l'int\u00e9rieur a commenc\u00e9 dans les cheveux<\/p>\n<p>Fixez la sangle par les deux extr\u00e9mit\u00e9s, tordez-la ou pliez-la.<\/p>\n<p>-Apr\u00e8s que les rouleaux se soient bien fix\u00e9s, lorsque les cheveux sont secs, enlever les boucles.<\/p>\n<p><img decoding=\"async\" class=\"alignnone wp-image-3412\" src=\"https:\/\/img.duoruimei.com\/2023\/09\/Main-04-1-300x300.jpg\" alt=\"\" width=\"400\" height=\"400\" srcset=\"https:\/\/img.duoruimei.com\/2023\/09\/Main-04-1-300x300.jpg 300w, https:\/\/img.duoruimei.com\/2023\/09\/Main-04-1-100x100.jpg 100w, https:\/\/img.duoruimei.com\/2023\/09\/Main-04-1-600x600.jpg 600w, https:\/\/img.duoruimei.com\/2023\/09\/Main-04-1-150x150.jpg 150w, https:\/\/img.duoruimei.com\/2023\/09\/Main-04-1-768x768.jpg 768w, https:\/\/img.duoruimei.com\/2023\/09\/Main-04-1.jpg 1024w\" sizes=\"(max-width: 400px) 100vw, 400px\" \/><\/p>\n<h3 style=\"text-align: left;\"><span style=\"color: #ee965b;\">D\u00e9tails du produit<\/span><\/h3>\n<p style=\"text-align: left;\"><strong>Exemple\uff1a<\/strong>Stocks en 2 jours. \u00c9preuve 7-10 jours<\/p>\n<p><strong>Produits personnalis\u00e9s\uff1a<\/strong>OEM\/ODM<\/p>\n<p><strong>Logo\uff1a<\/strong>Logo personnalis\u00e9<\/p>\n<p><strong>Caract\u00e9ristiques\uff1a<\/strong>Un b\u00e2ton pour cheveux boucl\u00e9s \u00e0 utiliser \u00e0 la maison<\/p>\n<p><strong>Temp\u00e9rature\uff1a<\/strong><\/p>\n<p><strong>Capacit\u00e9 d'approvisionnement\uff1a<\/strong>40K Pi\u00e8ces\/Pi\u00e8ces par jour<\/p>\n<p><strong>M\u00e9thodes de n\u00e9gociation\uff1a<\/strong>EXW, FOB, DDP, CIF.<\/p>\n<p><strong>PAYMENT\uff1a<\/strong>Paypal, T\/T, Western Union<\/p>\n<p><strong>D\u00e9lai de livraison\uff1a<\/strong>Stocks sous 7 jours. S'il s'agit d'une commande personnalis\u00e9e ou importante, cela d\u00e9pend de la commande.<\/p>\n<p><strong>Port\uff1a<\/strong>Guangzhou ou Shenzhen<\/p>\n<p><strong>Lieu d'origine\uff1a<\/strong>Guangzhou, Guangdong, Chine<\/p>\n<p><strong>D\u00e9tails de l'emballage\uff1a<\/strong><br \/>\n80set\/carton<br \/>\ncarton size: 60\u00d750\u00d740CM<br \/>\nPoids net : 7 KG<br \/>\nPoids brut : 8 KG<\/p>\n<p>&nbsp;<\/p>","protected":false},"excerpt":{"rendered":"<p>Nos clients sont au centre de tout ce que nous faisons, et nous voulons \u00eatre le partenaire le plus attractif aux yeux de nos clients.<\/p>","protected":false},"featured_media":4066,"comment_status":"open","ping_status":"closed","template":"","meta":{"_seopress_robots_primary_cat":"none","_seopress_titles_title":"","_seopress_titles_desc":"","_seopress_robots_index":""},"product_brand":[],"product_cat":[44],"product_tag":[140,133,138,137,136],"class_list":{"0":"post-132","1":"product","2":"type-product","3":"status-publish","4":"has-post-thumbnail","6":"product_cat-sleeping-gilk-hair-roller","7":"product_tag-accessory-supplier","8":"product_tag-china-hair-roller","9":"product_tag-hair-accessory-supplier","10":"product_tag-hair-brush","11":"product_tag-hair-comb","13":"first","14":"instock","15":"shipping-taxable","16":"product-type-simple"},"_links":{"self":[{"href":"https:\/\/duoruimei.com\/fr\/wp-json\/wp\/v2\/product\/132","targetHints":{"allow":["GET"]}}],"collection":[{"href":"https:\/\/duoruimei.com\/fr\/wp-json\/wp\/v2\/product"}],"about":[{"href":"https:\/\/duoruimei.com\/fr\/wp-json\/wp\/v2\/types\/product"}],"replies":[{"embeddable":true,"href":"https:\/\/duoruimei.com\/fr\/wp-json\/wp\/v2\/comments?post=132"}],"wp:featuredmedia":[{"embeddable":true,"href":"https:\/\/duoruimei.com\/fr\/wp-json\/wp\/v2\/media\/4066"}],"wp:attachment":[{"href":"https:\/\/duoruimei.com\/fr\/wp-json\/wp\/v2\/media?parent=132"}],"wp:term":[{"taxonomy":"product_brand","embeddable":true,"href":"https:\/\/duoruimei.com\/fr\/wp-json\/wp\/v2\/product_brand?post=132"},{"taxonomy":"product_cat","embeddable":true,"href":"https:\/\/duoruimei.com\/fr\/wp-json\/wp\/v2\/product_cat?post=132"},{"taxonomy":"product_tag","embeddable":true,"href":"https:\/\/duoruimei.com\/fr\/wp-json\/wp\/v2\/product_tag?post=132"}],"curies":[{"name":"wp","href":"https:\/\/api.w.org\/{rel}","templated":true}]}}