{"id":131,"date":"2023-09-24T22:41:52","date_gmt":"2023-09-25T06:41:52","guid":{"rendered":"https:\/\/duoruimei.com\/?post_type=product&#038;p=131"},"modified":"2024-11-14T02:59:04","modified_gmt":"2024-11-14T10:59:04","slug":"tws-wireless-earbuds-noise-cancelling","status":"publish","type":"product","link":"https:\/\/duoruimei.com\/fr\/product\/tws-wireless-earbuds-noise-cancelling\/","title":{"rendered":"Barres \u00e0 boucler flexibles pour cheveux"},"content":{"rendered":"<p>No Damage to your Hair: These heatless hair curlers are safe to wear during sleep, and will help you achieve the curls that you desire with no heat damage to your hair.<br \/>\nEasy to Use: Effortlessly create pretty curls at home with wet or dry hair. You can sleep or go about your daily tasks while wearing them. Wet hair &amp; blowdryer yields instant curls.<\/p>\n<p><img fetchpriority=\"high\" decoding=\"async\" class=\"alignnone wp-image-3418\" src=\"https:\/\/img.duoruimei.com\/2023\/09\/\u8be6\u60c5\u98752-7-300x123.jpg\" alt=\"Barres \u00e0 boucler flexibles pour cheveux\" width=\"1200\" height=\"492\" srcset=\"https:\/\/img.duoruimei.com\/2023\/09\/\u8be6\u60c5\u98752-7-300x123.jpg 300w, https:\/\/img.duoruimei.com\/2023\/09\/\u8be6\u60c5\u98752-7-600x246.jpg 600w, https:\/\/img.duoruimei.com\/2023\/09\/\u8be6\u60c5\u98752-7-1024x420.jpg 1024w, https:\/\/img.duoruimei.com\/2023\/09\/\u8be6\u60c5\u98752-7-768x315.jpg 768w, https:\/\/img.duoruimei.com\/2023\/09\/\u8be6\u60c5\u98752-7.jpg 1464w\" sizes=\"(max-width: 1200px) 100vw, 1200px\" \/><\/p>\n<h3><span style=\"color: #ee965b;\">Comment l'utiliser ?<\/span><\/h3>\n<p>\u2022COMB<\/p>\n<p>\u2022WRAP<\/p>\n<p>\u2022TWIST<\/p>\n<p>\u2022UNROLL<\/p>\n<p><img decoding=\"async\" class=\"alignnone wp-image-3457 size-medium\" src=\"https:\/\/duoruimei.com\/wp-content\/uploads\/2023\/09\/\u5f39\u529b\u53d1\u67605-300x300.jpg\" alt=\"roller hair\" width=\"300\" height=\"300\" srcset=\"https:\/\/duoruimei.com\/wp-content\/uploads\/2023\/09\/\u5f39\u529b\u53d1\u67605-300x300.jpg 300w, https:\/\/duoruimei.com\/wp-content\/uploads\/2023\/09\/\u5f39\u529b\u53d1\u67605-100x100.jpg 100w, https:\/\/duoruimei.com\/wp-content\/uploads\/2023\/09\/\u5f39\u529b\u53d1\u67605-600x600.jpg 600w, https:\/\/duoruimei.com\/wp-content\/uploads\/2023\/09\/\u5f39\u529b\u53d1\u67605-150x150.jpg 150w, https:\/\/duoruimei.com\/wp-content\/uploads\/2023\/09\/\u5f39\u529b\u53d1\u67605-768x768.jpg 768w, https:\/\/duoruimei.com\/wp-content\/uploads\/2023\/09\/\u5f39\u529b\u53d1\u67605.jpg 800w\" sizes=\"(max-width: 300px) 100vw, 300px\" \/> <img decoding=\"async\" class=\"alignnone wp-image-3458 size-medium\" src=\"https:\/\/img.duoruimei.com\/2023\/09\/\u5e95\u56fe-300x300.jpg\" alt=\" rouleaux \u00e0 cheveux \" width=\"300\" height=\"300\" srcset=\"https:\/\/img.duoruimei.com\/2023\/09\/\u5e95\u56fe-300x300.jpg 300w, https:\/\/img.duoruimei.com\/2023\/09\/\u5e95\u56fe-100x100.jpg 100w, https:\/\/img.duoruimei.com\/2023\/09\/\u5e95\u56fe-600x600.jpg 600w, https:\/\/img.duoruimei.com\/2023\/09\/\u5e95\u56fe-150x150.jpg 150w, https:\/\/img.duoruimei.com\/2023\/09\/\u5e95\u56fe-768x768.jpg 768w, https:\/\/img.duoruimei.com\/2023\/09\/\u5e95\u56fe.jpg 800w\" sizes=\"(max-width: 300px) 100vw, 300px\" \/><\/p>\n<h3 style=\"text-align: left;\"><span style=\"color: #ee965b;\">D\u00e9tails du produit<\/span><\/h3>\n<p style=\"text-align: left;\"><strong>Exemple\uff1a<\/strong>Stocks en 2 jours. \u00c9preuve 7-10 jours<\/p>\n<p><strong>Produits personnalis\u00e9s\uff1a<\/strong>OEM\/ODM<\/p>\n<p><strong>Logo\uff1a<\/strong>Logo personnalis\u00e9<\/p>\n<p><strong>Caract\u00e9ristiques\uff1a<\/strong>Un b\u00e2ton pour cheveux boucl\u00e9s \u00e0 utiliser \u00e0 la maison<\/p>\n<p><strong>Temp\u00e9rature\uff1a<\/strong><\/p>\n<p><strong>Capacit\u00e9 d'approvisionnement\uff1a<\/strong>40K Pi\u00e8ces\/Pi\u00e8ces par jour<\/p>\n<p><strong>M\u00e9thodes de n\u00e9gociation\uff1a<\/strong>EXW, FOB, DDP, CIF.<\/p>\n<p><strong>PAYMENT\uff1a<\/strong>Paypal, T\/T, Western Union<\/p>\n<p><strong>D\u00e9lai de livraison\uff1a<\/strong>Stocks sous 7 jours. S'il s'agit d'une commande personnalis\u00e9e ou importante, cela d\u00e9pend de la commande.<\/p>\n<p><strong>Port\uff1a<\/strong>Guangzhou ou Shenzhen<\/p>\n<p><strong>Lieu d'origine\uff1a<\/strong>Guangzhou, Guangdong, Chine<\/p>\n<p><strong>D\u00e9tails de l'emballage\uff1a<\/strong><br \/>\n18 bag\/carton<br \/>\ncarton size: 47\u00d742\u00d748CM<br \/>\nNet weight: 9 KG<br \/>\nGross weight: 10 KG<\/p>\n<p><img loading=\"lazy\" decoding=\"async\" class=\"alignnone wp-image-3453 size-medium\" src=\"https:\/\/img.duoruimei.com\/2023\/09\/\u5f39\u529b\u53d1\u67601-1-300x300.jpg\" alt=\"rouleau pour les cheveux\" width=\"300\" height=\"300\" srcset=\"https:\/\/img.duoruimei.com\/2023\/09\/\u5f39\u529b\u53d1\u67601-1-300x300.jpg 300w, https:\/\/img.duoruimei.com\/2023\/09\/\u5f39\u529b\u53d1\u67601-1-100x100.jpg 100w, https:\/\/img.duoruimei.com\/2023\/09\/\u5f39\u529b\u53d1\u67601-1-600x600.jpg 600w, https:\/\/img.duoruimei.com\/2023\/09\/\u5f39\u529b\u53d1\u67601-1-150x150.jpg 150w, https:\/\/img.duoruimei.com\/2023\/09\/\u5f39\u529b\u53d1\u67601-1-768x768.jpg 768w, https:\/\/img.duoruimei.com\/2023\/09\/\u5f39\u529b\u53d1\u67601-1.jpg 800w\" sizes=\"(max-width: 300px) 100vw, 300px\" \/><\/p>","protected":false},"excerpt":{"rendered":"<p>Nos clients sont au centre de tout ce que nous faisons, et nous voulons \u00eatre le partenaire le plus attractif aux yeux de nos clients.<\/p>","protected":false},"featured_media":3453,"comment_status":"open","ping_status":"closed","template":"","meta":{"_seopress_robots_primary_cat":"none","_seopress_titles_title":"","_seopress_titles_desc":"","_seopress_robots_index":""},"product_brand":[],"product_cat":[44],"product_tag":[135,133,137,136,134],"class_list":{"0":"post-131","1":"product","2":"type-product","3":"status-publish","4":"has-post-thumbnail","6":"product_cat-sleeping-gilk-hair-roller","7":"product_tag-china-hair-clips","8":"product_tag-china-hair-roller","9":"product_tag-hair-brush","10":"product_tag-hair-comb","11":"product_tag-hair-curlers","13":"first","14":"instock","15":"shipping-taxable","16":"product-type-simple"},"_links":{"self":[{"href":"https:\/\/duoruimei.com\/fr\/wp-json\/wp\/v2\/product\/131","targetHints":{"allow":["GET"]}}],"collection":[{"href":"https:\/\/duoruimei.com\/fr\/wp-json\/wp\/v2\/product"}],"about":[{"href":"https:\/\/duoruimei.com\/fr\/wp-json\/wp\/v2\/types\/product"}],"replies":[{"embeddable":true,"href":"https:\/\/duoruimei.com\/fr\/wp-json\/wp\/v2\/comments?post=131"}],"wp:featuredmedia":[{"embeddable":true,"href":"https:\/\/duoruimei.com\/fr\/wp-json\/wp\/v2\/media\/3453"}],"wp:attachment":[{"href":"https:\/\/duoruimei.com\/fr\/wp-json\/wp\/v2\/media?parent=131"}],"wp:term":[{"taxonomy":"product_brand","embeddable":true,"href":"https:\/\/duoruimei.com\/fr\/wp-json\/wp\/v2\/product_brand?post=131"},{"taxonomy":"product_cat","embeddable":true,"href":"https:\/\/duoruimei.com\/fr\/wp-json\/wp\/v2\/product_cat?post=131"},{"taxonomy":"product_tag","embeddable":true,"href":"https:\/\/duoruimei.com\/fr\/wp-json\/wp\/v2\/product_tag?post=131"}],"curies":[{"name":"wp","href":"https:\/\/api.w.org\/{rel}","templated":true}]}}