{"id":125,"date":"2023-09-24T22:38:24","date_gmt":"2023-09-25T06:38:24","guid":{"rendered":"https:\/\/duoruimei.com\/?post_type=product&#038;p=125"},"modified":"2024-11-14T02:52:51","modified_gmt":"2024-11-14T10:52:51","slug":"wireless-stereo-headphone","status":"publish","type":"product","link":"https:\/\/duoruimei.com\/fr\/product\/wireless-stereo-headphone\/","title":{"rendered":"Rouleaux de cheveux en \u00e9ponge douce sans chaleur"},"content":{"rendered":"<p>Pillow hair rollers &#8211; Soft sponge hair rollers special for sleep in. foam rollers save your big money and time for salon easy to use. just spray some hair spray on dry hair before you start. curly hair wave\u3001water hair wave\u3001body or beach hair wave \u3001loose wave small or bigger styling kits, most of salon hair style you can do at home by yourself.<br \/>\nOvernight girl hair rollers &#8211; night time rollers for hair with no indentation marks leave. night hair rollers for long\u3001medium size hair. sleep in hair rollers make you can sleep all night.<br \/>\nNo heat sleeping hair rollers &#8211; Satin covered hair rollers made in flexible foam sponge protect hair without any damage. high elasticity dacron pull and fold arbitrarily.<br \/>\nTravel rag rollers for hair &#8211; When and any where always easy to use without any hair clip and suit for all hair type.<\/p>\n<h3><span style=\"color: #ee965b;\">Comment l'utiliser ?<\/span><\/h3>\n<p>Prenez une petite quantit\u00e9 de cheveux semi-secs, essorez-les en tournant la t\u00eate.<\/p>\n<p>-De l'int\u00e9rieur a commenc\u00e9 dans les cheveux<\/p>\n<p>Fixez la sangle par les deux extr\u00e9mit\u00e9s, tordez-la ou pliez-la.<\/p>\n<p>-Apr\u00e8s que les rouleaux se soient bien fix\u00e9s, lorsque les cheveux sont secs, enlever les boucles.<\/p>\n<p><img fetchpriority=\"high\" decoding=\"async\" class=\"alignnone wp-image-3427 size-medium\" src=\"https:\/\/img.duoruimei.com\/2023\/09\/\u8be6\u60c5-04-300x300.jpg\" alt=\"rouleau \u00e0 cheveux\" width=\"300\" height=\"300\" srcset=\"https:\/\/img.duoruimei.com\/2023\/09\/\u8be6\u60c5-04-300x300.jpg 300w, https:\/\/img.duoruimei.com\/2023\/09\/\u8be6\u60c5-04-100x100.jpg 100w, https:\/\/img.duoruimei.com\/2023\/09\/\u8be6\u60c5-04-600x600.jpg 600w, https:\/\/img.duoruimei.com\/2023\/09\/\u8be6\u60c5-04-1024x1024.jpg 1024w, https:\/\/img.duoruimei.com\/2023\/09\/\u8be6\u60c5-04-150x150.jpg 150w, https:\/\/img.duoruimei.com\/2023\/09\/\u8be6\u60c5-04-768x768.jpg 768w, https:\/\/img.duoruimei.com\/2023\/09\/\u8be6\u60c5-04.jpg 1500w\" sizes=\"(max-width: 300px) 100vw, 300px\" \/> <img decoding=\"async\" class=\"alignnone wp-image-3428 size-medium\" src=\"https:\/\/img.duoruimei.com\/2023\/09\/\u8be6\u60c5-07-1-300x300.jpg\" alt=\"rouleaux \u00e0 cheveux\" width=\"300\" height=\"300\" srcset=\"https:\/\/img.duoruimei.com\/2023\/09\/\u8be6\u60c5-07-1-300x300.jpg 300w, https:\/\/img.duoruimei.com\/2023\/09\/\u8be6\u60c5-07-1-100x100.jpg 100w, https:\/\/img.duoruimei.com\/2023\/09\/\u8be6\u60c5-07-1-600x600.jpg 600w, https:\/\/img.duoruimei.com\/2023\/09\/\u8be6\u60c5-07-1-1024x1024.jpg 1024w, https:\/\/img.duoruimei.com\/2023\/09\/\u8be6\u60c5-07-1-150x150.jpg 150w, https:\/\/img.duoruimei.com\/2023\/09\/\u8be6\u60c5-07-1-768x768.jpg 768w, https:\/\/img.duoruimei.com\/2023\/09\/\u8be6\u60c5-07-1.jpg 1500w\" sizes=\"(max-width: 300px) 100vw, 300px\" \/><\/p>\n<h3 style=\"text-align: left;\"><span style=\"color: #ee965b;\">D\u00e9tails du produit<\/span><\/h3>\n<p style=\"text-align: left;\"><strong>Exemple\uff1a<\/strong>Stocks en 2 jours. \u00c9preuve 7-10 jours<\/p>\n<p><strong>Produits personnalis\u00e9s\uff1a<\/strong>OEM\/ODM<\/p>\n<p><strong>Logo\uff1a<\/strong>Logo personnalis\u00e9<\/p>\n<p><strong>Caract\u00e9ristiques\uff1a<\/strong>Un b\u00e2ton pour cheveux boucl\u00e9s \u00e0 utiliser \u00e0 la maison<\/p>\n<p><strong>Temp\u00e9rature\uff1a<\/strong><\/p>\n<p><strong>Capacit\u00e9 d'approvisionnement\uff1a<\/strong>40K Pi\u00e8ces\/Pi\u00e8ces par jour<\/p>\n<p><strong>M\u00e9thodes de n\u00e9gociation\uff1a<\/strong>EXW, FOB, DDP, CIF.<\/p>\n<p><strong>PAYMENT\uff1a<\/strong>Paypal, T\/T, Western Union<\/p>\n<p><strong>D\u00e9lai de livraison\uff1a<\/strong>Stocks sous 7 jours. S'il s'agit d'une commande personnalis\u00e9e ou importante, cela d\u00e9pend de la commande.<\/p>\n<p><strong>Port\uff1a<\/strong>Guangzhou ou Shenzhen<\/p>\n<p><strong>Lieu d'origine\uff1a<\/strong>Guangzhou, Guangdong, Chine<\/p>\n<p><strong>D\u00e9tails de l'emballage\uff1a<\/strong><br \/>\n1000pcs\/carton<br \/>\nTaille du carton : 55\u00d741\u00d739CM<br \/>\nNet weight: 6 KG<br \/>\nGross weight: 7 KG<\/p>\n<p><img decoding=\"async\" class=\"alignnone wp-image-3429\" src=\"https:\/\/img.duoruimei.com\/2023\/09\/Main-06-300x300.jpg\" alt=\"roller hair\" width=\"400\" height=\"400\" srcset=\"https:\/\/img.duoruimei.com\/2023\/09\/Main-06-300x300.jpg 300w, https:\/\/img.duoruimei.com\/2023\/09\/Main-06-100x100.jpg 100w, https:\/\/img.duoruimei.com\/2023\/09\/Main-06-600x600.jpg 600w, https:\/\/img.duoruimei.com\/2023\/09\/Main-06-150x150.jpg 150w, https:\/\/img.duoruimei.com\/2023\/09\/Main-06-768x768.jpg 768w, https:\/\/img.duoruimei.com\/2023\/09\/Main-06.jpg 1000w\" sizes=\"(max-width: 400px) 100vw, 400px\" \/><\/p>\n<p>&nbsp;<\/p>","protected":false},"excerpt":{"rendered":"<p>Nos clients sont au centre de tout ce que nous faisons, et nous voulons \u00eatre le partenaire le plus attractif aux yeux de nos clients.<\/p>","protected":false},"featured_media":3430,"comment_status":"open","ping_status":"closed","template":"","meta":{"_seopress_robots_primary_cat":"none","_seopress_titles_title":"","_seopress_titles_desc":"","_seopress_robots_index":""},"product_brand":[],"product_cat":[44],"product_tag":[133,136,134],"class_list":{"0":"post-125","1":"product","2":"type-product","3":"status-publish","4":"has-post-thumbnail","6":"product_cat-sleeping-gilk-hair-roller","7":"product_tag-china-hair-roller","8":"product_tag-hair-comb","9":"product_tag-hair-curlers","11":"first","12":"instock","13":"shipping-taxable","14":"product-type-simple"},"_links":{"self":[{"href":"https:\/\/duoruimei.com\/fr\/wp-json\/wp\/v2\/product\/125","targetHints":{"allow":["GET"]}}],"collection":[{"href":"https:\/\/duoruimei.com\/fr\/wp-json\/wp\/v2\/product"}],"about":[{"href":"https:\/\/duoruimei.com\/fr\/wp-json\/wp\/v2\/types\/product"}],"replies":[{"embeddable":true,"href":"https:\/\/duoruimei.com\/fr\/wp-json\/wp\/v2\/comments?post=125"}],"wp:featuredmedia":[{"embeddable":true,"href":"https:\/\/duoruimei.com\/fr\/wp-json\/wp\/v2\/media\/3430"}],"wp:attachment":[{"href":"https:\/\/duoruimei.com\/fr\/wp-json\/wp\/v2\/media?parent=125"}],"wp:term":[{"taxonomy":"product_brand","embeddable":true,"href":"https:\/\/duoruimei.com\/fr\/wp-json\/wp\/v2\/product_brand?post=125"},{"taxonomy":"product_cat","embeddable":true,"href":"https:\/\/duoruimei.com\/fr\/wp-json\/wp\/v2\/product_cat?post=125"},{"taxonomy":"product_tag","embeddable":true,"href":"https:\/\/duoruimei.com\/fr\/wp-json\/wp\/v2\/product_tag?post=125"}],"curies":[{"name":"wp","href":"https:\/\/api.w.org\/{rel}","templated":true}]}}